{"id":141622,"date":"2025-02-28T21:34:50","date_gmt":"2025-02-28T19:34:50","guid":{"rendered":"https:\/\/exlibris.ee\/toode\/mittelpunkt-b2-lehrbuch\/"},"modified":"2026-04-10T23:27:47","modified_gmt":"2026-04-10T20:27:47","slug":"mittelpunkt-b2-lehrbuch","status":"publish","type":"product","link":"https:\/\/exlibris.ee\/ru\/produkt\/mittelpunkt-b2-lehrbuch\/","title":{"rendered":"Mittelpunkt B2: Lehrbuch"},"content":{"rendered":"<p>Die zw\u00f6lf Lektionen von Mittelpunkt widmen sich je einem Thema, das abwechslungs- und facettenreich dargeboten wird.<\/p>\n<p>Jede Doppelseite bildet eine in sich geschlossene Lerneinheit, in der eine oder mehrere aufeinander bezogene Kannbeschreibungen die Grundlage f\u00fcr vielf\u00e4ltige Aufgaben und das entsprechende Fertigkeitstraining bilden.<\/p>\n<p>Diese \u00fcbersichtliche Portionierung der Lernsequenzen f\u00f6rdert die Motivation der Lerner und erleichtert die Unterrichtsplanung der Lehrkr\u00e4fte.<\/p>\n<p>Eine Referenzgrammatik zum Nachschlagen rundet das Lehrwerk ab.<\/p>\n","protected":false},"excerpt":{"rendered":"<p>Die zw\u00f6lf Lektionen von Mittelpunkt widmen sich je einem Thema, das abwechslungs- und facettenreich dargeboten wird. Jede Doppelseite bildet eine in sich geschlossene Lerneinheit, in der eine oder mehrere aufeinander bezogene Kannbeschreibungen die Grundlage f\u00fcr vielf\u00e4ltige Aufgaben und das entsprechende&#8230;<\/p>\n","protected":false},"featured_media":141539,"template":"","meta":{"_acf_changed":false,"inline_featured_image":false},"product_brand":[],"product_cat":[1121],"product_tag":[],"series":[{"id":1451,"name":"Mittelpunkt","slug":"mittelpunkt"}],"publisher":[{"id":473,"name":"Klett Verlag","slug":"klett-verlag"}],"class_list":{"0":"post-141622","1":"product","2":"type-product","3":"status-publish","4":"has-post-thumbnail","6":"product_cat-lehrwerke-fur-jugendliche-und-erwachsene","7":"series-mittelpunkt","8":"publisher-klett-verlag","10":"first","11":"instock","12":"taxable","13":"shipping-taxable","14":"purchasable","15":"product-type-simple"},"acf":[],"_links":{"self":[{"href":"https:\/\/exlibris.ee\/ru\/wp-json\/wp\/v2\/product\/141622","targetHints":{"allow":["GET"]}}],"collection":[{"href":"https:\/\/exlibris.ee\/ru\/wp-json\/wp\/v2\/product"}],"about":[{"href":"https:\/\/exlibris.ee\/ru\/wp-json\/wp\/v2\/types\/product"}],"wp:featuredmedia":[{"embeddable":true,"href":"https:\/\/exlibris.ee\/ru\/wp-json\/wp\/v2\/media\/141539"}],"wp:attachment":[{"href":"https:\/\/exlibris.ee\/ru\/wp-json\/wp\/v2\/media?parent=141622"}],"wp:term":[{"taxonomy":"product_brand","embeddable":true,"href":"https:\/\/exlibris.ee\/ru\/wp-json\/wp\/v2\/product_brand?post=141622"},{"taxonomy":"product_cat","embeddable":true,"href":"https:\/\/exlibris.ee\/ru\/wp-json\/wp\/v2\/product_cat?post=141622"},{"taxonomy":"product_tag","embeddable":true,"href":"https:\/\/exlibris.ee\/ru\/wp-json\/wp\/v2\/product_tag?post=141622"},{"taxonomy":"series","embeddable":true,"href":"https:\/\/exlibris.ee\/ru\/wp-json\/wp\/v2\/series?post=141622"},{"taxonomy":"publisher","embeddable":true,"href":"https:\/\/exlibris.ee\/ru\/wp-json\/wp\/v2\/publisher?post=141622"}],"curies":[{"name":"wp","href":"https:\/\/api.w.org\/{rel}","templated":true}]}}