{"id":141629,"date":"2025-02-28T21:34:52","date_gmt":"2025-02-28T19:34:52","guid":{"rendered":"https:\/\/exlibris.ee\/toode\/mittelpunkt-b2c1-redemittelsammlung\/"},"modified":"2026-04-13T05:24:22","modified_gmt":"2026-04-13T02:24:22","slug":"mittelpunkt-b2c1-redemittelsammlung","status":"publish","type":"product","link":"https:\/\/exlibris.ee\/ru\/produkt\/mittelpunkt-b2c1-redemittelsammlung\/","title":{"rendered":"Mittelpunkt B2+C1: Redemittelsammlung"},"content":{"rendered":"<p>Das \u00fcbersichtliche Nachschlagewerk f\u00fcr verschiedene Rede- und Schreibanl\u00e4sse<\/p>\n<p>Enth\u00e4lt die Redemittel aus Mittelpunkt B2 und C1 thematisch nach Rede- bzw. Schreibanl\u00e4ssen sortiert<br \/>\nUnerl\u00e4ssliches Hilfsmittel z. B. f\u00fcr Diskussionen und Pr\u00e4sentationen oder zur Beschreibung von Grafiken und Zusammenfassungen von Texten<br \/>\nMit \u00fcbersichtlichem Inhaltsverzeichnis<br \/>\nAuch unabh\u00e4ngig von Mittelpunkt einsetzbar.<\/p>\n","protected":false},"excerpt":{"rendered":"<p>Das \u00fcbersichtliche Nachschlagewerk f\u00fcr verschiedene Rede- und Schreibanl\u00e4sse Enth\u00e4lt die Redemittel aus Mittelpunkt B2 und C1 thematisch nach Rede- bzw. Schreibanl\u00e4ssen sortiert Unerl\u00e4ssliches Hilfsmittel z. B. f\u00fcr Diskussionen und Pr\u00e4sentationen oder zur Beschreibung von Grafiken und Zusammenfassungen von Texten Mit&#8230;<\/p>\n","protected":false},"featured_media":141560,"template":"","meta":{"_acf_changed":false,"inline_featured_image":false},"product_brand":[],"product_cat":[1121],"product_tag":[],"series":[{"id":1451,"name":"Mittelpunkt","slug":"mittelpunkt"}],"publisher":[{"id":473,"name":"Klett Verlag","slug":"klett-verlag"}],"class_list":{"0":"post-141629","1":"product","2":"type-product","3":"status-publish","4":"has-post-thumbnail","6":"product_cat-lehrwerke-fur-jugendliche-und-erwachsene","7":"series-mittelpunkt","8":"publisher-klett-verlag","10":"first","11":"instock","12":"taxable","13":"shipping-taxable","14":"purchasable","15":"product-type-simple"},"acf":[],"_links":{"self":[{"href":"https:\/\/exlibris.ee\/ru\/wp-json\/wp\/v2\/product\/141629","targetHints":{"allow":["GET"]}}],"collection":[{"href":"https:\/\/exlibris.ee\/ru\/wp-json\/wp\/v2\/product"}],"about":[{"href":"https:\/\/exlibris.ee\/ru\/wp-json\/wp\/v2\/types\/product"}],"wp:featuredmedia":[{"embeddable":true,"href":"https:\/\/exlibris.ee\/ru\/wp-json\/wp\/v2\/media\/141560"}],"wp:attachment":[{"href":"https:\/\/exlibris.ee\/ru\/wp-json\/wp\/v2\/media?parent=141629"}],"wp:term":[{"taxonomy":"product_brand","embeddable":true,"href":"https:\/\/exlibris.ee\/ru\/wp-json\/wp\/v2\/product_brand?post=141629"},{"taxonomy":"product_cat","embeddable":true,"href":"https:\/\/exlibris.ee\/ru\/wp-json\/wp\/v2\/product_cat?post=141629"},{"taxonomy":"product_tag","embeddable":true,"href":"https:\/\/exlibris.ee\/ru\/wp-json\/wp\/v2\/product_tag?post=141629"},{"taxonomy":"series","embeddable":true,"href":"https:\/\/exlibris.ee\/ru\/wp-json\/wp\/v2\/series?post=141629"},{"taxonomy":"publisher","embeddable":true,"href":"https:\/\/exlibris.ee\/ru\/wp-json\/wp\/v2\/publisher?post=141629"}],"curies":[{"name":"wp","href":"https:\/\/api.w.org\/{rel}","templated":true}]}}