{"id":141631,"date":"2025-02-28T21:34:52","date_gmt":"2025-02-28T19:34:52","guid":{"rendered":"https:\/\/exlibris.ee\/toode\/mittelpunkt-c1-1-lehr-und-arbeitsbuch-arbeitsbuch-cd-lektion-1-6\/"},"modified":"2026-04-04T03:13:53","modified_gmt":"2026-04-04T00:13:53","slug":"mittelpunkt-c1-1-lehr-und-arbeitsbuch-arbeitsbuch-cd-lektion-1-6","status":"publish","type":"product","link":"https:\/\/exlibris.ee\/ru\/produkt\/mittelpunkt-c1-1-lehr-und-arbeitsbuch-arbeitsbuch-cd-lektion-1-6\/","title":{"rendered":"Mittelpunkt C1.1: Lehr- und Arbeitsbuch + Arbeitsbuch-CD, Lektion 1 &#8212; 6"},"content":{"rendered":"<p>Die sechs Lektionen dieses Teilbandes von Mittelpunkt C1 widmen sich je einem Thema, das abwechslungs- und facettenreich dargeboten wird.<\/p>\n<p>Jede Doppelseite bildet eine in sich geschlossene Lerneinheit, in der eine oder mehrere aufeinander bezogene Kannbeschreibungen die Grundlage f\u00fcr vielf\u00e4ltige Aufgaben und das entsprechende Fertigkeitstraining bilden.<\/p>\n<p>Diese \u00fcbersichtliche Portionierung der Lernsequenzen f\u00f6rdert die Motivation der Lerner und erleichtert die Unterrichtsplanung der Lehrkr\u00e4fte.<\/p>\n<p>Eine Referenzgrammatik zum Nachschlagen rundet das Lehrwerk ab.<\/p>\n<p>Die \u00dcbungen des Arbeitsbuchteils erm\u00f6glichen ein weiteres Trainieren der jeweiligen Kompetenz und dienen der Erweiterung des Wortschatzes und der Ein\u00fcbung von Strukturen.<\/p>\n<p>Ein Grammatik\u00fcberblick am Ende jeder Arbeitsbuch-Lektion dient zudem der schnellen Konsultation und hilft so beim L\u00f6sen der \u00dcbungen.<\/p>\n<p>Ein dem fortgeschrittenen Niveau angemessenes, f\u00fcr die Kommunikation relevantes Aussprachetraining rundet das \u00dcbungsprogramm ab.<\/p>\n<p>Die eingelegte Audio-CD enth\u00e4lt die Phonetik-\u00dcbungen zu jeder Lektion.<\/p>\n","protected":false},"excerpt":{"rendered":"<p>Die sechs Lektionen dieses Teilbandes von Mittelpunkt C1 widmen sich je einem Thema, das abwechslungs- und facettenreich dargeboten wird. Jede Doppelseite bildet eine in sich geschlossene Lerneinheit, in der eine oder mehrere aufeinander bezogene Kannbeschreibungen die Grundlage f\u00fcr vielf\u00e4ltige Aufgaben&#8230;<\/p>\n","protected":false},"featured_media":141566,"template":"","meta":{"_acf_changed":false,"inline_featured_image":false},"product_brand":[],"product_cat":[1121],"product_tag":[],"series":[{"id":1451,"name":"Mittelpunkt","slug":"mittelpunkt"}],"publisher":[{"id":473,"name":"Klett Verlag","slug":"klett-verlag"}],"class_list":{"0":"post-141631","1":"product","2":"type-product","3":"status-publish","4":"has-post-thumbnail","6":"product_cat-lehrwerke-fur-jugendliche-und-erwachsene","7":"series-mittelpunkt","8":"publisher-klett-verlag","10":"first","11":"instock","12":"taxable","13":"shipping-taxable","14":"purchasable","15":"product-type-simple"},"acf":[],"_links":{"self":[{"href":"https:\/\/exlibris.ee\/ru\/wp-json\/wp\/v2\/product\/141631","targetHints":{"allow":["GET"]}}],"collection":[{"href":"https:\/\/exlibris.ee\/ru\/wp-json\/wp\/v2\/product"}],"about":[{"href":"https:\/\/exlibris.ee\/ru\/wp-json\/wp\/v2\/types\/product"}],"wp:featuredmedia":[{"embeddable":true,"href":"https:\/\/exlibris.ee\/ru\/wp-json\/wp\/v2\/media\/141566"}],"wp:attachment":[{"href":"https:\/\/exlibris.ee\/ru\/wp-json\/wp\/v2\/media?parent=141631"}],"wp:term":[{"taxonomy":"product_brand","embeddable":true,"href":"https:\/\/exlibris.ee\/ru\/wp-json\/wp\/v2\/product_brand?post=141631"},{"taxonomy":"product_cat","embeddable":true,"href":"https:\/\/exlibris.ee\/ru\/wp-json\/wp\/v2\/product_cat?post=141631"},{"taxonomy":"product_tag","embeddable":true,"href":"https:\/\/exlibris.ee\/ru\/wp-json\/wp\/v2\/product_tag?post=141631"},{"taxonomy":"series","embeddable":true,"href":"https:\/\/exlibris.ee\/ru\/wp-json\/wp\/v2\/series?post=141631"},{"taxonomy":"publisher","embeddable":true,"href":"https:\/\/exlibris.ee\/ru\/wp-json\/wp\/v2\/publisher?post=141631"}],"curies":[{"name":"wp","href":"https:\/\/api.w.org\/{rel}","templated":true}]}}