{"id":141745,"date":"2025-03-03T19:34:26","date_gmt":"2025-03-03T17:34:26","guid":{"rendered":"https:\/\/exlibris.ee\/toode\/generation-e-lehr-und-ubungsbuch\/"},"modified":"2026-04-07T21:18:34","modified_gmt":"2026-04-07T18:18:34","slug":"generation-e-lehr-und-ubungsbuch","status":"publish","type":"product","link":"https:\/\/exlibris.ee\/ru\/produkt\/generation-e-lehr-und-ubungsbuch\/","title":{"rendered":"Generation E: Lehr- und \u00dcbungsbuch"},"content":{"rendered":"<p>Generation E vermittelt deutschsprachige Landeskunde im europ\u00e4ischen Kontext. Die vielseitig pr\u00e4sentierten landeskundlichen Themen erschlie\u00dfen Deutschland, \u00d6sterreich und die Schweiz und f\u00f6rdern die interkulturelle Kommunikation. Dabei gibt es jeweils einzelne Bausteine zu den Themen Europa, Geschichte, Geographie, Kultur und Trends. Dieser modulare Aufbau und die autonomen Lerneinheiten innerhalb dieser Bausteine erm\u00f6glichen eine flexible und kreative Unterrichtsgestaltung ohne Zwang einer chronologischen Reihenfolge.<\/p>\n<p>Generation E ist ideal f\u00fcr Lerner ab 16 Jahren mit Deutschkenntnissen auf Niveau A2\/B1 des europ\u00e4ischen Referenzrahmens.<\/p>\n","protected":false},"excerpt":{"rendered":"<p>Generation E vermittelt deutschsprachige Landeskunde im europ\u00e4ischen Kontext. Die vielseitig pr\u00e4sentierten landeskundlichen Themen erschlie\u00dfen Deutschland, \u00d6sterreich und die Schweiz und f\u00f6rdern die interkulturelle Kommunikation. Dabei gibt es jeweils einzelne Bausteine zu den Themen Europa, Geschichte, Geographie, Kultur und Trends. Dieser&#8230;<\/p>\n","protected":false},"featured_media":141731,"template":"","meta":{"_acf_changed":false,"inline_featured_image":false},"product_brand":[],"product_cat":[490],"product_tag":[],"series":[{"id":2999,"name":"Generation E","slug":"generation-e"}],"publisher":[{"id":473,"name":"Klett Verlag","slug":"klett-verlag"}],"class_list":{"0":"post-141745","1":"product","2":"type-product","3":"status-publish","4":"has-post-thumbnail","6":"product_cat-landeskunde","7":"series-generation-e","8":"publisher-klett-verlag","10":"first","11":"instock","12":"taxable","13":"shipping-taxable","14":"purchasable","15":"product-type-simple"},"acf":[],"_links":{"self":[{"href":"https:\/\/exlibris.ee\/ru\/wp-json\/wp\/v2\/product\/141745","targetHints":{"allow":["GET"]}}],"collection":[{"href":"https:\/\/exlibris.ee\/ru\/wp-json\/wp\/v2\/product"}],"about":[{"href":"https:\/\/exlibris.ee\/ru\/wp-json\/wp\/v2\/types\/product"}],"wp:featuredmedia":[{"embeddable":true,"href":"https:\/\/exlibris.ee\/ru\/wp-json\/wp\/v2\/media\/141731"}],"wp:attachment":[{"href":"https:\/\/exlibris.ee\/ru\/wp-json\/wp\/v2\/media?parent=141745"}],"wp:term":[{"taxonomy":"product_brand","embeddable":true,"href":"https:\/\/exlibris.ee\/ru\/wp-json\/wp\/v2\/product_brand?post=141745"},{"taxonomy":"product_cat","embeddable":true,"href":"https:\/\/exlibris.ee\/ru\/wp-json\/wp\/v2\/product_cat?post=141745"},{"taxonomy":"product_tag","embeddable":true,"href":"https:\/\/exlibris.ee\/ru\/wp-json\/wp\/v2\/product_tag?post=141745"},{"taxonomy":"series","embeddable":true,"href":"https:\/\/exlibris.ee\/ru\/wp-json\/wp\/v2\/series?post=141745"},{"taxonomy":"publisher","embeddable":true,"href":"https:\/\/exlibris.ee\/ru\/wp-json\/wp\/v2\/publisher?post=141745"}],"curies":[{"name":"wp","href":"https:\/\/api.w.org\/{rel}","templated":true}]}}