{"id":149909,"date":"2025-03-18T19:51:53","date_gmt":"2025-03-18T17:51:53","guid":{"rendered":"https:\/\/exlibris.ee\/toode\/kontext-c1-unterrichtshandbuch\/"},"modified":"2026-04-18T13:59:20","modified_gmt":"2026-04-18T10:59:20","slug":"kontext-c1-unterrichtshandbuch","status":"publish","type":"product","link":"https:\/\/exlibris.ee\/ru\/produkt\/kontext-c1-unterrichtshandbuch\/","title":{"rendered":"Kontext C1 Unterrichtshandbuch"},"content":{"rendered":"<p>Leitfaden f\u00fcr das Unterrichten mit Kontext C1 \u2012 im Pr\u00e4senz- sowie im Online-Unterricht &#8212; Ausf\u00fchrliche Darstellung des Lehrwerkskonzepts &#8212; Unterrichtsvorschlage, didaktische Hinweise und Erl\u00e4uterungen zu den Aufgaben in Kurs- und \u00dcbungsbuch &#8212; Vorschl\u00e4ge zur Binnendifferenzierung, Erweiterung und alternativen Gestaltung des Unterrichts &#8212; Kopiervorlagen zur Vertiefung und f\u00fcr einen abwechslungsreichen und interaktiven Unterricht &#8212; Didaktisches Glossar mit Ideen zur Unterrichtsmethodik und -gestaltung, auch f\u00fcr den Online-Unterricht &#8212; Detaillierte Hinweise zu den Pr\u00fcfungen Goethe-Zertifikat C1, \u00d6SD Zertifikat C1, telc Deutsch C1 (Hochschule), DSH und digitaler TestDaF<\/p>\n","protected":false},"excerpt":{"rendered":"<p>Leitfaden f\u00fcr das Unterrichten mit Kontext C1 \u2012 im Pr\u00e4senz- sowie im Online-Unterricht &#8212; Ausf\u00fchrliche Darstellung des Lehrwerkskonzepts &#8212; Unterrichtsvorschlage, didaktische Hinweise und Erl\u00e4uterungen zu den Aufgaben in Kurs- und \u00dcbungsbuch &#8212; Vorschl\u00e4ge zur Binnendifferenzierung, Erweiterung und alternativen Gestaltung des&#8230;<\/p>\n","protected":false},"featured_media":336868,"template":"","meta":{"_acf_changed":false,"inline_featured_image":false},"product_brand":[],"product_cat":[538],"product_tag":[],"series":[{"id":1435,"name":"Kontext","slug":"kontext"}],"publisher":[{"id":473,"name":"Klett Verlag","slug":"klett-verlag"}],"class_list":{"0":"post-149909","1":"product","2":"type-product","3":"status-publish","4":"has-post-thumbnail","6":"product_cat-lehrwerke-fur-erwachsene","7":"series-kontext","8":"publisher-klett-verlag","10":"first","11":"onbackorder","12":"taxable","13":"shipping-taxable","14":"purchasable","15":"product-type-simple"},"acf":[],"_links":{"self":[{"href":"https:\/\/exlibris.ee\/ru\/wp-json\/wp\/v2\/product\/149909","targetHints":{"allow":["GET"]}}],"collection":[{"href":"https:\/\/exlibris.ee\/ru\/wp-json\/wp\/v2\/product"}],"about":[{"href":"https:\/\/exlibris.ee\/ru\/wp-json\/wp\/v2\/types\/product"}],"wp:featuredmedia":[{"embeddable":true,"href":"https:\/\/exlibris.ee\/ru\/wp-json\/wp\/v2\/media\/336868"}],"wp:attachment":[{"href":"https:\/\/exlibris.ee\/ru\/wp-json\/wp\/v2\/media?parent=149909"}],"wp:term":[{"taxonomy":"product_brand","embeddable":true,"href":"https:\/\/exlibris.ee\/ru\/wp-json\/wp\/v2\/product_brand?post=149909"},{"taxonomy":"product_cat","embeddable":true,"href":"https:\/\/exlibris.ee\/ru\/wp-json\/wp\/v2\/product_cat?post=149909"},{"taxonomy":"product_tag","embeddable":true,"href":"https:\/\/exlibris.ee\/ru\/wp-json\/wp\/v2\/product_tag?post=149909"},{"taxonomy":"series","embeddable":true,"href":"https:\/\/exlibris.ee\/ru\/wp-json\/wp\/v2\/series?post=149909"},{"taxonomy":"publisher","embeddable":true,"href":"https:\/\/exlibris.ee\/ru\/wp-json\/wp\/v2\/publisher?post=149909"}],"curies":[{"name":"wp","href":"https:\/\/api.w.org\/{rel}","templated":true}]}}