{"id":149912,"date":"2025-03-18T19:51:54","date_gmt":"2025-03-18T17:51:54","guid":{"rendered":"https:\/\/exlibris.ee\/toode\/kontext-grammatik-b1-c1\/"},"modified":"2026-04-17T15:24:34","modified_gmt":"2026-04-17T12:24:34","slug":"kontext-grammatik-b1-c1","status":"publish","type":"product","link":"https:\/\/exlibris.ee\/ru\/produkt\/kontext-grammatik-b1-c1\/","title":{"rendered":"Kontext Grammatik B1+-C1"},"content":{"rendered":"<p>\u00dcberblick \u00fcber die Grammatik von B1+ bis C1 &#8212; Ideal zum Nachschlagen, \u00dcben und Wiederholen &#8212; \u00dcber 100 \u00dcbungen mit L\u00f6sungen zu jedem grammatischen Thema in Kontext &#8212; Festigung und kleinschrittige Erweiterung wichtiger Strukturen &#8212; \u00dcbersichtliches Verweissystem auf die Kurs- und \u00dcbungsb\u00fccher<\/p>\n","protected":false},"excerpt":{"rendered":"<p>\u00dcberblick \u00fcber die Grammatik von B1+ bis C1 &#8212; Ideal zum Nachschlagen, \u00dcben und Wiederholen &#8212; \u00dcber 100 \u00dcbungen mit L\u00f6sungen zu jedem grammatischen Thema in Kontext &#8212; Festigung und kleinschrittige Erweiterung wichtiger Strukturen &#8212; \u00dcbersichtliches Verweissystem auf die Kurs-&#8230;<\/p>\n","protected":false},"featured_media":320044,"template":"","meta":{"_acf_changed":false,"inline_featured_image":false},"product_brand":[],"product_cat":[538],"product_tag":[],"series":[{"id":1435,"name":"Kontext","slug":"kontext"}],"publisher":[{"id":473,"name":"Klett Verlag","slug":"klett-verlag"}],"class_list":{"0":"post-149912","1":"product","2":"type-product","3":"status-publish","4":"has-post-thumbnail","6":"product_cat-lehrwerke-fur-erwachsene","7":"series-kontext","8":"publisher-klett-verlag","10":"first","11":"onbackorder","12":"taxable","13":"shipping-taxable","14":"purchasable","15":"product-type-simple"},"acf":[],"_links":{"self":[{"href":"https:\/\/exlibris.ee\/ru\/wp-json\/wp\/v2\/product\/149912","targetHints":{"allow":["GET"]}}],"collection":[{"href":"https:\/\/exlibris.ee\/ru\/wp-json\/wp\/v2\/product"}],"about":[{"href":"https:\/\/exlibris.ee\/ru\/wp-json\/wp\/v2\/types\/product"}],"wp:featuredmedia":[{"embeddable":true,"href":"https:\/\/exlibris.ee\/ru\/wp-json\/wp\/v2\/media\/320044"}],"wp:attachment":[{"href":"https:\/\/exlibris.ee\/ru\/wp-json\/wp\/v2\/media?parent=149912"}],"wp:term":[{"taxonomy":"product_brand","embeddable":true,"href":"https:\/\/exlibris.ee\/ru\/wp-json\/wp\/v2\/product_brand?post=149912"},{"taxonomy":"product_cat","embeddable":true,"href":"https:\/\/exlibris.ee\/ru\/wp-json\/wp\/v2\/product_cat?post=149912"},{"taxonomy":"product_tag","embeddable":true,"href":"https:\/\/exlibris.ee\/ru\/wp-json\/wp\/v2\/product_tag?post=149912"},{"taxonomy":"series","embeddable":true,"href":"https:\/\/exlibris.ee\/ru\/wp-json\/wp\/v2\/series?post=149912"},{"taxonomy":"publisher","embeddable":true,"href":"https:\/\/exlibris.ee\/ru\/wp-json\/wp\/v2\/publisher?post=149912"}],"curies":[{"name":"wp","href":"https:\/\/api.w.org\/{rel}","templated":true}]}}