{"id":149922,"date":"2025-03-18T19:51:56","date_gmt":"2025-03-18T17:51:56","guid":{"rendered":"https:\/\/exlibris.ee\/toode\/kontext-b1-kurs-ubungsbuch-b1-2-hybrid-allango\/"},"modified":"2026-04-16T16:04:33","modified_gmt":"2026-04-16T13:04:33","slug":"kontext-b1-kurs-ubungsbuch-b1-2-hybrid-allango","status":"publish","type":"product","link":"https:\/\/exlibris.ee\/ru\/produkt\/kontext-b1-kurs-ubungsbuch-b1-2-hybrid-allango\/","title":{"rendered":"Kontext B1+, Kurs-\/\u00dcbungsbuch B1.2 &#8212; hybrid allango"},"content":{"rendered":"<p>Mit der Hybriden Ausgabe erhalten Sie in der Printausgabe einen eingedruckten Lizenzschl\u00fcssel (f\u00fcr Unterrichtende und Lernende) zur Digitalen Ausgabe. So steht Ihnen das Buch auf der Lernplattform allango auch digital zur Verf\u00fcgung und Sie haben digitale Medieninhalte sofort griffbereit. &#8212; Modularer und linearer Aufbau mit Fokus auf allen vier Fertigkeiten &#8212; Intensives Strategietraining und induktive Grammatikvermittlung &#8212; Aufgaben zur Mediation wie Sprachmittlung und plurikulturelle Kompetenz &#8212; Gro\u00dfe Aufgabenvielfalt mit Binnendifferenzierung, Fl\u00fcssigkeitstraining u.v.m. &#8212; Extraseiten zu \u201eKommunikation in Alltag und Beruf\u201c &#8212; Landeskundliche Portr\u00e4ts aus Deutschland, \u00d6sterreich und der Schweiz &#8212; Authentische Dokumentarfilme zur Landeskunde &#8212; Grammatik-, Redemittel- und Strategieclips &#8212; Audios, Videos, W\u00f6rterquiz, Lesequiz u.v.m. online verf\u00fcgbar &#8212; Vorbereitung auf die Pr\u00fcfungen Goethe-\/\u00d6SD-Zertifikat B1 und telc Deutsch B1 &#8212; 24 Monate<\/p>\n","protected":false},"excerpt":{"rendered":"<p>Mit der Hybriden Ausgabe erhalten Sie in der Printausgabe einen eingedruckten Lizenzschl\u00fcssel (f\u00fcr Unterrichtende und Lernende) zur Digitalen Ausgabe. So steht Ihnen das Buch auf der Lernplattform allango auch digital zur Verf\u00fcgung und Sie haben digitale Medieninhalte sofort griffbereit. &#8212;&#8230;<\/p>\n","protected":false},"featured_media":302619,"template":"","meta":{"_acf_changed":false,"inline_featured_image":false},"product_brand":[],"product_cat":[538],"product_tag":[],"series":[{"id":1435,"name":"Kontext","slug":"kontext"}],"publisher":[{"id":473,"name":"Klett Verlag","slug":"klett-verlag"}],"class_list":{"0":"post-149922","1":"product","2":"type-product","3":"status-publish","4":"has-post-thumbnail","6":"product_cat-lehrwerke-fur-erwachsene","7":"series-kontext","8":"publisher-klett-verlag","10":"first","11":"onbackorder","12":"taxable","13":"shipping-taxable","14":"purchasable","15":"product-type-simple"},"acf":[],"_links":{"self":[{"href":"https:\/\/exlibris.ee\/ru\/wp-json\/wp\/v2\/product\/149922","targetHints":{"allow":["GET"]}}],"collection":[{"href":"https:\/\/exlibris.ee\/ru\/wp-json\/wp\/v2\/product"}],"about":[{"href":"https:\/\/exlibris.ee\/ru\/wp-json\/wp\/v2\/types\/product"}],"wp:featuredmedia":[{"embeddable":true,"href":"https:\/\/exlibris.ee\/ru\/wp-json\/wp\/v2\/media\/302619"}],"wp:attachment":[{"href":"https:\/\/exlibris.ee\/ru\/wp-json\/wp\/v2\/media?parent=149922"}],"wp:term":[{"taxonomy":"product_brand","embeddable":true,"href":"https:\/\/exlibris.ee\/ru\/wp-json\/wp\/v2\/product_brand?post=149922"},{"taxonomy":"product_cat","embeddable":true,"href":"https:\/\/exlibris.ee\/ru\/wp-json\/wp\/v2\/product_cat?post=149922"},{"taxonomy":"product_tag","embeddable":true,"href":"https:\/\/exlibris.ee\/ru\/wp-json\/wp\/v2\/product_tag?post=149922"},{"taxonomy":"series","embeddable":true,"href":"https:\/\/exlibris.ee\/ru\/wp-json\/wp\/v2\/series?post=149922"},{"taxonomy":"publisher","embeddable":true,"href":"https:\/\/exlibris.ee\/ru\/wp-json\/wp\/v2\/publisher?post=149922"}],"curies":[{"name":"wp","href":"https:\/\/api.w.org\/{rel}","templated":true}]}}