{"id":150046,"date":"2025-03-18T19:55:26","date_gmt":"2025-03-18T17:55:26","guid":{"rendered":"https:\/\/exlibris.ee\/toode\/todlicher-schnee\/"},"modified":"2026-04-18T15:22:36","modified_gmt":"2026-04-18T12:22:36","slug":"todlicher-schnee","status":"publish","type":"product","link":"https:\/\/exlibris.ee\/ru\/produkt\/todlicher-schnee\/","title":{"rendered":"T\u00f6dlicher Schnee"},"content":{"rendered":"<p>Eine internationale Konferenz f\u00fcr Umweltschutz tagt in den bayerischen Bergen. Privatdetektiv M\u00fcller verbringt seinen Winterurlaub am selben Ort. Aber er findet wenig Ruhe, denn f\u00fcr einige Teilnehmer endet der Kongress t\u00f6dlich.<\/p>\n","protected":false},"excerpt":{"rendered":"<p>Eine internationale Konferenz f\u00fcr Umweltschutz tagt in den bayerischen Bergen. Privatdetektiv M\u00fcller verbringt seinen Winterurlaub am selben Ort. Aber er findet wenig Ruhe, denn f\u00fcr einige Teilnehmer endet der Kongress t\u00f6dlich.<\/p>\n","protected":false},"featured_media":337136,"template":"","meta":{"_acf_changed":false,"inline_featured_image":false},"product_brand":[],"product_cat":[851],"product_tag":[],"series":[{"id":3097,"name":"Lekt\u00fcren","slug":"lekturen"}],"publisher":[{"id":473,"name":"Klett Verlag","slug":"klett-verlag"}],"class_list":{"0":"post-150046","1":"product","2":"type-product","3":"status-publish","4":"has-post-thumbnail","6":"product_cat-lesetexte-deutsch","7":"series-lekturen","8":"publisher-klett-verlag","10":"first","11":"onbackorder","12":"taxable","13":"shipping-taxable","14":"purchasable","15":"product-type-simple"},"acf":[],"_links":{"self":[{"href":"https:\/\/exlibris.ee\/ru\/wp-json\/wp\/v2\/product\/150046","targetHints":{"allow":["GET"]}}],"collection":[{"href":"https:\/\/exlibris.ee\/ru\/wp-json\/wp\/v2\/product"}],"about":[{"href":"https:\/\/exlibris.ee\/ru\/wp-json\/wp\/v2\/types\/product"}],"wp:featuredmedia":[{"embeddable":true,"href":"https:\/\/exlibris.ee\/ru\/wp-json\/wp\/v2\/media\/337136"}],"wp:attachment":[{"href":"https:\/\/exlibris.ee\/ru\/wp-json\/wp\/v2\/media?parent=150046"}],"wp:term":[{"taxonomy":"product_brand","embeddable":true,"href":"https:\/\/exlibris.ee\/ru\/wp-json\/wp\/v2\/product_brand?post=150046"},{"taxonomy":"product_cat","embeddable":true,"href":"https:\/\/exlibris.ee\/ru\/wp-json\/wp\/v2\/product_cat?post=150046"},{"taxonomy":"product_tag","embeddable":true,"href":"https:\/\/exlibris.ee\/ru\/wp-json\/wp\/v2\/product_tag?post=150046"},{"taxonomy":"series","embeddable":true,"href":"https:\/\/exlibris.ee\/ru\/wp-json\/wp\/v2\/series?post=150046"},{"taxonomy":"publisher","embeddable":true,"href":"https:\/\/exlibris.ee\/ru\/wp-json\/wp\/v2\/publisher?post=150046"}],"curies":[{"name":"wp","href":"https:\/\/api.w.org\/{rel}","templated":true}]}}