{"id":150051,"date":"2025-03-18T19:55:27","date_gmt":"2025-03-18T17:55:27","guid":{"rendered":"https:\/\/exlibris.ee\/toode\/linie-1-beruf-b1-b2-kurs-ubungsbuch-hybrid-allango\/"},"modified":"2026-04-04T21:14:18","modified_gmt":"2026-04-04T18:14:18","slug":"linie-1-beruf-b1-b2-kurs-ubungsbuch-hybrid-allango","status":"publish","type":"product","link":"https:\/\/exlibris.ee\/ru\/produkt\/linie-1-beruf-b1-b2-kurs-ubungsbuch-hybrid-allango\/","title":{"rendered":"Linie 1 Beruf B1\/B2 Kurs-\/\u00dcbungsbuch &#8212; hybrid allango"},"content":{"rendered":"<p>Mit der Hybriden Ausgabe erhalten Sie in der Printausgabe einen eingedruckten Lizenzschl\u00fcssel (f\u00fcr Unterrichtende und Lernende) zur Digitalen Ausgabe. So steht Ihnen das Buch auf der Lernplattform allango auch digital zur Verf\u00fcgung und Sie haben digitale Medieninhalte sofort griffbereit. Linie 1 Beruf B1\/B2 Br\u00fcckenelement ist im Rahmen der bundesweiten berufsbezogenen Deutschsprachf\u00f6rderung (DeuF\u00f6V) entwickelt und zusammen mit Linie 1 Beruf B2 f\u00fcr den Einsatz innerhalb eines Basiskurses B2 mit 500 Unterrichtseinheiten vorgesehen. &#8212; Sanfter \u00dcbergang vom Integrations- zum Berufssprachkurs durch Wiederholung und Festigung von B1-Inhalten im beruflichen Kontext &#8212; Vier Kapitel mit abwechslungsreichen Aufgaben und \u00dcbungen zu allen Fertigkeiten &#8212; Gezieltes Training berufs\u00fcbergreifender Fertigkeiten und Kompetenzen f\u00fcr die Arbeitswelt &#8212; Ausgew\u00e4hlte Berufsfelder vom produzierenden Gewerbe bis zu Dienstleistungsberufen &#8212; Audios, Videos, Online-\u00dcbungen und digitale Zusatzmaterialien online verf\u00fcgbar &#8212; Material f\u00fcr 100 Unterrichtseinheiten &#8212; 24 Monate<\/p>\n","protected":false},"excerpt":{"rendered":"<p>Mit der Hybriden Ausgabe erhalten Sie in der Printausgabe einen eingedruckten Lizenzschl\u00fcssel (f\u00fcr Unterrichtende und Lernende) zur Digitalen Ausgabe. So steht Ihnen das Buch auf der Lernplattform allango auch digital zur Verf\u00fcgung und Sie haben digitale Medieninhalte sofort griffbereit. Linie&#8230;<\/p>\n","protected":false},"featured_media":149944,"template":"","meta":{"_acf_changed":false,"inline_featured_image":false},"product_brand":[],"product_cat":[538],"product_tag":[],"series":[{"id":915,"name":"Linie 1 Beruf","slug":"linie-1-beruf"}],"publisher":[{"id":473,"name":"Klett Verlag","slug":"klett-verlag"}],"class_list":{"0":"post-150051","1":"product","2":"type-product","3":"status-publish","4":"has-post-thumbnail","6":"product_cat-lehrwerke-fur-erwachsene","7":"series-linie-1-beruf","8":"publisher-klett-verlag","10":"first","11":"onbackorder","12":"taxable","13":"shipping-taxable","14":"purchasable","15":"product-type-simple"},"acf":[],"_links":{"self":[{"href":"https:\/\/exlibris.ee\/ru\/wp-json\/wp\/v2\/product\/150051","targetHints":{"allow":["GET"]}}],"collection":[{"href":"https:\/\/exlibris.ee\/ru\/wp-json\/wp\/v2\/product"}],"about":[{"href":"https:\/\/exlibris.ee\/ru\/wp-json\/wp\/v2\/types\/product"}],"wp:featuredmedia":[{"embeddable":true,"href":"https:\/\/exlibris.ee\/ru\/wp-json\/wp\/v2\/media\/149944"}],"wp:attachment":[{"href":"https:\/\/exlibris.ee\/ru\/wp-json\/wp\/v2\/media?parent=150051"}],"wp:term":[{"taxonomy":"product_brand","embeddable":true,"href":"https:\/\/exlibris.ee\/ru\/wp-json\/wp\/v2\/product_brand?post=150051"},{"taxonomy":"product_cat","embeddable":true,"href":"https:\/\/exlibris.ee\/ru\/wp-json\/wp\/v2\/product_cat?post=150051"},{"taxonomy":"product_tag","embeddable":true,"href":"https:\/\/exlibris.ee\/ru\/wp-json\/wp\/v2\/product_tag?post=150051"},{"taxonomy":"series","embeddable":true,"href":"https:\/\/exlibris.ee\/ru\/wp-json\/wp\/v2\/series?post=150051"},{"taxonomy":"publisher","embeddable":true,"href":"https:\/\/exlibris.ee\/ru\/wp-json\/wp\/v2\/publisher?post=150051"}],"curies":[{"name":"wp","href":"https:\/\/api.w.org\/{rel}","templated":true}]}}