{"id":150065,"date":"2025-03-18T19:55:30","date_gmt":"2025-03-18T17:55:30","guid":{"rendered":"https:\/\/exlibris.ee\/toode\/netzwerk-neu-kurs-ubungsbuch-b1-1-hybrid-allango\/"},"modified":"2026-04-03T09:12:52","modified_gmt":"2026-04-03T06:12:52","slug":"netzwerk-neu-kurs-ubungsbuch-b1-1-hybrid-allango","status":"publish","type":"product","link":"https:\/\/exlibris.ee\/ru\/produkt\/netzwerk-neu-kurs-ubungsbuch-b1-1-hybrid-allango\/","title":{"rendered":"Netzwerk neu, Kurs-\/\u00dcbungsbuch B1.1 &#8212; hybrid allango"},"content":{"rendered":"<p>Mit der Hybriden Ausgabe erhalten Sie in der Printausgabe einen eingedruckten Lizenzschl\u00fcssel (f\u00fcr Unterrichtende und Lernende) zur Digitalen Ausgabe. So steht Ihnen das Buch auf der Lernplattform allango auch digital zur Verf\u00fcgung und Sie haben digitale Medieninhalte sofort griffbereit. Netzwerk neu f\u00fchrt junge Erwachsene lebendig und zielsicher zu den Niveaus A1, A2 und B1 und bereitet auf die Pr\u00fcfungen Start Deutsch 1 und 2, Goethe-Zertifikat A2, telc Deutsch A2, Deutsch-Test f\u00fcr Zuwanderer, \u00d6SD A1, A2, Goethe-\/\u00d6SD-Zertifikat B1 und Zertifikat Deutsch vor. &#8212; Authentisches Sprachhandeln durch lerneraktivierende Aufgaben &#8212; Beispiele zu gesprochener Sprache von Anfang an &#8212; Viele Angebote zur Binnendifferenzierung &#8212; Anregungen zum Sprachvergleich &#8212; Aufgaben zur Sprachmittlung\/Mediation &#8212; NEU in B1: Strategien und Aufgaben zur Wortbildung &#8212; Landeskunde in vielf\u00e4ltigen Themen, Textsorten und Abbildungen &#8212; NEU in B1: Authentische Video-Dokumentationen zu interessanten Lebensmodellen, Biografien, Berufen und Initiativen &#8212; Grammatik-, Redemittel- und Phonetikclips f\u00fcr mehr Anschaulichkeit im Unterricht &#8212; Facebook- und Instagram-Profil zum Austausch mit den Netzwerk neu-Protagonisten &#8212; Umfangreiches digitales Angebot (Online-\u00dcbungen u.v.m.) &#8212; 24 Monate<\/p>\n","protected":false},"excerpt":{"rendered":"<p>Mit der Hybriden Ausgabe erhalten Sie in der Printausgabe einen eingedruckten Lizenzschl\u00fcssel (f\u00fcr Unterrichtende und Lernende) zur Digitalen Ausgabe. So steht Ihnen das Buch auf der Lernplattform allango auch digital zur Verf\u00fcgung und Sie haben digitale Medieninhalte sofort griffbereit. Netzwerk&#8230;<\/p>\n","protected":false},"featured_media":149986,"template":"","meta":{"_acf_changed":false,"inline_featured_image":false},"product_brand":[],"product_cat":[538],"product_tag":[],"series":[{"id":917,"name":"Netzwerk neu","slug":"netzwerk-neu"}],"publisher":[{"id":473,"name":"Klett Verlag","slug":"klett-verlag"}],"class_list":{"0":"post-150065","1":"product","2":"type-product","3":"status-publish","4":"has-post-thumbnail","6":"product_cat-lehrwerke-fur-erwachsene","7":"series-netzwerk-neu","8":"publisher-klett-verlag","10":"first","11":"instock","12":"taxable","13":"shipping-taxable","14":"purchasable","15":"product-type-simple"},"acf":[],"_links":{"self":[{"href":"https:\/\/exlibris.ee\/ru\/wp-json\/wp\/v2\/product\/150065","targetHints":{"allow":["GET"]}}],"collection":[{"href":"https:\/\/exlibris.ee\/ru\/wp-json\/wp\/v2\/product"}],"about":[{"href":"https:\/\/exlibris.ee\/ru\/wp-json\/wp\/v2\/types\/product"}],"wp:featuredmedia":[{"embeddable":true,"href":"https:\/\/exlibris.ee\/ru\/wp-json\/wp\/v2\/media\/149986"}],"wp:attachment":[{"href":"https:\/\/exlibris.ee\/ru\/wp-json\/wp\/v2\/media?parent=150065"}],"wp:term":[{"taxonomy":"product_brand","embeddable":true,"href":"https:\/\/exlibris.ee\/ru\/wp-json\/wp\/v2\/product_brand?post=150065"},{"taxonomy":"product_cat","embeddable":true,"href":"https:\/\/exlibris.ee\/ru\/wp-json\/wp\/v2\/product_cat?post=150065"},{"taxonomy":"product_tag","embeddable":true,"href":"https:\/\/exlibris.ee\/ru\/wp-json\/wp\/v2\/product_tag?post=150065"},{"taxonomy":"series","embeddable":true,"href":"https:\/\/exlibris.ee\/ru\/wp-json\/wp\/v2\/series?post=150065"},{"taxonomy":"publisher","embeddable":true,"href":"https:\/\/exlibris.ee\/ru\/wp-json\/wp\/v2\/publisher?post=150065"}],"curies":[{"name":"wp","href":"https:\/\/api.w.org\/{rel}","templated":true}]}}