{"id":150068,"date":"2025-03-18T19:55:31","date_gmt":"2025-03-18T17:55:31","guid":{"rendered":"https:\/\/exlibris.ee\/toode\/linie-1-a1-2-kurs-ubungsbuch-hybrid-allango\/"},"modified":"2026-04-07T21:16:47","modified_gmt":"2026-04-07T18:16:47","slug":"linie-1-a1-2-kurs-ubungsbuch-hybrid-allango","status":"publish","type":"product","link":"https:\/\/exlibris.ee\/ru\/produkt\/linie-1-a1-2-kurs-ubungsbuch-hybrid-allango\/","title":{"rendered":"Linie 1, A1.2 Kurs-\/\u00dcbungsbuch &#8212; hybrid allango"},"content":{"rendered":"<p>Mit der Hybriden Ausgabe erhalten Sie in der Printausgabe einen eingedruckten Lizenzschl\u00fcssel (f\u00fcr Unterrichtende und Lernende) zur Digitalen Ausgabe. So steht Ihnen das Buch auf der Lernplattform allango auch digital zur Verf\u00fcgung und Sie haben digitale Medieninhalte sofort griffbereit. Linie 1 A1 &#8212; das Lehrwerk zum Deutschlernen ohne Vorkenntnisse, um in Alltag und Beruf angemessen kommunizieren zu k\u00f6nnen. Das Deutschlehrwerk zeichnet sich durch lineare Lernwege und ein breites Angebot an Differenzierungsm\u00f6glichkeiten f\u00fcr heterogene Lernergruppen aus. Durch regelm\u00e4\u00dfige Aktivierung und Individualisierung des Gelernten f\u00fchrt Linie 1 zu stetigen Erfolgserlebnissen beim Deutsch lernen und motiviert zum eigenen Sprachhandeln au\u00dferhalb des Deutschkurses. Das Lehrwerk ist zum Einsatz im Einstiegskurs und Integrationskurs geeignet und hat die BAMF-Zulassung. Alle Video-Clips, H\u00f6rtexte und Aussprache\u00fcbungen sind online verf\u00fcgbar. Der Gesamtband Linie 1 A1 f\u00fchrt zur Niveaustufe A1 und bereitet auf die Pr\u00fcfung telc Deutsch A1 (Start Deutsch 1) vor. &#8212; 24 Monate<\/p>\n","protected":false},"excerpt":{"rendered":"<p>Mit der Hybriden Ausgabe erhalten Sie in der Printausgabe einen eingedruckten Lizenzschl\u00fcssel (f\u00fcr Unterrichtende und Lernende) zur Digitalen Ausgabe. So steht Ihnen das Buch auf der Lernplattform allango auch digital zur Verf\u00fcgung und Sie haben digitale Medieninhalte sofort griffbereit. Linie&#8230;<\/p>\n","protected":false},"featured_media":149995,"template":"","meta":{"_acf_changed":false,"inline_featured_image":false},"product_brand":[],"product_cat":[538],"product_tag":[],"series":[{"id":914,"name":"Linie 1","slug":"linie-1"}],"publisher":[{"id":473,"name":"Klett Verlag","slug":"klett-verlag"}],"class_list":{"0":"post-150068","1":"product","2":"type-product","3":"status-publish","4":"has-post-thumbnail","6":"product_cat-lehrwerke-fur-erwachsene","7":"series-linie-1","8":"publisher-klett-verlag","10":"first","11":"onbackorder","12":"taxable","13":"shipping-taxable","14":"purchasable","15":"product-type-simple"},"acf":[],"_links":{"self":[{"href":"https:\/\/exlibris.ee\/ru\/wp-json\/wp\/v2\/product\/150068","targetHints":{"allow":["GET"]}}],"collection":[{"href":"https:\/\/exlibris.ee\/ru\/wp-json\/wp\/v2\/product"}],"about":[{"href":"https:\/\/exlibris.ee\/ru\/wp-json\/wp\/v2\/types\/product"}],"wp:featuredmedia":[{"embeddable":true,"href":"https:\/\/exlibris.ee\/ru\/wp-json\/wp\/v2\/media\/149995"}],"wp:attachment":[{"href":"https:\/\/exlibris.ee\/ru\/wp-json\/wp\/v2\/media?parent=150068"}],"wp:term":[{"taxonomy":"product_brand","embeddable":true,"href":"https:\/\/exlibris.ee\/ru\/wp-json\/wp\/v2\/product_brand?post=150068"},{"taxonomy":"product_cat","embeddable":true,"href":"https:\/\/exlibris.ee\/ru\/wp-json\/wp\/v2\/product_cat?post=150068"},{"taxonomy":"product_tag","embeddable":true,"href":"https:\/\/exlibris.ee\/ru\/wp-json\/wp\/v2\/product_tag?post=150068"},{"taxonomy":"series","embeddable":true,"href":"https:\/\/exlibris.ee\/ru\/wp-json\/wp\/v2\/series?post=150068"},{"taxonomy":"publisher","embeddable":true,"href":"https:\/\/exlibris.ee\/ru\/wp-json\/wp\/v2\/publisher?post=150068"}],"curies":[{"name":"wp","href":"https:\/\/api.w.org\/{rel}","templated":true}]}}