{"id":150079,"date":"2025-03-18T19:55:34","date_gmt":"2025-03-18T17:55:34","guid":{"rendered":"https:\/\/exlibris.ee\/toode\/klasse-a2-kursbuch-hybrid-allango\/"},"modified":"2026-04-05T15:21:30","modified_gmt":"2026-04-05T12:21:30","slug":"klasse-a2-kursbuch-hybrid-allango","status":"publish","type":"product","link":"https:\/\/exlibris.ee\/ru\/produkt\/klasse-a2-kursbuch-hybrid-allango\/","title":{"rendered":"Klasse A2, Kursbuch- hybrid allango"},"content":{"rendered":"<p>Mit der Hybriden Ausgabe erhalten Sie in der Printausgabe einen eingedruckten Lizenzschl\u00fcssel (f\u00fcr Unterrichtende und Lernende) zur Digitalen Ausgabe. So steht Ihnen das Buch auf der Lernplattform allango auch digital zur Verf\u00fcgung und Sie haben digitale Medieninhalte sofort griffbereit. Klasse! &#8212; das neue Deutsch als Fremsprache-Lehrwerk f\u00fcr Jugendliche ab 12 Jahren &#8212; steht f\u00fcr einen kommunikativen und handlungsorientierten Unterricht. Es zeichnet sich durch viele kooperative und erfolgsorientierte \u00dcbungsformen aus und setzt den Fokus auf Kreativit\u00e4t und konsequente Lerneraktivierung. &#8212; 12 Kapitel mit klarer und kleinschrittiger Progression, kooperativen und erfolgsorientierten \u00dcbungsformen, handlungsorientierten Aufgaben und Projekten, \u00dcbungen zum echten Sprechen u.v.m. &#8212; 4 Plateaus mit spielerischen Aufgaben, erfolgsorientiertem Training, Landeskunde und Videoseiten &#8212; Videos, Clips und Comics &#8212; R\u00fcckschauseiten mit \u00dcbersichten zu Wortschatz, Redemitteln, Grammatik und M\u00f6glichkeit zur Selbstevaluation &#8212; Alle Audios, Videos und Online-\u00dcbungen sind kostenlos online abrufbar. &#8212; 24 Monate<\/p>\n","protected":false},"excerpt":{"rendered":"<p>Mit der Hybriden Ausgabe erhalten Sie in der Printausgabe einen eingedruckten Lizenzschl\u00fcssel (f\u00fcr Unterrichtende und Lernende) zur Digitalen Ausgabe. So steht Ihnen das Buch auf der Lernplattform allango auch digital zur Verf\u00fcgung und Sie haben digitale Medieninhalte sofort griffbereit. Klasse!&#8230;<\/p>\n","protected":false},"featured_media":150028,"template":"","meta":{"_acf_changed":false,"inline_featured_image":false},"product_brand":[],"product_cat":[881],"product_tag":[],"series":[{"id":916,"name":"Klasse","slug":"klasse"}],"publisher":[{"id":473,"name":"Klett Verlag","slug":"klett-verlag"}],"class_list":{"0":"post-150079","1":"product","2":"type-product","3":"status-publish","4":"has-post-thumbnail","6":"product_cat-lehrwerke-fur-kinder-und-jugendliche","7":"series-klasse","8":"publisher-klett-verlag","10":"first","11":"onbackorder","12":"taxable","13":"shipping-taxable","14":"purchasable","15":"product-type-simple"},"acf":[],"_links":{"self":[{"href":"https:\/\/exlibris.ee\/ru\/wp-json\/wp\/v2\/product\/150079","targetHints":{"allow":["GET"]}}],"collection":[{"href":"https:\/\/exlibris.ee\/ru\/wp-json\/wp\/v2\/product"}],"about":[{"href":"https:\/\/exlibris.ee\/ru\/wp-json\/wp\/v2\/types\/product"}],"wp:featuredmedia":[{"embeddable":true,"href":"https:\/\/exlibris.ee\/ru\/wp-json\/wp\/v2\/media\/150028"}],"wp:attachment":[{"href":"https:\/\/exlibris.ee\/ru\/wp-json\/wp\/v2\/media?parent=150079"}],"wp:term":[{"taxonomy":"product_brand","embeddable":true,"href":"https:\/\/exlibris.ee\/ru\/wp-json\/wp\/v2\/product_brand?post=150079"},{"taxonomy":"product_cat","embeddable":true,"href":"https:\/\/exlibris.ee\/ru\/wp-json\/wp\/v2\/product_cat?post=150079"},{"taxonomy":"product_tag","embeddable":true,"href":"https:\/\/exlibris.ee\/ru\/wp-json\/wp\/v2\/product_tag?post=150079"},{"taxonomy":"series","embeddable":true,"href":"https:\/\/exlibris.ee\/ru\/wp-json\/wp\/v2\/series?post=150079"},{"taxonomy":"publisher","embeddable":true,"href":"https:\/\/exlibris.ee\/ru\/wp-json\/wp\/v2\/publisher?post=150079"}],"curies":[{"name":"wp","href":"https:\/\/api.w.org\/{rel}","templated":true}]}}