{"id":150099,"date":"2025-03-18T19:58:35","date_gmt":"2025-03-18T17:58:35","guid":{"rendered":"https:\/\/exlibris.ee\/toode\/rettung-in-den-bergen-tour-in-salzburg-mit-digitalen-extras\/"},"modified":"2026-04-17T15:28:06","modified_gmt":"2026-04-17T12:28:06","slug":"rettung-in-den-bergen-tour-in-salzburg-mit-digitalen-extras","status":"publish","type":"product","link":"https:\/\/exlibris.ee\/ru\/produkt\/rettung-in-den-bergen-tour-in-salzburg-mit-digitalen-extras\/","title":{"rendered":"Rettung in den Bergen &#8212; Tour in Salzburg mit digitalen Extras"},"content":{"rendered":"<p>Franziska malt in der Nacht eine Tanne an die Schulmauer. Zur Strafe muss sie bei einem sozialen Projekt mitarbeiten: Zusammen mit Noah und Alissa begleitet sie \u00e4ltere Menschen bei einem Winterausflug in die Berge. Doch dann verschwindet pl\u00f6tzlich Noahs Opa. Wo k\u00f6nnte er sein? Und was hat das alles mit der Tanne zu tun? Themen: Abenteuer, Familie und Freundschaft, Winter, Alter<\/p>\n","protected":false},"excerpt":{"rendered":"<p>Franziska malt in der Nacht eine Tanne an die Schulmauer. Zur Strafe muss sie bei einem sozialen Projekt mitarbeiten: Zusammen mit Noah und Alissa begleitet sie \u00e4ltere Menschen bei einem Winterausflug in die Berge. Doch dann verschwindet pl\u00f6tzlich Noahs Opa&#8230;.<\/p>\n","protected":false},"featured_media":320368,"template":"","meta":{"_acf_changed":false,"inline_featured_image":false},"product_brand":[],"product_cat":[490],"product_tag":[],"series":[{"id":2221,"name":"Stadt-Land-Abenteuer","slug":"stadt-land-abenteuer-2"}],"publisher":[{"id":473,"name":"Klett Verlag","slug":"klett-verlag"}],"class_list":{"0":"post-150099","1":"product","2":"type-product","3":"status-publish","4":"has-post-thumbnail","6":"product_cat-landeskunde","7":"series-stadt-land-abenteuer-2","8":"publisher-klett-verlag","10":"first","11":"onbackorder","12":"taxable","13":"shipping-taxable","14":"purchasable","15":"product-type-simple"},"acf":[],"_links":{"self":[{"href":"https:\/\/exlibris.ee\/ru\/wp-json\/wp\/v2\/product\/150099","targetHints":{"allow":["GET"]}}],"collection":[{"href":"https:\/\/exlibris.ee\/ru\/wp-json\/wp\/v2\/product"}],"about":[{"href":"https:\/\/exlibris.ee\/ru\/wp-json\/wp\/v2\/types\/product"}],"wp:featuredmedia":[{"embeddable":true,"href":"https:\/\/exlibris.ee\/ru\/wp-json\/wp\/v2\/media\/320368"}],"wp:attachment":[{"href":"https:\/\/exlibris.ee\/ru\/wp-json\/wp\/v2\/media?parent=150099"}],"wp:term":[{"taxonomy":"product_brand","embeddable":true,"href":"https:\/\/exlibris.ee\/ru\/wp-json\/wp\/v2\/product_brand?post=150099"},{"taxonomy":"product_cat","embeddable":true,"href":"https:\/\/exlibris.ee\/ru\/wp-json\/wp\/v2\/product_cat?post=150099"},{"taxonomy":"product_tag","embeddable":true,"href":"https:\/\/exlibris.ee\/ru\/wp-json\/wp\/v2\/product_tag?post=150099"},{"taxonomy":"series","embeddable":true,"href":"https:\/\/exlibris.ee\/ru\/wp-json\/wp\/v2\/series?post=150099"},{"taxonomy":"publisher","embeddable":true,"href":"https:\/\/exlibris.ee\/ru\/wp-json\/wp\/v2\/publisher?post=150099"}],"curies":[{"name":"wp","href":"https:\/\/api.w.org\/{rel}","templated":true}]}}