{"id":150102,"date":"2025-03-18T19:58:35","date_gmt":"2025-03-18T17:58:35","guid":{"rendered":"https:\/\/exlibris.ee\/toode\/fahrradtour-ins-abenteuer-mit-digitalen-extras\/"},"modified":"2026-04-18T15:24:39","modified_gmt":"2026-04-18T12:24:39","slug":"fahrradtour-ins-abenteuer-mit-digitalen-extras","status":"publish","type":"product","link":"https:\/\/exlibris.ee\/ru\/produkt\/fahrradtour-ins-abenteuer-mit-digitalen-extras\/","title":{"rendered":"Fahrradtour ins Abenteuer mit digitalen Extras"},"content":{"rendered":"<p>Lilly, Antonja und Yakup machen mit Lillys Familie in den Sommerferien eine Fahrradtour an der Nordsee. Die langen Fahrten gegen den starken Wind findet Yakup ganz sch\u00f6n anstrengend. Antonja wundert sich, dass sie nicht ins Restaurant gehen, sondern meistens selbst kochen m\u00fcssen. Und Lilly macht sich Sorgen, ob sie bei der Wattwanderung schnell genug ans Ziel kommen. Jeder Tag bietet neue Herausforderungen. Werden sie alle meistern k\u00f6nnen? Dass diese Woche ein echtes Abenteuer war, da sind sich am Ende jedenfalls alle einig. &#8212; Geschichte mit R\u00e4tselfaktor &#8212; Leseunterst\u00fctzung durch Illustrationen, Mini-Bildw\u00f6rterbuch und Worterkl\u00e4rungen &#8212; \u00dcbungen zum Leseverstehen inklusive L\u00f6sungen &#8212; Komplette Geschichte als H\u00f6rbuch<\/p>\n","protected":false},"excerpt":{"rendered":"<p>Lilly, Antonja und Yakup machen mit Lillys Familie in den Sommerferien eine Fahrradtour an der Nordsee. Die langen Fahrten gegen den starken Wind findet Yakup ganz sch\u00f6n anstrengend. Antonja wundert sich, dass sie nicht ins Restaurant gehen, sondern meistens selbst&#8230;<\/p>\n","protected":false},"featured_media":337399,"template":"","meta":{"_acf_changed":false,"inline_featured_image":false},"product_brand":[],"product_cat":[490],"product_tag":[],"series":[{"id":3097,"name":"Lekt\u00fcren","slug":"lekturen"}],"publisher":[{"id":473,"name":"Klett Verlag","slug":"klett-verlag"}],"class_list":{"0":"post-150102","1":"product","2":"type-product","3":"status-publish","4":"has-post-thumbnail","6":"product_cat-landeskunde","7":"series-lekturen","8":"publisher-klett-verlag","10":"first","11":"onbackorder","12":"taxable","13":"shipping-taxable","14":"purchasable","15":"product-type-simple"},"acf":[],"_links":{"self":[{"href":"https:\/\/exlibris.ee\/ru\/wp-json\/wp\/v2\/product\/150102","targetHints":{"allow":["GET"]}}],"collection":[{"href":"https:\/\/exlibris.ee\/ru\/wp-json\/wp\/v2\/product"}],"about":[{"href":"https:\/\/exlibris.ee\/ru\/wp-json\/wp\/v2\/types\/product"}],"wp:featuredmedia":[{"embeddable":true,"href":"https:\/\/exlibris.ee\/ru\/wp-json\/wp\/v2\/media\/337399"}],"wp:attachment":[{"href":"https:\/\/exlibris.ee\/ru\/wp-json\/wp\/v2\/media?parent=150102"}],"wp:term":[{"taxonomy":"product_brand","embeddable":true,"href":"https:\/\/exlibris.ee\/ru\/wp-json\/wp\/v2\/product_brand?post=150102"},{"taxonomy":"product_cat","embeddable":true,"href":"https:\/\/exlibris.ee\/ru\/wp-json\/wp\/v2\/product_cat?post=150102"},{"taxonomy":"product_tag","embeddable":true,"href":"https:\/\/exlibris.ee\/ru\/wp-json\/wp\/v2\/product_tag?post=150102"},{"taxonomy":"series","embeddable":true,"href":"https:\/\/exlibris.ee\/ru\/wp-json\/wp\/v2\/series?post=150102"},{"taxonomy":"publisher","embeddable":true,"href":"https:\/\/exlibris.ee\/ru\/wp-json\/wp\/v2\/publisher?post=150102"}],"curies":[{"name":"wp","href":"https:\/\/api.w.org\/{rel}","templated":true}]}}