{"id":150116,"date":"2025-03-18T21:18:21","date_gmt":"2025-03-18T19:18:21","guid":{"rendered":"https:\/\/exlibris.ee\/toode\/grammatik-c1-buch-mit-videos\/"},"modified":"2026-04-06T09:09:16","modified_gmt":"2026-04-06T06:09:16","slug":"grammatik-c1-buch-mit-videos","status":"publish","type":"product","link":"https:\/\/exlibris.ee\/ru\/produkt\/grammatik-c1-buch-mit-videos\/","title":{"rendered":"Grammatik C1 \u2013 Buch mit Videos"},"content":{"rendered":"<p>\u00dcbungsbuch zum intensiven Grammatiktraining auf Niveau C1 \u2013 f\u00fcr DaF-Selbstlernende oder kursbegleitend &#8212; Abwechslungsreiche \u00dcbungen zur Intensivierung und Festigung der Grammatik &#8212; Ausbau komplexer, niveau\u00fcbergreifender Themen (z. B. Modalverben oder Konjunktiv) &#8212; Neue Ph\u00e4nomene, die ab C-Niveau relevant sind (z. B. Nominalstil oder Fokuspartikeln) &#8212; \u00dcbersichtliche Tabellen mit knapp formulierten Regeln &#8212; Anwendungstraining auch anhand von Texten wie z. B. Bericht, Blogeintrag, Zeitungsartikel, Sachtext &#8212; Wiederholung wichtiger B2-Grammatik-Ph\u00e4nomene und ein B2-Selbsttest &#8212; Mit L\u00f6sungsschl\u00fcssel zu allen \u00dcbungen &#8212; Extra: Grammatik-Videos online<\/p>\n","protected":false},"excerpt":{"rendered":"<p>\u00dcbungsbuch zum intensiven Grammatiktraining auf Niveau C1 \u2013 f\u00fcr DaF-Selbstlernende oder kursbegleitend &#8212; Abwechslungsreiche \u00dcbungen zur Intensivierung und Festigung der Grammatik &#8212; Ausbau komplexer, niveau\u00fcbergreifender Themen (z. B. Modalverben oder Konjunktiv) &#8212; Neue Ph\u00e4nomene, die ab C-Niveau relevant sind (z&#8230;.<\/p>\n","protected":false},"featured_media":150104,"template":"","meta":{"_acf_changed":false,"inline_featured_image":false},"product_brand":[],"product_cat":[480],"product_tag":[],"series":[{"id":926,"name":"Deutsch intensiv","slug":"deutsch-intensiv"}],"publisher":[{"id":473,"name":"Klett Verlag","slug":"klett-verlag"}],"class_list":{"0":"post-150116","1":"product","2":"type-product","3":"status-publish","4":"has-post-thumbnail","6":"product_cat-grammatiken","7":"series-deutsch-intensiv","8":"publisher-klett-verlag","10":"first","11":"onbackorder","12":"taxable","13":"shipping-taxable","14":"purchasable","15":"product-type-simple"},"acf":[],"_links":{"self":[{"href":"https:\/\/exlibris.ee\/ru\/wp-json\/wp\/v2\/product\/150116","targetHints":{"allow":["GET"]}}],"collection":[{"href":"https:\/\/exlibris.ee\/ru\/wp-json\/wp\/v2\/product"}],"about":[{"href":"https:\/\/exlibris.ee\/ru\/wp-json\/wp\/v2\/types\/product"}],"wp:featuredmedia":[{"embeddable":true,"href":"https:\/\/exlibris.ee\/ru\/wp-json\/wp\/v2\/media\/150104"}],"wp:attachment":[{"href":"https:\/\/exlibris.ee\/ru\/wp-json\/wp\/v2\/media?parent=150116"}],"wp:term":[{"taxonomy":"product_brand","embeddable":true,"href":"https:\/\/exlibris.ee\/ru\/wp-json\/wp\/v2\/product_brand?post=150116"},{"taxonomy":"product_cat","embeddable":true,"href":"https:\/\/exlibris.ee\/ru\/wp-json\/wp\/v2\/product_cat?post=150116"},{"taxonomy":"product_tag","embeddable":true,"href":"https:\/\/exlibris.ee\/ru\/wp-json\/wp\/v2\/product_tag?post=150116"},{"taxonomy":"series","embeddable":true,"href":"https:\/\/exlibris.ee\/ru\/wp-json\/wp\/v2\/series?post=150116"},{"taxonomy":"publisher","embeddable":true,"href":"https:\/\/exlibris.ee\/ru\/wp-json\/wp\/v2\/publisher?post=150116"}],"curies":[{"name":"wp","href":"https:\/\/api.w.org\/{rel}","templated":true}]}}