{"id":150161,"date":"2025-03-18T21:20:54","date_gmt":"2025-03-18T19:20:54","guid":{"rendered":"https:\/\/exlibris.ee\/toode\/die-deutschprofis-a2-1-kurs-ubungsbuch-hybrid-allango\/"},"modified":"2026-04-13T05:24:21","modified_gmt":"2026-04-13T02:24:21","slug":"die-deutschprofis-a2-1-kurs-ubungsbuch-hybrid-allango","status":"publish","type":"product","link":"https:\/\/exlibris.ee\/ru\/produkt\/die-deutschprofis-a2-1-kurs-ubungsbuch-hybrid-allango\/","title":{"rendered":"Die Deutschprofis A2.1, Kurs-\/\u00dcbungsbuch &#8212; hybrid allango"},"content":{"rendered":"<p>Mit der Hybriden Ausgabe erhalten Sie in der Printausgabe einen eingedruckten Lizenzschl\u00fcssel (f\u00fcr Unterrichtende und Lernende) zur Digitalen Ausgabe. So steht Ihnen das Buch auf der Lernplattform allango auch digital zur Verf\u00fcgung und Sie haben digitale Medieninhalte sofort griffbereit. Deutsch lernen wie die Profis &#8212; jetzt mit dem neuen Lehrwerk &#171;Die Deutschprofis&#187; f\u00fcr Kinder ab 8 Jahren. Der Teilband A2.1 mit integriertem \u00dcbungsbuch sowie Audios und Clips online enth\u00e4lt 6 Lektionen. Eine Einstiegsseite pro Lektion stimmt auf das Thema ein, am Ende jeder Lektion bietet eine Ausklangseite kreative Aufgaben und Spiele, Projekte und Texte. Nach 6 Lektionen bietet das Buch ein Fertigkeitentraining. Die Reihe &#171;Die Deutschprofis&#187; bereitet auf folgende Pr\u00fcfungen vor: Goethe-Zertifikat A1: Fit in Deutsch, Goethe-Zertifikat A2: Fit in Deutsch, Goethe-\/\u00d6SD-Zertifikat B1 und DSD I. &#8212; 24 Monate<\/p>\n","protected":false},"excerpt":{"rendered":"<p>Mit der Hybriden Ausgabe erhalten Sie in der Printausgabe einen eingedruckten Lizenzschl\u00fcssel (f\u00fcr Unterrichtende und Lernende) zur Digitalen Ausgabe. So steht Ihnen das Buch auf der Lernplattform allango auch digital zur Verf\u00fcgung und Sie haben digitale Medieninhalte sofort griffbereit. Deutsch&#8230;<\/p>\n","protected":false},"featured_media":235502,"template":"","meta":{"_acf_changed":false,"inline_featured_image":false},"product_brand":[],"product_cat":[881],"product_tag":[],"series":[{"id":938,"name":"Die Deutschprofis","slug":"die-deutschprofis"}],"publisher":[{"id":473,"name":"Klett Verlag","slug":"klett-verlag"}],"class_list":{"0":"post-150161","1":"product","2":"type-product","3":"status-publish","4":"has-post-thumbnail","6":"product_cat-lehrwerke-fur-kinder-und-jugendliche","7":"series-die-deutschprofis","8":"publisher-klett-verlag","10":"first","11":"onbackorder","12":"taxable","13":"shipping-taxable","14":"purchasable","15":"product-type-simple"},"acf":[],"_links":{"self":[{"href":"https:\/\/exlibris.ee\/ru\/wp-json\/wp\/v2\/product\/150161","targetHints":{"allow":["GET"]}}],"collection":[{"href":"https:\/\/exlibris.ee\/ru\/wp-json\/wp\/v2\/product"}],"about":[{"href":"https:\/\/exlibris.ee\/ru\/wp-json\/wp\/v2\/types\/product"}],"wp:featuredmedia":[{"embeddable":true,"href":"https:\/\/exlibris.ee\/ru\/wp-json\/wp\/v2\/media\/235502"}],"wp:attachment":[{"href":"https:\/\/exlibris.ee\/ru\/wp-json\/wp\/v2\/media?parent=150161"}],"wp:term":[{"taxonomy":"product_brand","embeddable":true,"href":"https:\/\/exlibris.ee\/ru\/wp-json\/wp\/v2\/product_brand?post=150161"},{"taxonomy":"product_cat","embeddable":true,"href":"https:\/\/exlibris.ee\/ru\/wp-json\/wp\/v2\/product_cat?post=150161"},{"taxonomy":"product_tag","embeddable":true,"href":"https:\/\/exlibris.ee\/ru\/wp-json\/wp\/v2\/product_tag?post=150161"},{"taxonomy":"series","embeddable":true,"href":"https:\/\/exlibris.ee\/ru\/wp-json\/wp\/v2\/series?post=150161"},{"taxonomy":"publisher","embeddable":true,"href":"https:\/\/exlibris.ee\/ru\/wp-json\/wp\/v2\/publisher?post=150161"}],"curies":[{"name":"wp","href":"https:\/\/api.w.org\/{rel}","templated":true}]}}