{"id":150166,"date":"2025-03-18T21:20:55","date_gmt":"2025-03-18T19:20:55","guid":{"rendered":"https:\/\/exlibris.ee\/toode\/mit-erfolg-zum-goethe-zertifikat-a1-fit-in-deutsch-1-ubungs-und-testbuch-mit-digitalen-extras\/"},"modified":"2026-04-18T15:30:08","modified_gmt":"2026-04-18T12:30:08","slug":"mit-erfolg-zum-goethe-zertifikat-a1-fit-in-deutsch-1-ubungs-und-testbuch-mit-digitalen-extras","status":"publish","type":"product","link":"https:\/\/exlibris.ee\/ru\/produkt\/mit-erfolg-zum-goethe-zertifikat-a1-fit-in-deutsch-1-ubungs-und-testbuch-mit-digitalen-extras\/","title":{"rendered":"Mit Erfolg zum Goethe-Zertifikat A1: Fit in Deutsch 1, \u00dcbungs- und Testbuch mit digitalen Extras"},"content":{"rendered":"<p>Goethe-Zertifikat A1 \u2013 Fit in Deutsch 1 &#8212; Das Training zur aktuellen Pr\u00fcfung f\u00fcr Kinder und Jugendliche &#8212; F\u00fcr den Deutschunterricht oder zum allein Lernen Das \u00dcbungs- und Testbuch mit 8 Modelltests &#8212; Die vier Pr\u00fcfungsteile Lesen, H\u00f6ren, Schreiben und Sprechen kennenlernen und die Pr\u00fcfung simulieren &#8212; Modelltest 1\u20134 mit vorbereitenden Wortschatz- und Grammatik\u00fcbungen &#8212; Deckt den gesamten Pr\u00fcfungswortschatz ab und wiederholt wichtige Grammatik &#8212; Mit Antwortbogen zum Trainieren und Dokumentieren des Lernerfolgs &#8212; Audios, L\u00f6sungen und Transkriptionen sind digital verf\u00fcgbar<\/p>\n","protected":false},"excerpt":{"rendered":"<p>Goethe-Zertifikat A1 \u2013 Fit in Deutsch 1 &#8212; Das Training zur aktuellen Pr\u00fcfung f\u00fcr Kinder und Jugendliche &#8212; F\u00fcr den Deutschunterricht oder zum allein Lernen Das \u00dcbungs- und Testbuch mit 8 Modelltests &#8212; Die vier Pr\u00fcfungsteile Lesen, H\u00f6ren, Schreiben und&#8230;<\/p>\n","protected":false},"featured_media":337713,"template":"","meta":{"_acf_changed":false,"inline_featured_image":false},"product_brand":[],"product_cat":[507],"product_tag":[],"series":[{"id":3099,"name":"Goethe A1-Fit","slug":"goethe-a1-fit"}],"publisher":[{"id":473,"name":"Klett Verlag","slug":"klett-verlag"}],"class_list":{"0":"post-150166","1":"product","2":"type-product","3":"status-publish","4":"has-post-thumbnail","6":"product_cat-prufungsvorbereitung","7":"series-goethe-a1-fit","8":"publisher-klett-verlag","10":"first","11":"onbackorder","12":"taxable","13":"shipping-taxable","14":"purchasable","15":"product-type-simple"},"acf":[],"_links":{"self":[{"href":"https:\/\/exlibris.ee\/ru\/wp-json\/wp\/v2\/product\/150166","targetHints":{"allow":["GET"]}}],"collection":[{"href":"https:\/\/exlibris.ee\/ru\/wp-json\/wp\/v2\/product"}],"about":[{"href":"https:\/\/exlibris.ee\/ru\/wp-json\/wp\/v2\/types\/product"}],"wp:featuredmedia":[{"embeddable":true,"href":"https:\/\/exlibris.ee\/ru\/wp-json\/wp\/v2\/media\/337713"}],"wp:attachment":[{"href":"https:\/\/exlibris.ee\/ru\/wp-json\/wp\/v2\/media?parent=150166"}],"wp:term":[{"taxonomy":"product_brand","embeddable":true,"href":"https:\/\/exlibris.ee\/ru\/wp-json\/wp\/v2\/product_brand?post=150166"},{"taxonomy":"product_cat","embeddable":true,"href":"https:\/\/exlibris.ee\/ru\/wp-json\/wp\/v2\/product_cat?post=150166"},{"taxonomy":"product_tag","embeddable":true,"href":"https:\/\/exlibris.ee\/ru\/wp-json\/wp\/v2\/product_tag?post=150166"},{"taxonomy":"series","embeddable":true,"href":"https:\/\/exlibris.ee\/ru\/wp-json\/wp\/v2\/series?post=150166"},{"taxonomy":"publisher","embeddable":true,"href":"https:\/\/exlibris.ee\/ru\/wp-json\/wp\/v2\/publisher?post=150166"}],"curies":[{"name":"wp","href":"https:\/\/api.w.org\/{rel}","templated":true}]}}