{"id":150835,"date":"2025-03-29T19:25:54","date_gmt":"2025-03-29T17:25:54","guid":{"rendered":"https:\/\/exlibris.ee\/toode\/oliver-hermanni-saladus\/"},"modified":"2026-04-16T21:36:36","modified_gmt":"2026-04-16T18:36:36","slug":"oliver-hermanni-saladus","status":"publish","type":"product","link":"https:\/\/exlibris.ee\/ru\/produkt\/oliver-hermanni-saladus\/","title":{"rendered":"Oliver. Hermanni saladus"},"content":{"rendered":"<p>Raamat toimub kahes ajaloolises ajastus: 1676. ja 2024. aastal. Peategelasteks on noorukid Oliver ja Mar\u00f6. Oliver elab t\u00e4nap\u00e4eva Narvas, aga Mar\u00f6 elab minevikus.. \u00dchel p\u00e4eval saadavad vanemad Mar\u00f6 Mustak\u00fclla (t\u00e4nap\u00e4eval Mustvee), et aidata vanaema ja vanaisa p\u00f5llumajanduses. Samal ajal viib ajamasin Oliveri teise ajastusse. Selles seikluses saadab teda ajamasina valvur \u2013 nahkhiir. Minevikku j\u00f5udes sukeldub Oliver vanasse Narvasse ja kohtub juhuslikult Mar\u00f6ga. Koos sukeldub s\u00f5prade paar kohe ohtlike s\u00fcndmuste keerisesse.  Raamat on originaalne, kuna selle peategelased kuuluvad vadja rahvusesse, mis on ajalooliselt elanud t\u00e4nap\u00e4eva Eesti aladel. Raamat tutvustab lugejale vadja rahva tarkusi ja vanas\u00f5nu.  Raamatu t\u00e4iendavad materjalid sisaldavad ajaloolisi andmeid vadja rahva kohta, rahvariiete joonistusi, legende, vanas\u00f5nu ja ajaloolisi kaarte nende asualast.  Ajalooliste detailide t\u00e4psuse tagamiseks koostasid autorid koost\u00f6\u00f6d ajaloolaste ja spetsialistidega kogu Eestist.  Anu Oja Eesti Kunstiakadeemiast, Narva kultuurip\u00e4randi inspektor Madis Tuuder, P\u00e4rnu Muuseumi projektijuht Aleksandra Ehtne, kost\u00fc\u00fcmikunstnik Andres Tvauri, kunstide magister ja filosoofia doktor Jekaterina Kuznetsova, vadja rahva esindaja ja Ingeri maja juhatuse liige, ning teised andsid hindamatult abi.<\/p>\n","protected":false},"excerpt":{"rendered":"<p>Raamat toimub kahes ajaloolises ajastus: 1676. ja 2024. aastal. Peategelasteks on noorukid Oliver ja Mar\u00f6. Oliver elab t\u00e4nap\u00e4eva Narvas, aga Mar\u00f6 elab minevikus.. \u00dchel p\u00e4eval saadavad vanemad Mar\u00f6 Mustak\u00fclla (t\u00e4nap\u00e4eval Mustvee), et aidata vanaema ja vanaisa p\u00f5llumajanduses. Samal ajal viib&#8230;<\/p>\n","protected":false},"featured_media":150300,"template":"","meta":{"_acf_changed":false,"inline_featured_image":false},"product_brand":[],"product_cat":[2410],"product_tag":[],"series":[],"publisher":[{"id":3109,"name":"Planet 27 MT\u00dc","slug":"planet-27-mtu"}],"class_list":{"0":"post-150835","1":"product","2":"type-product","3":"status-publish","4":"has-post-thumbnail","6":"product_cat-rlas-eesti","7":"publisher-planet-27-mtu","9":"first","10":"instock","11":"taxable","12":"shipping-taxable","13":"purchasable","14":"product-type-simple"},"acf":[],"_links":{"self":[{"href":"https:\/\/exlibris.ee\/ru\/wp-json\/wp\/v2\/product\/150835","targetHints":{"allow":["GET"]}}],"collection":[{"href":"https:\/\/exlibris.ee\/ru\/wp-json\/wp\/v2\/product"}],"about":[{"href":"https:\/\/exlibris.ee\/ru\/wp-json\/wp\/v2\/types\/product"}],"wp:featuredmedia":[{"embeddable":true,"href":"https:\/\/exlibris.ee\/ru\/wp-json\/wp\/v2\/media\/150300"}],"wp:attachment":[{"href":"https:\/\/exlibris.ee\/ru\/wp-json\/wp\/v2\/media?parent=150835"}],"wp:term":[{"taxonomy":"product_brand","embeddable":true,"href":"https:\/\/exlibris.ee\/ru\/wp-json\/wp\/v2\/product_brand?post=150835"},{"taxonomy":"product_cat","embeddable":true,"href":"https:\/\/exlibris.ee\/ru\/wp-json\/wp\/v2\/product_cat?post=150835"},{"taxonomy":"product_tag","embeddable":true,"href":"https:\/\/exlibris.ee\/ru\/wp-json\/wp\/v2\/product_tag?post=150835"},{"taxonomy":"series","embeddable":true,"href":"https:\/\/exlibris.ee\/ru\/wp-json\/wp\/v2\/series?post=150835"},{"taxonomy":"publisher","embeddable":true,"href":"https:\/\/exlibris.ee\/ru\/wp-json\/wp\/v2\/publisher?post=150835"}],"curies":[{"name":"wp","href":"https:\/\/api.w.org\/{rel}","templated":true}]}}