{"id":154635,"date":"2025-04-12T01:26:40","date_gmt":"2025-04-11T22:26:40","guid":{"rendered":"https:\/\/exlibris.ee\/toode\/marta-varbad\/"},"modified":"2026-04-13T09:29:52","modified_gmt":"2026-04-13T06:29:52","slug":"marta-varbad","status":"publish","type":"product","link":"https:\/\/exlibris.ee\/ru\/produkt\/marta-varbad\/","title":{"rendered":"Marta Varbad"},"content":{"rendered":"<p>See on raamat, mis ilmus esimest korda ainueksemplarina ja fotodega illustreeritult minu t\u00fctre Marta kolmandaks s\u00fcnnip\u00e4evaks, kingituseks talle. K\u00f5ik need lood on meie Martaga p\u00e4riselt juhtunud, isegi r\u00e4\u00e4kiv putukas ja sosistav vannivaht. Suur ait\u00e4h Piia Maistele, kes m\u00f5ni aasta hiljem tegi mu lugude juurde niisugused pildid, mis m\u00f5nusalt naeratama panevad. Meie koost\u00f6\u00f6st sai alguse perelugude sari. Ja suur ait\u00e4h pisikestele, kes \u201eMarta varbaid\u201c armastama hakkasid! Vahepeal on aastad m\u00f6\u00f6dunud, Marta on kasvanud minust pikemaks ja v\u00f5itnud kaugel Ameerikamaal kihlveo, kas tema varvastest on raamat kirjutatud v\u00f5i ei\u2026 Ja vahepeal on m\u00f5ni minust pikem lugeja mu juurde astunud ja \u00f6elnud: \u201eKui ma olin kolmeaastane, teadsin ma t\u00e4pselt peast neid \u201eMarta varvaste lugusid!\u201c Uues versioonis pole palju muudetud. Me parandasime \u00e4ra vihmaloo jopev\u00e4rvid, mida nii m\u00f5nigi f\u00e4nn m\u00e4rkas. Ja t\u00e4psustasime hea tuju ja halva tuju tantsusid. Head ettelugemist! Head kasvamist koos raamatutega!<\/p>\n","protected":false},"excerpt":{"rendered":"<p>See on raamat, mis ilmus esimest korda ainueksemplarina ja fotodega illustreeritult minu t\u00fctre Marta kolmandaks s\u00fcnnip\u00e4evaks, kingituseks talle. K\u00f5ik need lood on meie Martaga p\u00e4riselt juhtunud, isegi r\u00e4\u00e4kiv putukas ja sosistav vannivaht. Suur ait\u00e4h Piia Maistele, kes m\u00f5ni aasta hiljem&#8230;<\/p>\n","protected":false},"featured_media":150363,"template":"","meta":{"_acf_changed":false,"inline_featured_image":false},"product_brand":[],"product_cat":[2410],"product_tag":[],"series":[{"id":3157,"name":"Meie pere lood","slug":"meie-pere-lood"}],"publisher":[{"id":2205,"name":"Petrone Print","slug":"petrone-print"}],"class_list":{"0":"post-154635","1":"product","2":"type-product","3":"status-publish","4":"has-post-thumbnail","6":"product_cat-rlas-eesti","7":"series-meie-pere-lood","8":"publisher-petrone-print","10":"first","11":"instock","12":"taxable","13":"shipping-taxable","14":"purchasable","15":"product-type-simple"},"acf":[],"_links":{"self":[{"href":"https:\/\/exlibris.ee\/ru\/wp-json\/wp\/v2\/product\/154635","targetHints":{"allow":["GET"]}}],"collection":[{"href":"https:\/\/exlibris.ee\/ru\/wp-json\/wp\/v2\/product"}],"about":[{"href":"https:\/\/exlibris.ee\/ru\/wp-json\/wp\/v2\/types\/product"}],"wp:featuredmedia":[{"embeddable":true,"href":"https:\/\/exlibris.ee\/ru\/wp-json\/wp\/v2\/media\/150363"}],"wp:attachment":[{"href":"https:\/\/exlibris.ee\/ru\/wp-json\/wp\/v2\/media?parent=154635"}],"wp:term":[{"taxonomy":"product_brand","embeddable":true,"href":"https:\/\/exlibris.ee\/ru\/wp-json\/wp\/v2\/product_brand?post=154635"},{"taxonomy":"product_cat","embeddable":true,"href":"https:\/\/exlibris.ee\/ru\/wp-json\/wp\/v2\/product_cat?post=154635"},{"taxonomy":"product_tag","embeddable":true,"href":"https:\/\/exlibris.ee\/ru\/wp-json\/wp\/v2\/product_tag?post=154635"},{"taxonomy":"series","embeddable":true,"href":"https:\/\/exlibris.ee\/ru\/wp-json\/wp\/v2\/series?post=154635"},{"taxonomy":"publisher","embeddable":true,"href":"https:\/\/exlibris.ee\/ru\/wp-json\/wp\/v2\/publisher?post=154635"}],"curies":[{"name":"wp","href":"https:\/\/api.w.org\/{rel}","templated":true}]}}