{"id":154637,"date":"2025-04-12T01:26:41","date_gmt":"2025-04-11T22:26:41","guid":{"rendered":"https:\/\/exlibris.ee\/toode\/meie-eesti\/"},"modified":"2026-04-13T09:29:52","modified_gmt":"2026-04-13T06:29:52","slug":"meie-eesti","status":"publish","type":"product","link":"https:\/\/exlibris.ee\/ru\/produkt\/meie-eesti\/","title":{"rendered":"Meie Eesti"},"content":{"rendered":"<p>Kas tead, kes oli Eesti esimene president? Aga kui vana on Eesti, kas vanem kui dinosaurused? Mis on \u00f5ige eesti toit? Millest on tehtud kama? Miks Eesti oma raha \u00e4ra kadus ja m\u00e4ngurahaks sai? Kas lipp v\u00f5ib \u00f6\u00f6sel lehvida? Miks on Muhu seeliku triibud kollased?\u2026  Raamatu peategelane on k\u00f5ike teada tahtev t\u00fcdruk nimega Anna. Tutvustame raamatus erinevaid Eesti paiku, meie ajalugu, toite ja kombeid. K\u00f5ik on kirja pandud ema-t\u00fctre dialoogidena, aga ka reisidena eri kohtadesse nagu Tallinna vanalinn, Kohtla-N\u00f5mme kaevandusmuuseum, Narva, Soomaa ja muud.  Selle raamatu idee s\u00fcndis Maxima poeketil, kes soovis kinkida lastele Eesti riigi 100. s\u00fcnnip\u00e4evaks hariva ja l\u00f5busa raamatu. Kirjanik Epp Petrone v\u00f5ttis oma lastelugudest tuttavad tegelased ja r\u00e4ndas nendega meie maa ajaloos ja kommetes.  L\u00f5busat lugemist!  Raamat sobib \u00f5ppekava t\u00e4iendmaterjaliks lasteaia l\u00f5puastmes ja nooremas koolieas.  Uus, t\u00e4iendatud tr\u00fckk aastast 2025.<\/p>\n","protected":false},"excerpt":{"rendered":"<p>Kas tead, kes oli Eesti esimene president? Aga kui vana on Eesti, kas vanem kui dinosaurused? Mis on \u00f5ige eesti toit? Millest on tehtud kama? Miks Eesti oma raha \u00e4ra kadus ja m\u00e4ngurahaks sai? Kas lipp v\u00f5ib \u00f6\u00f6sel lehvida? Miks&#8230;<\/p>\n","protected":false},"featured_media":150369,"template":"","meta":{"_acf_changed":false,"inline_featured_image":false},"product_brand":[],"product_cat":[2410],"product_tag":[],"series":[],"publisher":[{"id":2205,"name":"Petrone Print","slug":"petrone-print"}],"class_list":{"0":"post-154637","1":"product","2":"type-product","3":"status-publish","4":"has-post-thumbnail","6":"product_cat-rlas-eesti","7":"publisher-petrone-print","9":"first","10":"instock","11":"taxable","12":"shipping-taxable","13":"purchasable","14":"product-type-simple"},"acf":[],"_links":{"self":[{"href":"https:\/\/exlibris.ee\/ru\/wp-json\/wp\/v2\/product\/154637","targetHints":{"allow":["GET"]}}],"collection":[{"href":"https:\/\/exlibris.ee\/ru\/wp-json\/wp\/v2\/product"}],"about":[{"href":"https:\/\/exlibris.ee\/ru\/wp-json\/wp\/v2\/types\/product"}],"wp:featuredmedia":[{"embeddable":true,"href":"https:\/\/exlibris.ee\/ru\/wp-json\/wp\/v2\/media\/150369"}],"wp:attachment":[{"href":"https:\/\/exlibris.ee\/ru\/wp-json\/wp\/v2\/media?parent=154637"}],"wp:term":[{"taxonomy":"product_brand","embeddable":true,"href":"https:\/\/exlibris.ee\/ru\/wp-json\/wp\/v2\/product_brand?post=154637"},{"taxonomy":"product_cat","embeddable":true,"href":"https:\/\/exlibris.ee\/ru\/wp-json\/wp\/v2\/product_cat?post=154637"},{"taxonomy":"product_tag","embeddable":true,"href":"https:\/\/exlibris.ee\/ru\/wp-json\/wp\/v2\/product_tag?post=154637"},{"taxonomy":"series","embeddable":true,"href":"https:\/\/exlibris.ee\/ru\/wp-json\/wp\/v2\/series?post=154637"},{"taxonomy":"publisher","embeddable":true,"href":"https:\/\/exlibris.ee\/ru\/wp-json\/wp\/v2\/publisher?post=154637"}],"curies":[{"name":"wp","href":"https:\/\/api.w.org\/{rel}","templated":true}]}}