{"id":154915,"date":"2025-04-17T03:17:38","date_gmt":"2025-04-17T00:17:38","guid":{"rendered":"https:\/\/exlibris.ee\/toode\/deutsch-fur-junge-lerner-wir-live-dvd-and-booklet\/"},"modified":"2026-04-05T15:22:58","modified_gmt":"2026-04-05T12:22:58","slug":"deutsch-fur-junge-lerner-wir-live-dvd-and-booklet","status":"publish","type":"product","link":"https:\/\/exlibris.ee\/ru\/produkt\/deutsch-fur-junge-lerner-wir-live-dvd-and-booklet\/","title":{"rendered":"Deutsch F\u00fcr Junge Lerner: Wir&#8230;Live, DVD and Booklet"},"content":{"rendered":"<p>Die DVD eignet sich als Zusatzmaterial zu Wir und Wir Plus. Grundkurs Deutsch f\u00fcr junge Lerner A1-B1, kann jedoch auch lehrwerksunabh\u00e4ngig eingesetzt werden. \u2022 In neun Modulen werden wichtige Unterrichtsthemen aufgegriffen z. B. Familie, mein Zimmer, Tagesablauf, Freizeit und Hobbys, Gesundheit. \u2022 Neben den Einblicken in das Alltagsleben einer deutschen Familie bietet der Film zahlreiche Informationen zu Deutschland z. B. ein Stadtportr\u00e4t von M\u00fcnchen. \u2022 Der Film l\u00e4sst sich durch die Einteilung in kurze Filmsequenzen gut in den Unterricht integrieren. \u2022 Durch gezielte \u00dcbungen zum Film im Booklet wird die H\u00f6r-\/Sehverstehenskompetenz der Lernenden gef\u00f6rdert. \u2022 Das Booklet enth\u00e4lt die Transkriptionen der Filmtexte und L\u00f6sungen zu den \u00dcbungen.<\/p>\n","protected":false},"excerpt":{"rendered":"<p>Die DVD eignet sich als Zusatzmaterial zu Wir und Wir Plus. Grundkurs Deutsch f\u00fcr junge Lerner A1-B1, kann jedoch auch lehrwerksunabh\u00e4ngig eingesetzt werden. \u2022 In neun Modulen werden wichtige Unterrichtsthemen aufgegriffen z. B. Familie, mein Zimmer, Tagesablauf, Freizeit und Hobbys,&#8230;<\/p>\n","protected":false},"featured_media":154535,"template":"","meta":{"_acf_changed":false,"inline_featured_image":false},"product_brand":[],"product_cat":[477],"product_tag":[],"series":[],"publisher":[{"id":473,"name":"Klett Verlag","slug":"klett-verlag"}],"class_list":{"0":"post-154915","1":"product","2":"type-product","3":"status-publish","4":"has-post-thumbnail","6":"product_cat-lehrwerke-fur-jugendliche","7":"publisher-klett-verlag","9":"first","10":"instock","11":"taxable","12":"shipping-taxable","13":"purchasable","14":"product-type-simple"},"acf":[],"_links":{"self":[{"href":"https:\/\/exlibris.ee\/ru\/wp-json\/wp\/v2\/product\/154915","targetHints":{"allow":["GET"]}}],"collection":[{"href":"https:\/\/exlibris.ee\/ru\/wp-json\/wp\/v2\/product"}],"about":[{"href":"https:\/\/exlibris.ee\/ru\/wp-json\/wp\/v2\/types\/product"}],"wp:featuredmedia":[{"embeddable":true,"href":"https:\/\/exlibris.ee\/ru\/wp-json\/wp\/v2\/media\/154535"}],"wp:attachment":[{"href":"https:\/\/exlibris.ee\/ru\/wp-json\/wp\/v2\/media?parent=154915"}],"wp:term":[{"taxonomy":"product_brand","embeddable":true,"href":"https:\/\/exlibris.ee\/ru\/wp-json\/wp\/v2\/product_brand?post=154915"},{"taxonomy":"product_cat","embeddable":true,"href":"https:\/\/exlibris.ee\/ru\/wp-json\/wp\/v2\/product_cat?post=154915"},{"taxonomy":"product_tag","embeddable":true,"href":"https:\/\/exlibris.ee\/ru\/wp-json\/wp\/v2\/product_tag?post=154915"},{"taxonomy":"series","embeddable":true,"href":"https:\/\/exlibris.ee\/ru\/wp-json\/wp\/v2\/series?post=154915"},{"taxonomy":"publisher","embeddable":true,"href":"https:\/\/exlibris.ee\/ru\/wp-json\/wp\/v2\/publisher?post=154915"}],"curies":[{"name":"wp","href":"https:\/\/api.w.org\/{rel}","templated":true}]}}