{"id":154928,"date":"2025-04-17T03:23:02","date_gmt":"2025-04-17T00:23:02","guid":{"rendered":"https:\/\/exlibris.ee\/toode\/themen-neu-2-kursbuch\/"},"modified":"2026-04-04T03:14:53","modified_gmt":"2026-04-04T00:14:53","slug":"themen-neu-2-kursbuch","status":"publish","type":"product","link":"https:\/\/exlibris.ee\/ru\/produkt\/themen-neu-2-kursbuch\/","title":{"rendered":"Themen neu 2, Kursbuch"},"content":{"rendered":"<p>&#171;Themen Neu 2 Kursbuch&#187; ist das zweite Buch der &#171;Themen Neu&#187;-Lehrwerksreihe, die f\u00fcr den Unterricht in Deutsch als Fremdsprache konzipiert wurde. Dieses Kursbuch richtet sich an Lernende auf dem Niveau A2 und zielt darauf ab, die Sprachkenntnisse systematisch zu erweitern. Es enth\u00e4lt eine Vielzahl von Lektionen, die verschiedene Alltagsthemen abdecken, und legt besonderen Wert auf die Entwicklung der kommunikativen F\u00e4higkeiten. Durch authentische Texte, Dialoge und \u00dcbungen werden sowohl der Wortschatz als auch die Grammatikkenntnisse vertieft. Zus\u00e4tzlich f\u00f6rdert das Buch die H\u00f6r- und Leseverst\u00e4ndnisf\u00e4higkeiten der Lernenden. Begleitend zum Kursbuch gibt es ein Arbeitsbuch, das zus\u00e4tzliche \u00dcbungen und Aufgaben zur Festigung des Gelernten bietet.<\/p>\n","protected":false},"excerpt":{"rendered":"<p>&#171;Themen Neu 2 Kursbuch&#187; ist das zweite Buch der &#171;Themen Neu&#187;-Lehrwerksreihe, die f\u00fcr den Unterricht in Deutsch als Fremdsprache konzipiert wurde. Dieses Kursbuch richtet sich an Lernende auf dem Niveau A2 und zielt darauf ab, die Sprachkenntnisse systematisch zu erweitern&#8230;.<\/p>\n","protected":false},"featured_media":154541,"template":"","meta":{"_acf_changed":false,"inline_featured_image":false},"product_brand":[],"product_cat":[538],"product_tag":[],"series":[{"id":2328,"name":"Themen neu","slug":"themen-neu"}],"publisher":[{"id":497,"name":"Hueber Verlag","slug":"hueber-verlag"}],"class_list":{"0":"post-154928","1":"product","2":"type-product","3":"status-publish","4":"has-post-thumbnail","6":"product_cat-lehrwerke-fur-erwachsene","7":"series-themen-neu","8":"publisher-hueber-verlag","10":"first","11":"instock","12":"taxable","13":"shipping-taxable","14":"purchasable","15":"product-type-simple"},"acf":[],"_links":{"self":[{"href":"https:\/\/exlibris.ee\/ru\/wp-json\/wp\/v2\/product\/154928","targetHints":{"allow":["GET"]}}],"collection":[{"href":"https:\/\/exlibris.ee\/ru\/wp-json\/wp\/v2\/product"}],"about":[{"href":"https:\/\/exlibris.ee\/ru\/wp-json\/wp\/v2\/types\/product"}],"wp:featuredmedia":[{"embeddable":true,"href":"https:\/\/exlibris.ee\/ru\/wp-json\/wp\/v2\/media\/154541"}],"wp:attachment":[{"href":"https:\/\/exlibris.ee\/ru\/wp-json\/wp\/v2\/media?parent=154928"}],"wp:term":[{"taxonomy":"product_brand","embeddable":true,"href":"https:\/\/exlibris.ee\/ru\/wp-json\/wp\/v2\/product_brand?post=154928"},{"taxonomy":"product_cat","embeddable":true,"href":"https:\/\/exlibris.ee\/ru\/wp-json\/wp\/v2\/product_cat?post=154928"},{"taxonomy":"product_tag","embeddable":true,"href":"https:\/\/exlibris.ee\/ru\/wp-json\/wp\/v2\/product_tag?post=154928"},{"taxonomy":"series","embeddable":true,"href":"https:\/\/exlibris.ee\/ru\/wp-json\/wp\/v2\/series?post=154928"},{"taxonomy":"publisher","embeddable":true,"href":"https:\/\/exlibris.ee\/ru\/wp-json\/wp\/v2\/publisher?post=154928"}],"curies":[{"name":"wp","href":"https:\/\/api.w.org\/{rel}","templated":true}]}}