{"id":154930,"date":"2025-04-17T03:23:03","date_gmt":"2025-04-17T00:23:03","guid":{"rendered":"https:\/\/exlibris.ee\/toode\/tangram-1-kursbuch\/"},"modified":"2026-04-19T11:46:28","modified_gmt":"2026-04-19T08:46:28","slug":"tangram-1-kursbuch","status":"publish","type":"product","link":"https:\/\/exlibris.ee\/ru\/produkt\/tangram-1-kursbuch\/","title":{"rendered":"Tangram 1, Kursbuch"},"content":{"rendered":"<p>Tangram 1: Kursbuch ist der erste Band der Lehrwerksreihe \u201eTangram\u201c, die f\u00fcr Deutsch als Fremdsprache konzipiert wurde. Das Buch richtet sich an Anf\u00e4nger ohne Vorkenntnisse (Niveau A1) und orientiert sich am Gemeinsamen Europ\u00e4ischen Referenzrahmen f\u00fcr Sprachen.  Es kombiniert kommunikative Lehrmethoden mit einer klar strukturierten Progression. Authentische Dialoge, abwechslungsreiche \u00dcbungen und alltagsnahe Themen f\u00f6rdern den Spracherwerb in H\u00f6ren, Sprechen, Lesen und Schreiben.  Das Kursbuch ist ideal f\u00fcr den Einsatz im Unterricht und wird durch ein passendes Arbeitsbuch erg\u00e4nzt.<\/p>\n","protected":false},"excerpt":{"rendered":"<p>Tangram 1: Kursbuch ist der erste Band der Lehrwerksreihe \u201eTangram\u201c, die f\u00fcr Deutsch als Fremdsprache konzipiert wurde. Das Buch richtet sich an Anf\u00e4nger ohne Vorkenntnisse (Niveau A1) und orientiert sich am Gemeinsamen Europ\u00e4ischen Referenzrahmen f\u00fcr Sprachen. Es kombiniert kommunikative Lehrmethoden&#8230;<\/p>\n","protected":false},"featured_media":154547,"template":"","meta":{"_acf_changed":false,"inline_featured_image":false},"product_brand":[],"product_cat":[538],"product_tag":[],"series":[{"id":1269,"name":"Tangram","slug":"tangram"}],"publisher":[{"id":497,"name":"Hueber Verlag","slug":"hueber-verlag"}],"class_list":{"0":"post-154930","1":"product","2":"type-product","3":"status-publish","4":"has-post-thumbnail","6":"product_cat-lehrwerke-fur-erwachsene","7":"series-tangram","8":"publisher-hueber-verlag","10":"first","11":"instock","12":"taxable","13":"shipping-taxable","14":"purchasable","15":"product-type-simple"},"acf":[],"_links":{"self":[{"href":"https:\/\/exlibris.ee\/ru\/wp-json\/wp\/v2\/product\/154930","targetHints":{"allow":["GET"]}}],"collection":[{"href":"https:\/\/exlibris.ee\/ru\/wp-json\/wp\/v2\/product"}],"about":[{"href":"https:\/\/exlibris.ee\/ru\/wp-json\/wp\/v2\/types\/product"}],"wp:featuredmedia":[{"embeddable":true,"href":"https:\/\/exlibris.ee\/ru\/wp-json\/wp\/v2\/media\/154547"}],"wp:attachment":[{"href":"https:\/\/exlibris.ee\/ru\/wp-json\/wp\/v2\/media?parent=154930"}],"wp:term":[{"taxonomy":"product_brand","embeddable":true,"href":"https:\/\/exlibris.ee\/ru\/wp-json\/wp\/v2\/product_brand?post=154930"},{"taxonomy":"product_cat","embeddable":true,"href":"https:\/\/exlibris.ee\/ru\/wp-json\/wp\/v2\/product_cat?post=154930"},{"taxonomy":"product_tag","embeddable":true,"href":"https:\/\/exlibris.ee\/ru\/wp-json\/wp\/v2\/product_tag?post=154930"},{"taxonomy":"series","embeddable":true,"href":"https:\/\/exlibris.ee\/ru\/wp-json\/wp\/v2\/series?post=154930"},{"taxonomy":"publisher","embeddable":true,"href":"https:\/\/exlibris.ee\/ru\/wp-json\/wp\/v2\/publisher?post=154930"}],"curies":[{"name":"wp","href":"https:\/\/api.w.org\/{rel}","templated":true}]}}