{"id":154931,"date":"2025-04-17T03:23:03","date_gmt":"2025-04-17T00:23:03","guid":{"rendered":"https:\/\/exlibris.ee\/toode\/tangram-2-kursbuch\/"},"modified":"2026-04-05T15:25:43","modified_gmt":"2026-04-05T12:25:43","slug":"tangram-2-kursbuch","status":"publish","type":"product","link":"https:\/\/exlibris.ee\/ru\/produkt\/tangram-2-kursbuch\/","title":{"rendered":"Tangram 2, Kursbuch"},"content":{"rendered":"<p>Tangram, unser neues Lehrwerk f\u00fcr die Grundstufe, f\u00fchrt in zwei B\u00e4nden oder vier Halbb\u00e4nden mit abschlie\u00dfendem Zertifikatsvorbereitungskurs zum neuen Zertifikat Deutsch und somit im Rahmen der Zertifikatsvorgaben zum Global-Lernziel \u201eHandlungsf\u00e4higkeit in deutschsprachiger Gesellschaft\u201c. Voraussetzungen: Kenntnisstand von Tangram 1 Zielgruppe: Jugendliche und junge Erwachsene ohne Vorkenntnisse der deutschen Sprache in Grundstufenkursen an Volkshochschulen, Goethe-Instituten, Universit\u00e4ten, privaten Sprachschulen und anderen Institutionen weltweit, an denen Deutsch als Fremdsprache unterrichtet wird. Lernziel: Grundkenntnisse der deutschen Sprache und hinf\u00fchrend auf das neue Zertifikat Deutsch.<\/p>\n","protected":false},"excerpt":{"rendered":"<p>Tangram, unser neues Lehrwerk f\u00fcr die Grundstufe, f\u00fchrt in zwei B\u00e4nden oder vier Halbb\u00e4nden mit abschlie\u00dfendem Zertifikatsvorbereitungskurs zum neuen Zertifikat Deutsch und somit im Rahmen der Zertifikatsvorgaben zum Global-Lernziel \u201eHandlungsf\u00e4higkeit in deutschsprachiger Gesellschaft\u201c. Voraussetzungen: Kenntnisstand von Tangram 1 Zielgruppe: Jugendliche&#8230;<\/p>\n","protected":false},"featured_media":154550,"template":"","meta":{"_acf_changed":false,"inline_featured_image":false},"product_brand":[],"product_cat":[538],"product_tag":[],"series":[{"id":1269,"name":"Tangram","slug":"tangram"}],"publisher":[{"id":497,"name":"Hueber Verlag","slug":"hueber-verlag"}],"class_list":{"0":"post-154931","1":"product","2":"type-product","3":"status-publish","4":"has-post-thumbnail","6":"product_cat-lehrwerke-fur-erwachsene","7":"series-tangram","8":"publisher-hueber-verlag","10":"first","11":"instock","12":"taxable","13":"shipping-taxable","14":"purchasable","15":"product-type-simple"},"acf":[],"_links":{"self":[{"href":"https:\/\/exlibris.ee\/ru\/wp-json\/wp\/v2\/product\/154931","targetHints":{"allow":["GET"]}}],"collection":[{"href":"https:\/\/exlibris.ee\/ru\/wp-json\/wp\/v2\/product"}],"about":[{"href":"https:\/\/exlibris.ee\/ru\/wp-json\/wp\/v2\/types\/product"}],"wp:featuredmedia":[{"embeddable":true,"href":"https:\/\/exlibris.ee\/ru\/wp-json\/wp\/v2\/media\/154550"}],"wp:attachment":[{"href":"https:\/\/exlibris.ee\/ru\/wp-json\/wp\/v2\/media?parent=154931"}],"wp:term":[{"taxonomy":"product_brand","embeddable":true,"href":"https:\/\/exlibris.ee\/ru\/wp-json\/wp\/v2\/product_brand?post=154931"},{"taxonomy":"product_cat","embeddable":true,"href":"https:\/\/exlibris.ee\/ru\/wp-json\/wp\/v2\/product_cat?post=154931"},{"taxonomy":"product_tag","embeddable":true,"href":"https:\/\/exlibris.ee\/ru\/wp-json\/wp\/v2\/product_tag?post=154931"},{"taxonomy":"series","embeddable":true,"href":"https:\/\/exlibris.ee\/ru\/wp-json\/wp\/v2\/series?post=154931"},{"taxonomy":"publisher","embeddable":true,"href":"https:\/\/exlibris.ee\/ru\/wp-json\/wp\/v2\/publisher?post=154931"}],"curies":[{"name":"wp","href":"https:\/\/api.w.org\/{rel}","templated":true}]}}