{"id":154932,"date":"2025-04-17T03:23:04","date_gmt":"2025-04-17T00:23:04","guid":{"rendered":"https:\/\/exlibris.ee\/toode\/prufungskurs-dsh-ubungsbuch-und-audio-cassette\/"},"modified":"2026-04-05T15:25:43","modified_gmt":"2026-04-05T12:25:43","slug":"prufungskurs-dsh-ubungsbuch-und-audio-cassette","status":"publish","type":"product","link":"https:\/\/exlibris.ee\/ru\/produkt\/prufungskurs-dsh-ubungsbuch-und-audio-cassette\/","title":{"rendered":"Prufungskurs DSH, Ubungsbuch und Audio Cassette"},"content":{"rendered":"<p>Vorbereitung auf die Deutsche Sprachpr\u00fcfung f\u00fcr den Hochschulzugang ausl\u00e4ndischer Studienbewerber. Im ersten Teil werden Aufgabenbereiche der DSH detailliert dargestellt und L\u00f6sungswege aufgezeigt. Im zweiten Teil folgen Musterpr\u00fcfungen. Das Buch ist f\u00fcr das Selbststudium angelegt, kann aber auch lehrwerkerg\u00e4nzend in Kursen, die auf die DSH vorbereiten, eingesetzt werden.<\/p>\n","protected":false},"excerpt":{"rendered":"<p>Vorbereitung auf die Deutsche Sprachpr\u00fcfung f\u00fcr den Hochschulzugang ausl\u00e4ndischer Studienbewerber. Im ersten Teil werden Aufgabenbereiche der DSH detailliert dargestellt und L\u00f6sungswege aufgezeigt. Im zweiten Teil folgen Musterpr\u00fcfungen. Das Buch ist f\u00fcr das Selbststudium angelegt, kann aber auch lehrwerkerg\u00e4nzend in Kursen,&#8230;<\/p>\n","protected":false},"featured_media":154553,"template":"","meta":{"_acf_changed":false,"inline_featured_image":false},"product_brand":[],"product_cat":[538],"product_tag":[],"series":[],"publisher":[{"id":497,"name":"Hueber Verlag","slug":"hueber-verlag"}],"class_list":{"0":"post-154932","1":"product","2":"type-product","3":"status-publish","4":"has-post-thumbnail","6":"product_cat-lehrwerke-fur-erwachsene","7":"publisher-hueber-verlag","9":"first","10":"instock","11":"taxable","12":"shipping-taxable","13":"purchasable","14":"product-type-simple"},"acf":[],"_links":{"self":[{"href":"https:\/\/exlibris.ee\/ru\/wp-json\/wp\/v2\/product\/154932","targetHints":{"allow":["GET"]}}],"collection":[{"href":"https:\/\/exlibris.ee\/ru\/wp-json\/wp\/v2\/product"}],"about":[{"href":"https:\/\/exlibris.ee\/ru\/wp-json\/wp\/v2\/types\/product"}],"wp:featuredmedia":[{"embeddable":true,"href":"https:\/\/exlibris.ee\/ru\/wp-json\/wp\/v2\/media\/154553"}],"wp:attachment":[{"href":"https:\/\/exlibris.ee\/ru\/wp-json\/wp\/v2\/media?parent=154932"}],"wp:term":[{"taxonomy":"product_brand","embeddable":true,"href":"https:\/\/exlibris.ee\/ru\/wp-json\/wp\/v2\/product_brand?post=154932"},{"taxonomy":"product_cat","embeddable":true,"href":"https:\/\/exlibris.ee\/ru\/wp-json\/wp\/v2\/product_cat?post=154932"},{"taxonomy":"product_tag","embeddable":true,"href":"https:\/\/exlibris.ee\/ru\/wp-json\/wp\/v2\/product_tag?post=154932"},{"taxonomy":"series","embeddable":true,"href":"https:\/\/exlibris.ee\/ru\/wp-json\/wp\/v2\/series?post=154932"},{"taxonomy":"publisher","embeddable":true,"href":"https:\/\/exlibris.ee\/ru\/wp-json\/wp\/v2\/publisher?post=154932"}],"curies":[{"name":"wp","href":"https:\/\/api.w.org\/{rel}","templated":true}]}}