{"id":154933,"date":"2025-04-17T03:23:04","date_gmt":"2025-04-17T00:23:04","guid":{"rendered":"https:\/\/exlibris.ee\/toode\/tangram-1a-kursbuch-und-arbeitsbuch\/"},"modified":"2026-04-05T15:25:43","modified_gmt":"2026-04-05T12:25:43","slug":"tangram-1a-kursbuch-und-arbeitsbuch","status":"publish","type":"product","link":"https:\/\/exlibris.ee\/ru\/produkt\/tangram-1a-kursbuch-und-arbeitsbuch\/","title":{"rendered":"Tangram 1A, Kursbuch und Arbeitsbuch"},"content":{"rendered":"<p>Tangram 1, Kursbuch ist das ideale Lehrbuch f\u00fcr Anf\u00e4nger im Deutschen. Es richtet sich an Lernende auf dem A1-Niveau und f\u00fchrt sie Schritt f\u00fcr Schritt in die Grundlagen der deutschen Sprache ein. Mit einer klaren und strukturierten Methodik unterst\u00fctzt das Buch die Entwicklung von grundlegenden Sprachf\u00e4higkeiten, einschlie\u00dflich Grammatik, Wortschatz und allt\u00e4glicher Kommunikation.  Die Lektionen beinhalten praxisorientierte \u00dcbungen, die den Lernenden helfen, sich in typischen Alltagssituationen auf Deutsch zurechtzufinden. Besonders betont wird die m\u00fcndliche Kommunikation, wobei auch das H\u00f6rverst\u00e4ndnis und das Leseverst\u00e4ndnis ge\u00fcbt werden.  Das Buch ist besonders gut geeignet f\u00fcr Erwachsene und Jugendliche, die ihre ersten Schritte in der deutschen Sprache machen wollen. Es eignet sich f\u00fcr den Einsatz in Sprachkursen sowie f\u00fcr das Selbststudium.<\/p>\n","protected":false},"excerpt":{"rendered":"<p>Tangram 1, Kursbuch ist das ideale Lehrbuch f\u00fcr Anf\u00e4nger im Deutschen. Es richtet sich an Lernende auf dem A1-Niveau und f\u00fchrt sie Schritt f\u00fcr Schritt in die Grundlagen der deutschen Sprache ein. Mit einer klaren und strukturierten Methodik unterst\u00fctzt das&#8230;<\/p>\n","protected":false},"featured_media":154556,"template":"","meta":{"_acf_changed":false,"inline_featured_image":false},"product_brand":[],"product_cat":[538],"product_tag":[],"series":[{"id":1269,"name":"Tangram","slug":"tangram"}],"publisher":[{"id":497,"name":"Hueber Verlag","slug":"hueber-verlag"}],"class_list":{"0":"post-154933","1":"product","2":"type-product","3":"status-publish","4":"has-post-thumbnail","6":"product_cat-lehrwerke-fur-erwachsene","7":"series-tangram","8":"publisher-hueber-verlag","10":"first","11":"instock","12":"taxable","13":"shipping-taxable","14":"purchasable","15":"product-type-simple"},"acf":[],"_links":{"self":[{"href":"https:\/\/exlibris.ee\/ru\/wp-json\/wp\/v2\/product\/154933","targetHints":{"allow":["GET"]}}],"collection":[{"href":"https:\/\/exlibris.ee\/ru\/wp-json\/wp\/v2\/product"}],"about":[{"href":"https:\/\/exlibris.ee\/ru\/wp-json\/wp\/v2\/types\/product"}],"wp:featuredmedia":[{"embeddable":true,"href":"https:\/\/exlibris.ee\/ru\/wp-json\/wp\/v2\/media\/154556"}],"wp:attachment":[{"href":"https:\/\/exlibris.ee\/ru\/wp-json\/wp\/v2\/media?parent=154933"}],"wp:term":[{"taxonomy":"product_brand","embeddable":true,"href":"https:\/\/exlibris.ee\/ru\/wp-json\/wp\/v2\/product_brand?post=154933"},{"taxonomy":"product_cat","embeddable":true,"href":"https:\/\/exlibris.ee\/ru\/wp-json\/wp\/v2\/product_cat?post=154933"},{"taxonomy":"product_tag","embeddable":true,"href":"https:\/\/exlibris.ee\/ru\/wp-json\/wp\/v2\/product_tag?post=154933"},{"taxonomy":"series","embeddable":true,"href":"https:\/\/exlibris.ee\/ru\/wp-json\/wp\/v2\/series?post=154933"},{"taxonomy":"publisher","embeddable":true,"href":"https:\/\/exlibris.ee\/ru\/wp-json\/wp\/v2\/publisher?post=154933"}],"curies":[{"name":"wp","href":"https:\/\/api.w.org\/{rel}","templated":true}]}}