{"id":154934,"date":"2025-04-17T03:23:04","date_gmt":"2025-04-17T00:23:04","guid":{"rendered":"https:\/\/exlibris.ee\/toode\/tangram-1b-kursbuch-und-arbeitsbuch\/"},"modified":"2026-04-05T15:25:43","modified_gmt":"2026-04-05T12:25:43","slug":"tangram-1b-kursbuch-und-arbeitsbuch","status":"publish","type":"product","link":"https:\/\/exlibris.ee\/ru\/produkt\/tangram-1b-kursbuch-und-arbeitsbuch\/","title":{"rendered":"Tangram 1B, Kursbuch und Arbeitsbuch"},"content":{"rendered":"<p>Tangram 1B, Kursbuch und Arbeitsbuch ist der zweite Teil des Tangram-Programms f\u00fcr Anf\u00e4nger (A1-Niveau). Es kombiniert ein Kursbuch und ein Arbeitsbuch, das zahlreiche \u00dcbungen f\u00fcr die Verbesserung der Sprachf\u00e4higkeiten bietet. Die Lektionen f\u00f6rdern H\u00f6ren, Sprechen, Lesen und Schreiben und vermitteln wichtige Alltagsthemen sowie kulturelle Aspekte. Das Arbeitsbuch enth\u00e4lt zus\u00e4tzliche \u00dcbungen und L\u00f6sungen, um das Gelernte zu vertiefen. Ideal f\u00fcr Sprachkurse und Selbststudium.<\/p>\n","protected":false},"excerpt":{"rendered":"<p>Tangram 1B, Kursbuch und Arbeitsbuch ist der zweite Teil des Tangram-Programms f\u00fcr Anf\u00e4nger (A1-Niveau). Es kombiniert ein Kursbuch und ein Arbeitsbuch, das zahlreiche \u00dcbungen f\u00fcr die Verbesserung der Sprachf\u00e4higkeiten bietet. Die Lektionen f\u00f6rdern H\u00f6ren, Sprechen, Lesen und Schreiben und vermitteln&#8230;<\/p>\n","protected":false},"featured_media":154559,"template":"","meta":{"_acf_changed":false,"inline_featured_image":false},"product_brand":[],"product_cat":[538],"product_tag":[],"series":[{"id":1269,"name":"Tangram","slug":"tangram"}],"publisher":[{"id":497,"name":"Hueber Verlag","slug":"hueber-verlag"}],"class_list":{"0":"post-154934","1":"product","2":"type-product","3":"status-publish","4":"has-post-thumbnail","6":"product_cat-lehrwerke-fur-erwachsene","7":"series-tangram","8":"publisher-hueber-verlag","10":"first","11":"instock","12":"taxable","13":"shipping-taxable","14":"purchasable","15":"product-type-simple"},"acf":[],"_links":{"self":[{"href":"https:\/\/exlibris.ee\/ru\/wp-json\/wp\/v2\/product\/154934","targetHints":{"allow":["GET"]}}],"collection":[{"href":"https:\/\/exlibris.ee\/ru\/wp-json\/wp\/v2\/product"}],"about":[{"href":"https:\/\/exlibris.ee\/ru\/wp-json\/wp\/v2\/types\/product"}],"wp:featuredmedia":[{"embeddable":true,"href":"https:\/\/exlibris.ee\/ru\/wp-json\/wp\/v2\/media\/154559"}],"wp:attachment":[{"href":"https:\/\/exlibris.ee\/ru\/wp-json\/wp\/v2\/media?parent=154934"}],"wp:term":[{"taxonomy":"product_brand","embeddable":true,"href":"https:\/\/exlibris.ee\/ru\/wp-json\/wp\/v2\/product_brand?post=154934"},{"taxonomy":"product_cat","embeddable":true,"href":"https:\/\/exlibris.ee\/ru\/wp-json\/wp\/v2\/product_cat?post=154934"},{"taxonomy":"product_tag","embeddable":true,"href":"https:\/\/exlibris.ee\/ru\/wp-json\/wp\/v2\/product_tag?post=154934"},{"taxonomy":"series","embeddable":true,"href":"https:\/\/exlibris.ee\/ru\/wp-json\/wp\/v2\/series?post=154934"},{"taxonomy":"publisher","embeddable":true,"href":"https:\/\/exlibris.ee\/ru\/wp-json\/wp\/v2\/publisher?post=154934"}],"curies":[{"name":"wp","href":"https:\/\/api.w.org\/{rel}","templated":true}]}}