{"id":154938,"date":"2025-04-17T03:23:05","date_gmt":"2025-04-17T00:23:05","guid":{"rendered":"https:\/\/exlibris.ee\/toode\/susanne-magazin-lehrerpaket-zur-filmserie-der-bbc\/"},"modified":"2026-04-07T21:20:25","modified_gmt":"2026-04-07T18:20:25","slug":"susanne-magazin-lehrerpaket-zur-filmserie-der-bbc","status":"publish","type":"product","link":"https:\/\/exlibris.ee\/ru\/produkt\/susanne-magazin-lehrerpaket-zur-filmserie-der-bbc\/","title":{"rendered":"Susanne Magazin (Lehrerpaket): Zur Filmserie der BBC"},"content":{"rendered":"<p>\u201eSusanne \u2013 Magazin zur Filmserie der BBC, Lehrerpaket\u201c ist ein multimediales Lehrmaterial f\u00fcr den Deutschunterricht. Es basiert auf der gleichnamigen BBC-Filmserie und richtet sich an Lehrerinnen und Lehrer, die ihren Unterricht mit authentischen Videoszenen bereichern m\u00f6chten.  Das Paket enth\u00e4lt Begleitmaterialien zu allen 10 Episoden der Serie \u201eSusanne\u201c und bietet vielf\u00e4ltige Aufgaben, Hintergrundinformationen und methodisch-didaktische Hinweise. Ziel ist es, das H\u00f6rverstehen, die Sprechfertigkeit und das interkulturelle Lernen zu f\u00f6rdern.  Ideal f\u00fcr den Einsatz im Unterricht mit jugendlichen und erwachsenen Lernenden auf dem Niveau A2\/B1.<\/p>\n","protected":false},"excerpt":{"rendered":"<p>\u201eSusanne \u2013 Magazin zur Filmserie der BBC, Lehrerpaket\u201c ist ein multimediales Lehrmaterial f\u00fcr den Deutschunterricht. Es basiert auf der gleichnamigen BBC-Filmserie und richtet sich an Lehrerinnen und Lehrer, die ihren Unterricht mit authentischen Videoszenen bereichern m\u00f6chten. Das Paket enth\u00e4lt Begleitmaterialien&#8230;<\/p>\n","protected":false},"featured_media":154571,"template":"","meta":{"_acf_changed":false,"inline_featured_image":false},"product_brand":[],"product_cat":[470],"product_tag":[],"series":[],"publisher":[{"id":497,"name":"Hueber Verlag","slug":"hueber-verlag"}],"class_list":{"0":"post-154938","1":"product","2":"type-product","3":"status-publish","4":"has-post-thumbnail","6":"product_cat-saksa-keel","7":"publisher-hueber-verlag","9":"first","10":"instock","11":"taxable","12":"shipping-taxable","13":"purchasable","14":"product-type-simple"},"acf":[],"_links":{"self":[{"href":"https:\/\/exlibris.ee\/ru\/wp-json\/wp\/v2\/product\/154938","targetHints":{"allow":["GET"]}}],"collection":[{"href":"https:\/\/exlibris.ee\/ru\/wp-json\/wp\/v2\/product"}],"about":[{"href":"https:\/\/exlibris.ee\/ru\/wp-json\/wp\/v2\/types\/product"}],"wp:featuredmedia":[{"embeddable":true,"href":"https:\/\/exlibris.ee\/ru\/wp-json\/wp\/v2\/media\/154571"}],"wp:attachment":[{"href":"https:\/\/exlibris.ee\/ru\/wp-json\/wp\/v2\/media?parent=154938"}],"wp:term":[{"taxonomy":"product_brand","embeddable":true,"href":"https:\/\/exlibris.ee\/ru\/wp-json\/wp\/v2\/product_brand?post=154938"},{"taxonomy":"product_cat","embeddable":true,"href":"https:\/\/exlibris.ee\/ru\/wp-json\/wp\/v2\/product_cat?post=154938"},{"taxonomy":"product_tag","embeddable":true,"href":"https:\/\/exlibris.ee\/ru\/wp-json\/wp\/v2\/product_tag?post=154938"},{"taxonomy":"series","embeddable":true,"href":"https:\/\/exlibris.ee\/ru\/wp-json\/wp\/v2\/series?post=154938"},{"taxonomy":"publisher","embeddable":true,"href":"https:\/\/exlibris.ee\/ru\/wp-json\/wp\/v2\/publisher?post=154938"}],"curies":[{"name":"wp","href":"https:\/\/api.w.org\/{rel}","templated":true}]}}