{"id":154947,"date":"2025-04-17T03:25:44","date_gmt":"2025-04-17T00:25:44","guid":{"rendered":"https:\/\/exlibris.ee\/toode\/tangram-1-arbeitsbuch\/"},"modified":"2026-04-24T01:39:20","modified_gmt":"2026-04-23T22:39:20","slug":"tangram-1-arbeitsbuch","status":"publish","type":"product","link":"https:\/\/exlibris.ee\/ru\/produkt\/tangram-1-arbeitsbuch\/","title":{"rendered":"Tangram 1, Arbeitsbuch"},"content":{"rendered":"<p>\u201eTangram 1\u201c ist ein Lehrbuch f\u00fcr Deutsch als Fremdsprache, das sich an Erwachsene und Jugendliche richtet, die noch keine Vorkenntnisse in der deutschen Sprache haben. Es f\u00fchrt die Lernenden auf dem Niveau A1 des Gemeinsamen Europ\u00e4ischen Referenzrahmens und bereitet sie auf Pr\u00fcfungen wie das Zertifikat Deutsch vor.  Das Buch enth\u00e4lt verschiedene \u00dcbungseinheiten, die Grammatik, Wortschatz und Kommunikationsf\u00e4higkeiten abdecken. Zu jeder Lektion gibt es Texte, Fragen, \u00dcbersetzungs\u00fcbungen und ein Glossar, die das Verst\u00e4ndnis und die Sprachfertigkeiten f\u00f6rdern. Zudem beinhaltet das Lehrwerk H\u00f6rverst\u00e4ndnis\u00fcbungen, die den Lernenden helfen, die richtige Aussprache und das H\u00f6rverst\u00e4ndnis zu entwickeln.  \u201eTangram 1\u201c eignet sich sowohl f\u00fcr den Einsatz im Unterricht als auch f\u00fcr das Selbststudium.<\/p>\n","protected":false},"excerpt":{"rendered":"<p>\u201eTangram 1\u201c ist ein Lehrbuch f\u00fcr Deutsch als Fremdsprache, das sich an Erwachsene und Jugendliche richtet, die noch keine Vorkenntnisse in der deutschen Sprache haben. Es f\u00fchrt die Lernenden auf dem Niveau A1 des Gemeinsamen Europ\u00e4ischen Referenzrahmens und bereitet sie&#8230;<\/p>\n","protected":false},"featured_media":154583,"template":"","meta":{"_acf_changed":false,"inline_featured_image":false},"product_brand":[],"product_cat":[538],"product_tag":[],"series":[{"id":1269,"name":"Tangram","slug":"tangram"}],"publisher":[{"id":497,"name":"Hueber Verlag","slug":"hueber-verlag"}],"class_list":{"0":"post-154947","1":"product","2":"type-product","3":"status-publish","4":"has-post-thumbnail","6":"product_cat-lehrwerke-fur-erwachsene","7":"series-tangram","8":"publisher-hueber-verlag","10":"first","11":"instock","12":"taxable","13":"shipping-taxable","14":"purchasable","15":"product-type-simple"},"acf":[],"_links":{"self":[{"href":"https:\/\/exlibris.ee\/ru\/wp-json\/wp\/v2\/product\/154947","targetHints":{"allow":["GET"]}}],"collection":[{"href":"https:\/\/exlibris.ee\/ru\/wp-json\/wp\/v2\/product"}],"about":[{"href":"https:\/\/exlibris.ee\/ru\/wp-json\/wp\/v2\/types\/product"}],"wp:featuredmedia":[{"embeddable":true,"href":"https:\/\/exlibris.ee\/ru\/wp-json\/wp\/v2\/media\/154583"}],"wp:attachment":[{"href":"https:\/\/exlibris.ee\/ru\/wp-json\/wp\/v2\/media?parent=154947"}],"wp:term":[{"taxonomy":"product_brand","embeddable":true,"href":"https:\/\/exlibris.ee\/ru\/wp-json\/wp\/v2\/product_brand?post=154947"},{"taxonomy":"product_cat","embeddable":true,"href":"https:\/\/exlibris.ee\/ru\/wp-json\/wp\/v2\/product_cat?post=154947"},{"taxonomy":"product_tag","embeddable":true,"href":"https:\/\/exlibris.ee\/ru\/wp-json\/wp\/v2\/product_tag?post=154947"},{"taxonomy":"series","embeddable":true,"href":"https:\/\/exlibris.ee\/ru\/wp-json\/wp\/v2\/series?post=154947"},{"taxonomy":"publisher","embeddable":true,"href":"https:\/\/exlibris.ee\/ru\/wp-json\/wp\/v2\/publisher?post=154947"}],"curies":[{"name":"wp","href":"https:\/\/api.w.org\/{rel}","templated":true}]}}