{"id":154948,"date":"2025-04-17T03:25:44","date_gmt":"2025-04-17T00:25:44","guid":{"rendered":"https:\/\/exlibris.ee\/toode\/tangram-2-arbeitsbuch\/"},"modified":"2026-04-05T15:27:10","modified_gmt":"2026-04-05T12:27:10","slug":"tangram-2-arbeitsbuch","status":"publish","type":"product","link":"https:\/\/exlibris.ee\/ru\/produkt\/tangram-2-arbeitsbuch\/","title":{"rendered":"Tangram 2, Arbeitsbuch"},"content":{"rendered":"<p>Das &#171;Tangram Arbeitsbuch 2&#187; ist ein Arbeitsbuch aus der Tangram-Reihe des Hueber Verlags, entwickelt von Til Schoenherr. Es richtet sich an Erwachsene und Jugendliche ohne Vorkenntnisse und f\u00fchrt zum Zertifikat Deutsch. Das Buch enth\u00e4lt \u00dcbungen zu Grammatik, Wortschatz und kommunikativen F\u00e4higkeiten, die den Lernenden auf die Niveaustufen A2 und B1 vorbereiten. Es eignet sich sowohl f\u00fcr den Einsatz im Unterricht als auch f\u00fcr das Selbststudium.<\/p>\n","protected":false},"excerpt":{"rendered":"<p>Das &#171;Tangram Arbeitsbuch 2&#187; ist ein Arbeitsbuch aus der Tangram-Reihe des Hueber Verlags, entwickelt von Til Schoenherr. Es richtet sich an Erwachsene und Jugendliche ohne Vorkenntnisse und f\u00fchrt zum Zertifikat Deutsch. Das Buch enth\u00e4lt \u00dcbungen zu Grammatik, Wortschatz und kommunikativen&#8230;<\/p>\n","protected":false},"featured_media":154586,"template":"","meta":{"_acf_changed":false,"inline_featured_image":false},"product_brand":[],"product_cat":[538],"product_tag":[],"series":[{"id":1269,"name":"Tangram","slug":"tangram"}],"publisher":[{"id":497,"name":"Hueber Verlag","slug":"hueber-verlag"}],"class_list":{"0":"post-154948","1":"product","2":"type-product","3":"status-publish","4":"has-post-thumbnail","6":"product_cat-lehrwerke-fur-erwachsene","7":"series-tangram","8":"publisher-hueber-verlag","10":"first","11":"instock","12":"taxable","13":"shipping-taxable","14":"purchasable","15":"product-type-simple"},"acf":[],"_links":{"self":[{"href":"https:\/\/exlibris.ee\/ru\/wp-json\/wp\/v2\/product\/154948","targetHints":{"allow":["GET"]}}],"collection":[{"href":"https:\/\/exlibris.ee\/ru\/wp-json\/wp\/v2\/product"}],"about":[{"href":"https:\/\/exlibris.ee\/ru\/wp-json\/wp\/v2\/types\/product"}],"wp:featuredmedia":[{"embeddable":true,"href":"https:\/\/exlibris.ee\/ru\/wp-json\/wp\/v2\/media\/154586"}],"wp:attachment":[{"href":"https:\/\/exlibris.ee\/ru\/wp-json\/wp\/v2\/media?parent=154948"}],"wp:term":[{"taxonomy":"product_brand","embeddable":true,"href":"https:\/\/exlibris.ee\/ru\/wp-json\/wp\/v2\/product_brand?post=154948"},{"taxonomy":"product_cat","embeddable":true,"href":"https:\/\/exlibris.ee\/ru\/wp-json\/wp\/v2\/product_cat?post=154948"},{"taxonomy":"product_tag","embeddable":true,"href":"https:\/\/exlibris.ee\/ru\/wp-json\/wp\/v2\/product_tag?post=154948"},{"taxonomy":"series","embeddable":true,"href":"https:\/\/exlibris.ee\/ru\/wp-json\/wp\/v2\/series?post=154948"},{"taxonomy":"publisher","embeddable":true,"href":"https:\/\/exlibris.ee\/ru\/wp-json\/wp\/v2\/publisher?post=154948"}],"curies":[{"name":"wp","href":"https:\/\/api.w.org\/{rel}","templated":true}]}}