{"id":154958,"date":"2025-04-17T03:28:21","date_gmt":"2025-04-17T00:28:21","guid":{"rendered":"https:\/\/exlibris.ee\/toode\/themen-neu-2-lehrerhandbuch-teil-a\/"},"modified":"2026-04-05T15:27:16","modified_gmt":"2026-04-05T12:27:16","slug":"themen-neu-2-lehrerhandbuch-teil-a","status":"publish","type":"product","link":"https:\/\/exlibris.ee\/ru\/produkt\/themen-neu-2-lehrerhandbuch-teil-a\/","title":{"rendered":"Themen Neu 2, Lehrerhandbuch, Teil A"},"content":{"rendered":"<p>Themen neu 2, Lehrerbuch Teil A ist ein Lehrerhandbuch, das zur &#171;Themen neu&#187;-Reihe geh\u00f6rt und f\u00fcr den Deutschunterricht auf Mittelstufenniveau gedacht ist. Das Buch bietet Lehrkr\u00e4ften methodische Anleitungen und unterst\u00fctzende Materialien, um das im &#171;Themen neu 2&#187;-Lehrbuch vermittelte Wissen effektiv im Unterricht zu nutzen. Das Handbuch enth\u00e4lt zus\u00e4tzliche \u00dcbungen, Aufgaben und Strategien, die den Sch\u00fclerinnen und Sch\u00fclern helfen, die deutsche Sprache besser zu verstehen und zu erlernen. Es wird h\u00e4ufig in Verbindung mit dem Lehrbuch verwendet, um die Unterrichtsentscheidungen der Lehrkraft zu unterst\u00fctzen und den Lernenden zu helfen, ihre Sprachlernziele zu erreichen.<\/p>\n","protected":false},"excerpt":{"rendered":"<p>Themen neu 2, Lehrerbuch Teil A ist ein Lehrerhandbuch, das zur &#171;Themen neu&#187;-Reihe geh\u00f6rt und f\u00fcr den Deutschunterricht auf Mittelstufenniveau gedacht ist. Das Buch bietet Lehrkr\u00e4ften methodische Anleitungen und unterst\u00fctzende Materialien, um das im &#171;Themen neu 2&#187;-Lehrbuch vermittelte Wissen effektiv&#8230;<\/p>\n","protected":false},"featured_media":154798,"template":"","meta":{"_acf_changed":false,"inline_featured_image":false},"product_brand":[],"product_cat":[538],"product_tag":[],"series":[{"id":2328,"name":"Themen neu","slug":"themen-neu"}],"publisher":[{"id":497,"name":"Hueber Verlag","slug":"hueber-verlag"}],"class_list":{"0":"post-154958","1":"product","2":"type-product","3":"status-publish","4":"has-post-thumbnail","6":"product_cat-lehrwerke-fur-erwachsene","7":"series-themen-neu","8":"publisher-hueber-verlag","10":"first","11":"instock","12":"taxable","13":"shipping-taxable","14":"purchasable","15":"product-type-simple"},"acf":[],"_links":{"self":[{"href":"https:\/\/exlibris.ee\/ru\/wp-json\/wp\/v2\/product\/154958","targetHints":{"allow":["GET"]}}],"collection":[{"href":"https:\/\/exlibris.ee\/ru\/wp-json\/wp\/v2\/product"}],"about":[{"href":"https:\/\/exlibris.ee\/ru\/wp-json\/wp\/v2\/types\/product"}],"wp:featuredmedia":[{"embeddable":true,"href":"https:\/\/exlibris.ee\/ru\/wp-json\/wp\/v2\/media\/154798"}],"wp:attachment":[{"href":"https:\/\/exlibris.ee\/ru\/wp-json\/wp\/v2\/media?parent=154958"}],"wp:term":[{"taxonomy":"product_brand","embeddable":true,"href":"https:\/\/exlibris.ee\/ru\/wp-json\/wp\/v2\/product_brand?post=154958"},{"taxonomy":"product_cat","embeddable":true,"href":"https:\/\/exlibris.ee\/ru\/wp-json\/wp\/v2\/product_cat?post=154958"},{"taxonomy":"product_tag","embeddable":true,"href":"https:\/\/exlibris.ee\/ru\/wp-json\/wp\/v2\/product_tag?post=154958"},{"taxonomy":"series","embeddable":true,"href":"https:\/\/exlibris.ee\/ru\/wp-json\/wp\/v2\/series?post=154958"},{"taxonomy":"publisher","embeddable":true,"href":"https:\/\/exlibris.ee\/ru\/wp-json\/wp\/v2\/publisher?post=154958"}],"curies":[{"name":"wp","href":"https:\/\/api.w.org\/{rel}","templated":true}]}}