{"id":154960,"date":"2025-04-17T03:28:21","date_gmt":"2025-04-17T00:28:21","guid":{"rendered":"https:\/\/exlibris.ee\/toode\/em-hauptkurs-lehrerhandbuch\/"},"modified":"2026-04-04T03:16:02","modified_gmt":"2026-04-04T00:16:02","slug":"em-hauptkurs-lehrerhandbuch","status":"publish","type":"product","link":"https:\/\/exlibris.ee\/ru\/produkt\/em-hauptkurs-lehrerhandbuch\/","title":{"rendered":"em, Hauptkurs, Lehrerhandbuch"},"content":{"rendered":"<p>em, das Lehrwerk im Baukastensystem f\u00fchrt in drei B\u00e4nden zur Zentralen Mittelstufenpr\u00fcfung des Goethe-Instituts. Voraussetzungen: Sprachkenntnisse auf dem Niveau des Zertifikat Deutsch. Zielgruppe: Erwachsene Lerner in Mittelstufenkursen an Volkshochschulen, Goethe-Instituten, Universit\u00e4ten, privaten Sprachschulen und anderen Institutionen weltweit, an denen Deutsch als Fremdsprache unterrichtet wird. Lernziel: Vertiefung und Erweiterung des Grundstufenstoffs und Hinf\u00fchrung auf die Zentrale Mittelstufenpr\u00fcfung (ZMP) des Goethe Instituts. Mit unterrichtspraktischen Vorschl\u00e4gen, Transkriptionen der H\u00f6rtexte, L\u00f6sungsschl\u00fcssel f\u00fcr Kurs- und Arbeitsbuch sowie Tests zu allen Lektionen (eils als Kopiervorlagen).<\/p>\n","protected":false},"excerpt":{"rendered":"<p>em, das Lehrwerk im Baukastensystem f\u00fchrt in drei B\u00e4nden zur Zentralen Mittelstufenpr\u00fcfung des Goethe-Instituts. Voraussetzungen: Sprachkenntnisse auf dem Niveau des Zertifikat Deutsch. Zielgruppe: Erwachsene Lerner in Mittelstufenkursen an Volkshochschulen, Goethe-Instituten, Universit\u00e4ten, privaten Sprachschulen und anderen Institutionen weltweit, an denen Deutsch&#8230;<\/p>\n","protected":false},"featured_media":154804,"template":"","meta":{"_acf_changed":false,"inline_featured_image":false},"product_brand":[],"product_cat":[538],"product_tag":[],"series":[{"id":2330,"name":"em","slug":"em"}],"publisher":[{"id":497,"name":"Hueber Verlag","slug":"hueber-verlag"}],"class_list":{"0":"post-154960","1":"product","2":"type-product","3":"status-publish","4":"has-post-thumbnail","6":"product_cat-lehrwerke-fur-erwachsene","7":"series-em","8":"publisher-hueber-verlag","10":"first","11":"instock","12":"taxable","13":"shipping-taxable","14":"purchasable","15":"product-type-simple"},"acf":[],"_links":{"self":[{"href":"https:\/\/exlibris.ee\/ru\/wp-json\/wp\/v2\/product\/154960","targetHints":{"allow":["GET"]}}],"collection":[{"href":"https:\/\/exlibris.ee\/ru\/wp-json\/wp\/v2\/product"}],"about":[{"href":"https:\/\/exlibris.ee\/ru\/wp-json\/wp\/v2\/types\/product"}],"wp:featuredmedia":[{"embeddable":true,"href":"https:\/\/exlibris.ee\/ru\/wp-json\/wp\/v2\/media\/154804"}],"wp:attachment":[{"href":"https:\/\/exlibris.ee\/ru\/wp-json\/wp\/v2\/media?parent=154960"}],"wp:term":[{"taxonomy":"product_brand","embeddable":true,"href":"https:\/\/exlibris.ee\/ru\/wp-json\/wp\/v2\/product_brand?post=154960"},{"taxonomy":"product_cat","embeddable":true,"href":"https:\/\/exlibris.ee\/ru\/wp-json\/wp\/v2\/product_cat?post=154960"},{"taxonomy":"product_tag","embeddable":true,"href":"https:\/\/exlibris.ee\/ru\/wp-json\/wp\/v2\/product_tag?post=154960"},{"taxonomy":"series","embeddable":true,"href":"https:\/\/exlibris.ee\/ru\/wp-json\/wp\/v2\/series?post=154960"},{"taxonomy":"publisher","embeddable":true,"href":"https:\/\/exlibris.ee\/ru\/wp-json\/wp\/v2\/publisher?post=154960"}],"curies":[{"name":"wp","href":"https:\/\/api.w.org\/{rel}","templated":true}]}}