{"id":154978,"date":"2025-04-17T03:30:56","date_gmt":"2025-04-17T00:30:56","guid":{"rendered":"https:\/\/exlibris.ee\/toode\/grammatik-ganz-klar-ubungsgrammatik-a1-b1-cd\/"},"modified":"2026-04-06T09:12:07","modified_gmt":"2026-04-06T06:12:07","slug":"grammatik-ganz-klar-ubungsgrammatik-a1-b1-cd","status":"publish","type":"product","link":"https:\/\/exlibris.ee\/ru\/produkt\/grammatik-ganz-klar-ubungsgrammatik-a1-b1-cd\/","title":{"rendered":"Grammatik &#8212; ganz klar! \u00dcbungsgrammatik A1-B1 (+CD)"},"content":{"rendered":"<p>Grammatik \u2013 ganz klar! \u00dcbungsgrammatik A1\u2013B1 (+CD)  Grammatik \u2013 ganz klar! ist eine \u00fcbersichtliche und systematisch aufgebaute \u00dcbungsgrammatik f\u00fcr Lernende der Niveaustufen A1 bis B1.    Auf der linken Seite jeder Doppelseite findet man einen motivierenden Comic sowie grammatische Erkl\u00e4rungen in einfacher Sprache.   Auf der rechten Seite folgen passende \u00dcbungen, die nach Schwierigkeitsgrad (A1, A2, B1) gekennzeichnet sind.   Am Ende jedes Kapitels gibt es Selbsttests, mit denen Lernende ihren Fortschritt \u00fcberpr\u00fcfen k\u00f6nnen.   Die beiliegende CD-ROM enth\u00e4lt H\u00f6r\u00fcbungen im MP3-Format sowie interaktive Aufgaben zur Vertiefung der Inhalte.<\/p>\n","protected":false},"excerpt":{"rendered":"<p>Grammatik \u2013 ganz klar! \u00dcbungsgrammatik A1\u2013B1 (+CD) Grammatik \u2013 ganz klar! ist eine \u00fcbersichtliche und systematisch aufgebaute \u00dcbungsgrammatik f\u00fcr Lernende der Niveaustufen A1 bis B1. Auf der linken Seite jeder Doppelseite findet man einen motivierenden Comic sowie grammatische Erkl\u00e4rungen in&#8230;<\/p>\n","protected":false},"featured_media":154681,"template":"","meta":{"_acf_changed":false,"inline_featured_image":false},"product_brand":[],"product_cat":[538],"product_tag":[],"series":[],"publisher":[{"id":497,"name":"Hueber Verlag","slug":"hueber-verlag"}],"class_list":{"0":"post-154978","1":"product","2":"type-product","3":"status-publish","4":"has-post-thumbnail","6":"product_cat-lehrwerke-fur-erwachsene","7":"publisher-hueber-verlag","9":"first","10":"instock","11":"taxable","12":"shipping-taxable","13":"purchasable","14":"product-type-simple"},"acf":[],"_links":{"self":[{"href":"https:\/\/exlibris.ee\/ru\/wp-json\/wp\/v2\/product\/154978","targetHints":{"allow":["GET"]}}],"collection":[{"href":"https:\/\/exlibris.ee\/ru\/wp-json\/wp\/v2\/product"}],"about":[{"href":"https:\/\/exlibris.ee\/ru\/wp-json\/wp\/v2\/types\/product"}],"wp:featuredmedia":[{"embeddable":true,"href":"https:\/\/exlibris.ee\/ru\/wp-json\/wp\/v2\/media\/154681"}],"wp:attachment":[{"href":"https:\/\/exlibris.ee\/ru\/wp-json\/wp\/v2\/media?parent=154978"}],"wp:term":[{"taxonomy":"product_brand","embeddable":true,"href":"https:\/\/exlibris.ee\/ru\/wp-json\/wp\/v2\/product_brand?post=154978"},{"taxonomy":"product_cat","embeddable":true,"href":"https:\/\/exlibris.ee\/ru\/wp-json\/wp\/v2\/product_cat?post=154978"},{"taxonomy":"product_tag","embeddable":true,"href":"https:\/\/exlibris.ee\/ru\/wp-json\/wp\/v2\/product_tag?post=154978"},{"taxonomy":"series","embeddable":true,"href":"https:\/\/exlibris.ee\/ru\/wp-json\/wp\/v2\/series?post=154978"},{"taxonomy":"publisher","embeddable":true,"href":"https:\/\/exlibris.ee\/ru\/wp-json\/wp\/v2\/publisher?post=154978"}],"curies":[{"name":"wp","href":"https:\/\/api.w.org\/{rel}","templated":true}]}}