{"id":154979,"date":"2025-04-17T03:30:56","date_gmt":"2025-04-17T00:30:56","guid":{"rendered":"https:\/\/exlibris.ee\/toode\/dialog-beruf-starter-sprechubungen-mit-3-cds\/"},"modified":"2026-04-04T03:18:00","modified_gmt":"2026-04-04T00:18:00","slug":"dialog-beruf-starter-sprechubungen-mit-3-cds","status":"publish","type":"product","link":"https:\/\/exlibris.ee\/ru\/produkt\/dialog-beruf-starter-sprechubungen-mit-3-cds\/","title":{"rendered":"Dialog Beruf Starter, Sprech\u00fcbungen mit 3 Cds"},"content":{"rendered":"<p>Dialog Beruf Starter: Sprech\u00fcbungen mit 3 CDs ist ein speziell entwickeltes \u00dcbungsmaterial f\u00fcr Lernende des beruflichen Deutsch auf Anf\u00e4ngerniveau. Die drei beiliegenden Audio-CDs bieten eine Vielzahl von Sprech- und Aussprache\u00fcbungen, die darauf abzielen, die kommunikativen F\u00e4higkeiten im beruflichen Kontext zu verbessern. Die Gesamtlaufzeit der CDs betr\u00e4gt etwa 226 Minuten.<\/p>\n","protected":false},"excerpt":{"rendered":"<p>Dialog Beruf Starter: Sprech\u00fcbungen mit 3 CDs ist ein speziell entwickeltes \u00dcbungsmaterial f\u00fcr Lernende des beruflichen Deutsch auf Anf\u00e4ngerniveau. Die drei beiliegenden Audio-CDs bieten eine Vielzahl von Sprech- und Aussprache\u00fcbungen, die darauf abzielen, die kommunikativen F\u00e4higkeiten im beruflichen Kontext zu&#8230;<\/p>\n","protected":false},"featured_media":154684,"template":"","meta":{"_acf_changed":false,"inline_featured_image":false},"product_brand":[],"product_cat":[538],"product_tag":[],"series":[],"publisher":[{"id":497,"name":"Hueber Verlag","slug":"hueber-verlag"}],"class_list":{"0":"post-154979","1":"product","2":"type-product","3":"status-publish","4":"has-post-thumbnail","6":"product_cat-lehrwerke-fur-erwachsene","7":"publisher-hueber-verlag","9":"first","10":"instock","11":"taxable","12":"shipping-taxable","13":"purchasable","14":"product-type-simple"},"acf":[],"_links":{"self":[{"href":"https:\/\/exlibris.ee\/ru\/wp-json\/wp\/v2\/product\/154979","targetHints":{"allow":["GET"]}}],"collection":[{"href":"https:\/\/exlibris.ee\/ru\/wp-json\/wp\/v2\/product"}],"about":[{"href":"https:\/\/exlibris.ee\/ru\/wp-json\/wp\/v2\/types\/product"}],"wp:featuredmedia":[{"embeddable":true,"href":"https:\/\/exlibris.ee\/ru\/wp-json\/wp\/v2\/media\/154684"}],"wp:attachment":[{"href":"https:\/\/exlibris.ee\/ru\/wp-json\/wp\/v2\/media?parent=154979"}],"wp:term":[{"taxonomy":"product_brand","embeddable":true,"href":"https:\/\/exlibris.ee\/ru\/wp-json\/wp\/v2\/product_brand?post=154979"},{"taxonomy":"product_cat","embeddable":true,"href":"https:\/\/exlibris.ee\/ru\/wp-json\/wp\/v2\/product_cat?post=154979"},{"taxonomy":"product_tag","embeddable":true,"href":"https:\/\/exlibris.ee\/ru\/wp-json\/wp\/v2\/product_tag?post=154979"},{"taxonomy":"series","embeddable":true,"href":"https:\/\/exlibris.ee\/ru\/wp-json\/wp\/v2\/series?post=154979"},{"taxonomy":"publisher","embeddable":true,"href":"https:\/\/exlibris.ee\/ru\/wp-json\/wp\/v2\/publisher?post=154979"}],"curies":[{"name":"wp","href":"https:\/\/api.w.org\/{rel}","templated":true}]}}