{"id":154980,"date":"2025-04-17T03:30:56","date_gmt":"2025-04-17T00:30:56","guid":{"rendered":"https:\/\/exlibris.ee\/toode\/fit-fur-den-testdaf-cd-rom\/"},"modified":"2026-04-04T03:18:03","modified_gmt":"2026-04-04T00:18:03","slug":"fit-fur-den-testdaf-cd-rom","status":"publish","type":"product","link":"https:\/\/exlibris.ee\/ru\/produkt\/fit-fur-den-testdaf-cd-rom\/","title":{"rendered":"Fit f\u00fcr den TestDaF, CD-ROM"},"content":{"rendered":"<p>Diese interaktive CD-ROM ist die ideale Erg\u00e4nzung zum gleichnamigen Lehrbuch und bereitet gezielt auf die Pr\u00fcfung TestDaF vor. Mit zahlreichen \u00dcbungen zu allen vier Pr\u00fcfungsteilen \u2013 Leseverstehen, H\u00f6rverstehen, Schriftlicher Ausdruck und M\u00fcndlicher Ausdruck \u2013 k\u00f6nnen Lernende ihre F\u00e4higkeiten effektiv trainieren. Authentisches \u00dcbungsmaterial, Tipps zur Pr\u00fcfungsstrategie sowie automatische Auswertungen helfen, den eigenen Fortschritt im Blick zu behalten. Geeignet f\u00fcr Selbstlernende und Kursteilnehmer ab Niveau B2\/C1.<\/p>\n","protected":false},"excerpt":{"rendered":"<p>Diese interaktive CD-ROM ist die ideale Erg\u00e4nzung zum gleichnamigen Lehrbuch und bereitet gezielt auf die Pr\u00fcfung TestDaF vor. Mit zahlreichen \u00dcbungen zu allen vier Pr\u00fcfungsteilen \u2013 Leseverstehen, H\u00f6rverstehen, Schriftlicher Ausdruck und M\u00fcndlicher Ausdruck \u2013 k\u00f6nnen Lernende ihre F\u00e4higkeiten effektiv trainieren&#8230;.<\/p>\n","protected":false},"featured_media":154687,"template":"","meta":{"_acf_changed":false,"inline_featured_image":false},"product_brand":[],"product_cat":[538],"product_tag":[],"series":[{"id":2985,"name":"Tipps und \u00dcbungen","slug":"tipps-und-ubungen"}],"publisher":[{"id":497,"name":"Hueber Verlag","slug":"hueber-verlag"}],"class_list":{"0":"post-154980","1":"product","2":"type-product","3":"status-publish","4":"has-post-thumbnail","6":"product_cat-lehrwerke-fur-erwachsene","7":"series-tipps-und-ubungen","8":"publisher-hueber-verlag","10":"first","11":"instock","12":"taxable","13":"shipping-taxable","14":"purchasable","15":"product-type-simple"},"acf":[],"_links":{"self":[{"href":"https:\/\/exlibris.ee\/ru\/wp-json\/wp\/v2\/product\/154980","targetHints":{"allow":["GET"]}}],"collection":[{"href":"https:\/\/exlibris.ee\/ru\/wp-json\/wp\/v2\/product"}],"about":[{"href":"https:\/\/exlibris.ee\/ru\/wp-json\/wp\/v2\/types\/product"}],"wp:featuredmedia":[{"embeddable":true,"href":"https:\/\/exlibris.ee\/ru\/wp-json\/wp\/v2\/media\/154687"}],"wp:attachment":[{"href":"https:\/\/exlibris.ee\/ru\/wp-json\/wp\/v2\/media?parent=154980"}],"wp:term":[{"taxonomy":"product_brand","embeddable":true,"href":"https:\/\/exlibris.ee\/ru\/wp-json\/wp\/v2\/product_brand?post=154980"},{"taxonomy":"product_cat","embeddable":true,"href":"https:\/\/exlibris.ee\/ru\/wp-json\/wp\/v2\/product_cat?post=154980"},{"taxonomy":"product_tag","embeddable":true,"href":"https:\/\/exlibris.ee\/ru\/wp-json\/wp\/v2\/product_tag?post=154980"},{"taxonomy":"series","embeddable":true,"href":"https:\/\/exlibris.ee\/ru\/wp-json\/wp\/v2\/series?post=154980"},{"taxonomy":"publisher","embeddable":true,"href":"https:\/\/exlibris.ee\/ru\/wp-json\/wp\/v2\/publisher?post=154980"}],"curies":[{"name":"wp","href":"https:\/\/api.w.org\/{rel}","templated":true}]}}