{"id":154982,"date":"2025-04-17T03:33:36","date_gmt":"2025-04-17T00:33:36","guid":{"rendered":"https:\/\/exlibris.ee\/toode\/themen-neu-3-lehrerhandbuch-teil-b\/"},"modified":"2026-04-05T15:30:06","modified_gmt":"2026-04-05T12:30:06","slug":"themen-neu-3-lehrerhandbuch-teil-b","status":"publish","type":"product","link":"https:\/\/exlibris.ee\/ru\/produkt\/themen-neu-3-lehrerhandbuch-teil-b\/","title":{"rendered":"Themen neu 3, Lehrerhandbuch, Teil B"},"content":{"rendered":"<p>Dieses Lehrerhandbuch bietet umfassende methodisch-didaktische Hinweise und praktische Tipps zur Durchf\u00fchrung des Unterrichts mit dem Lehrwerk Themen neu 3. Es enth\u00e4lt detaillierte Erl\u00e4uterungen zu den Lektionen, L\u00f6sungsschl\u00fcssel, Vorschl\u00e4ge f\u00fcr zus\u00e4tzliche Aktivit\u00e4ten sowie Hinweise zur Binnendifferenzierung. Teil B deckt die zweite H\u00e4lfte des Kursbuchs ab und richtet sich an Lehrkr\u00e4fte, die Lernende auf dem Niveau A2 bis B1 begleiten.<\/p>\n","protected":false},"excerpt":{"rendered":"<p>Dieses Lehrerhandbuch bietet umfassende methodisch-didaktische Hinweise und praktische Tipps zur Durchf\u00fchrung des Unterrichts mit dem Lehrwerk Themen neu 3. Es enth\u00e4lt detaillierte Erl\u00e4uterungen zu den Lektionen, L\u00f6sungsschl\u00fcssel, Vorschl\u00e4ge f\u00fcr zus\u00e4tzliche Aktivit\u00e4ten sowie Hinweise zur Binnendifferenzierung. Teil B deckt die zweite&#8230;<\/p>\n","protected":false},"featured_media":154822,"template":"","meta":{"_acf_changed":false,"inline_featured_image":false},"product_brand":[],"product_cat":[538],"product_tag":[],"series":[{"id":2328,"name":"Themen neu","slug":"themen-neu"}],"publisher":[{"id":497,"name":"Hueber Verlag","slug":"hueber-verlag"}],"class_list":{"0":"post-154982","1":"product","2":"type-product","3":"status-publish","4":"has-post-thumbnail","6":"product_cat-lehrwerke-fur-erwachsene","7":"series-themen-neu","8":"publisher-hueber-verlag","10":"first","11":"instock","12":"taxable","13":"shipping-taxable","14":"purchasable","15":"product-type-simple"},"acf":[],"_links":{"self":[{"href":"https:\/\/exlibris.ee\/ru\/wp-json\/wp\/v2\/product\/154982","targetHints":{"allow":["GET"]}}],"collection":[{"href":"https:\/\/exlibris.ee\/ru\/wp-json\/wp\/v2\/product"}],"about":[{"href":"https:\/\/exlibris.ee\/ru\/wp-json\/wp\/v2\/types\/product"}],"wp:featuredmedia":[{"embeddable":true,"href":"https:\/\/exlibris.ee\/ru\/wp-json\/wp\/v2\/media\/154822"}],"wp:attachment":[{"href":"https:\/\/exlibris.ee\/ru\/wp-json\/wp\/v2\/media?parent=154982"}],"wp:term":[{"taxonomy":"product_brand","embeddable":true,"href":"https:\/\/exlibris.ee\/ru\/wp-json\/wp\/v2\/product_brand?post=154982"},{"taxonomy":"product_cat","embeddable":true,"href":"https:\/\/exlibris.ee\/ru\/wp-json\/wp\/v2\/product_cat?post=154982"},{"taxonomy":"product_tag","embeddable":true,"href":"https:\/\/exlibris.ee\/ru\/wp-json\/wp\/v2\/product_tag?post=154982"},{"taxonomy":"series","embeddable":true,"href":"https:\/\/exlibris.ee\/ru\/wp-json\/wp\/v2\/series?post=154982"},{"taxonomy":"publisher","embeddable":true,"href":"https:\/\/exlibris.ee\/ru\/wp-json\/wp\/v2\/publisher?post=154982"}],"curies":[{"name":"wp","href":"https:\/\/api.w.org\/{rel}","templated":true}]}}