{"id":154984,"date":"2025-04-17T03:33:37","date_gmt":"2025-04-17T00:33:37","guid":{"rendered":"https:\/\/exlibris.ee\/toode\/schritte-intensivtrainer-1-und-2-mit-audio-cd\/"},"modified":"2026-04-05T15:31:31","modified_gmt":"2026-04-05T12:31:31","slug":"schritte-intensivtrainer-1-und-2-mit-audio-cd","status":"publish","type":"product","link":"https:\/\/exlibris.ee\/ru\/produkt\/schritte-intensivtrainer-1-und-2-mit-audio-cd\/","title":{"rendered":"Schritte \u2013 Intensivtrainer 1 und 2 mit Audio-CD"},"content":{"rendered":"<p>Der Intensivtrainer erg\u00e4nzt die B\u00e4nde 1 und 2 des Lehrwerks Schritte und bietet vielf\u00e4ltige \u00dcbungen zum gezielten Wiederholen und Vertiefen des Gelernten. Jede Lektion enth\u00e4lt Aufgaben zu Wortschatz, Grammatik, H\u00f6rverstehen und Schreiben. Die beiliegende Audio-CD erm\u00f6glicht zus\u00e4tzlich das eigenst\u00e4ndige Training des H\u00f6rverstehens. Ideal f\u00fcr Kursteilnehmer und Selbstlernende auf dem Niveau A1.<\/p>\n","protected":false},"excerpt":{"rendered":"<p>Der Intensivtrainer erg\u00e4nzt die B\u00e4nde 1 und 2 des Lehrwerks Schritte und bietet vielf\u00e4ltige \u00dcbungen zum gezielten Wiederholen und Vertiefen des Gelernten. Jede Lektion enth\u00e4lt Aufgaben zu Wortschatz, Grammatik, H\u00f6rverstehen und Schreiben. Die beiliegende Audio-CD erm\u00f6glicht zus\u00e4tzlich das eigenst\u00e4ndige Training&#8230;<\/p>\n","protected":false},"featured_media":154690,"template":"","meta":{"_acf_changed":false,"inline_featured_image":false},"product_brand":[],"product_cat":[538],"product_tag":[],"series":[{"id":1344,"name":"Schritte","slug":"schritte"}],"publisher":[{"id":497,"name":"Hueber Verlag","slug":"hueber-verlag"}],"class_list":{"0":"post-154984","1":"product","2":"type-product","3":"status-publish","4":"has-post-thumbnail","6":"product_cat-lehrwerke-fur-erwachsene","7":"series-schritte","8":"publisher-hueber-verlag","10":"first","11":"instock","12":"taxable","13":"shipping-taxable","14":"purchasable","15":"product-type-simple"},"acf":[],"_links":{"self":[{"href":"https:\/\/exlibris.ee\/ru\/wp-json\/wp\/v2\/product\/154984","targetHints":{"allow":["GET"]}}],"collection":[{"href":"https:\/\/exlibris.ee\/ru\/wp-json\/wp\/v2\/product"}],"about":[{"href":"https:\/\/exlibris.ee\/ru\/wp-json\/wp\/v2\/types\/product"}],"wp:featuredmedia":[{"embeddable":true,"href":"https:\/\/exlibris.ee\/ru\/wp-json\/wp\/v2\/media\/154690"}],"wp:attachment":[{"href":"https:\/\/exlibris.ee\/ru\/wp-json\/wp\/v2\/media?parent=154984"}],"wp:term":[{"taxonomy":"product_brand","embeddable":true,"href":"https:\/\/exlibris.ee\/ru\/wp-json\/wp\/v2\/product_brand?post=154984"},{"taxonomy":"product_cat","embeddable":true,"href":"https:\/\/exlibris.ee\/ru\/wp-json\/wp\/v2\/product_cat?post=154984"},{"taxonomy":"product_tag","embeddable":true,"href":"https:\/\/exlibris.ee\/ru\/wp-json\/wp\/v2\/product_tag?post=154984"},{"taxonomy":"series","embeddable":true,"href":"https:\/\/exlibris.ee\/ru\/wp-json\/wp\/v2\/series?post=154984"},{"taxonomy":"publisher","embeddable":true,"href":"https:\/\/exlibris.ee\/ru\/wp-json\/wp\/v2\/publisher?post=154984"}],"curies":[{"name":"wp","href":"https:\/\/api.w.org\/{rel}","templated":true}]}}