{"id":154990,"date":"2025-04-17T03:36:22","date_gmt":"2025-04-17T00:36:22","guid":{"rendered":"https:\/\/exlibris.ee\/toode\/tangram-1b-ubungsheft\/"},"modified":"2026-04-03T09:18:57","modified_gmt":"2026-04-03T06:18:57","slug":"tangram-1b-ubungsheft","status":"publish","type":"product","link":"https:\/\/exlibris.ee\/ru\/produkt\/tangram-1b-ubungsheft\/","title":{"rendered":"Tangram 1B, \u00dcbungsheft"},"content":{"rendered":"<p>Kurzbeschreibung: Tangram &#8212; Vierb\u00e4ndige Ausgabe. Deutsch als Fremdsprache: Tangram, neue Rechtschreibung, 4 Bde., \u00dcbungsheft: Deutsch als Fremdsprache.Abwechslungsreiche Das \u00dcbungsheft enth\u00e4lt Zusatz\u00fcbungen, mit denen die Lernenden den Grammatikstoff einer Lektion selbstst\u00e4ndig wiederholen k\u00f6nnen.<\/p>\n","protected":false},"excerpt":{"rendered":"<p>Kurzbeschreibung: Tangram &#8212; Vierb\u00e4ndige Ausgabe. Deutsch als Fremdsprache: Tangram, neue Rechtschreibung, 4 Bde., \u00dcbungsheft: Deutsch als Fremdsprache.Abwechslungsreiche Das \u00dcbungsheft enth\u00e4lt Zusatz\u00fcbungen, mit denen die Lernenden den Grammatikstoff einer Lektion selbstst\u00e4ndig wiederholen k\u00f6nnen.<\/p>\n","protected":false},"featured_media":154705,"template":"","meta":{"_acf_changed":false,"inline_featured_image":false},"product_brand":[],"product_cat":[538],"product_tag":[],"series":[{"id":1269,"name":"Tangram","slug":"tangram"}],"publisher":[{"id":497,"name":"Hueber Verlag","slug":"hueber-verlag"}],"class_list":{"0":"post-154990","1":"product","2":"type-product","3":"status-publish","4":"has-post-thumbnail","6":"product_cat-lehrwerke-fur-erwachsene","7":"series-tangram","8":"publisher-hueber-verlag","10":"first","11":"instock","12":"taxable","13":"shipping-taxable","14":"purchasable","15":"product-type-simple"},"acf":[],"_links":{"self":[{"href":"https:\/\/exlibris.ee\/ru\/wp-json\/wp\/v2\/product\/154990","targetHints":{"allow":["GET"]}}],"collection":[{"href":"https:\/\/exlibris.ee\/ru\/wp-json\/wp\/v2\/product"}],"about":[{"href":"https:\/\/exlibris.ee\/ru\/wp-json\/wp\/v2\/types\/product"}],"wp:featuredmedia":[{"embeddable":true,"href":"https:\/\/exlibris.ee\/ru\/wp-json\/wp\/v2\/media\/154705"}],"wp:attachment":[{"href":"https:\/\/exlibris.ee\/ru\/wp-json\/wp\/v2\/media?parent=154990"}],"wp:term":[{"taxonomy":"product_brand","embeddable":true,"href":"https:\/\/exlibris.ee\/ru\/wp-json\/wp\/v2\/product_brand?post=154990"},{"taxonomy":"product_cat","embeddable":true,"href":"https:\/\/exlibris.ee\/ru\/wp-json\/wp\/v2\/product_cat?post=154990"},{"taxonomy":"product_tag","embeddable":true,"href":"https:\/\/exlibris.ee\/ru\/wp-json\/wp\/v2\/product_tag?post=154990"},{"taxonomy":"series","embeddable":true,"href":"https:\/\/exlibris.ee\/ru\/wp-json\/wp\/v2\/series?post=154990"},{"taxonomy":"publisher","embeddable":true,"href":"https:\/\/exlibris.ee\/ru\/wp-json\/wp\/v2\/publisher?post=154990"}],"curies":[{"name":"wp","href":"https:\/\/api.w.org\/{rel}","templated":true}]}}