{"id":154992,"date":"2025-04-17T03:36:22","date_gmt":"2025-04-17T00:36:22","guid":{"rendered":"https:\/\/exlibris.ee\/toode\/kikus-arbeitsblatter-fur-die-eltern-kind-zusammenarbeit\/"},"modified":"2026-04-04T03:20:03","modified_gmt":"2026-04-04T00:20:03","slug":"kikus-arbeitsblatter-fur-die-eltern-kind-zusammenarbeit","status":"publish","type":"product","link":"https:\/\/exlibris.ee\/ru\/produkt\/kikus-arbeitsblatter-fur-die-eltern-kind-zusammenarbeit\/","title":{"rendered":"KIKUS Arbeitsbl\u00e4tter \u2013 f\u00fcr die Eltern-Kind-Zusammenarbeit"},"content":{"rendered":"<p>Diese Arbeitsbl\u00e4ttersammlung ist Teil der KIKUS-Materialien zur Sprachf\u00f6rderung Deutsch (+ Erstsprachen) im Vor- und Grundschulalter. Sie wurde praxisnah entwickelt, um die h\u00e4usliche Eltern-Kind-Zusammenarbeit zu unterst\u00fctzen und die Inhalte aus dem Sprachf\u00f6rderkurs zu Hause zu vertiefen.<\/p>\n","protected":false},"excerpt":{"rendered":"<p>Diese Arbeitsbl\u00e4ttersammlung ist Teil der KIKUS-Materialien zur Sprachf\u00f6rderung Deutsch (+ Erstsprachen) im Vor- und Grundschulalter. Sie wurde praxisnah entwickelt, um die h\u00e4usliche Eltern-Kind-Zusammenarbeit zu unterst\u00fctzen und die Inhalte aus dem Sprachf\u00f6rderkurs zu Hause zu vertiefen.<\/p>\n","protected":false},"featured_media":154711,"template":"","meta":{"_acf_changed":false,"inline_featured_image":false},"product_brand":[],"product_cat":[471],"product_tag":[],"series":[{"id":575,"name":"Kikus","slug":"kikus"}],"publisher":[{"id":497,"name":"Hueber Verlag","slug":"hueber-verlag"}],"class_list":{"0":"post-154992","1":"product","2":"type-product","3":"status-publish","4":"has-post-thumbnail","6":"product_cat-lehrwerke-fur-kinder","7":"series-kikus","8":"publisher-hueber-verlag","10":"first","11":"instock","12":"taxable","13":"shipping-taxable","14":"purchasable","15":"product-type-simple"},"acf":[],"_links":{"self":[{"href":"https:\/\/exlibris.ee\/ru\/wp-json\/wp\/v2\/product\/154992","targetHints":{"allow":["GET"]}}],"collection":[{"href":"https:\/\/exlibris.ee\/ru\/wp-json\/wp\/v2\/product"}],"about":[{"href":"https:\/\/exlibris.ee\/ru\/wp-json\/wp\/v2\/types\/product"}],"wp:featuredmedia":[{"embeddable":true,"href":"https:\/\/exlibris.ee\/ru\/wp-json\/wp\/v2\/media\/154711"}],"wp:attachment":[{"href":"https:\/\/exlibris.ee\/ru\/wp-json\/wp\/v2\/media?parent=154992"}],"wp:term":[{"taxonomy":"product_brand","embeddable":true,"href":"https:\/\/exlibris.ee\/ru\/wp-json\/wp\/v2\/product_brand?post=154992"},{"taxonomy":"product_cat","embeddable":true,"href":"https:\/\/exlibris.ee\/ru\/wp-json\/wp\/v2\/product_cat?post=154992"},{"taxonomy":"product_tag","embeddable":true,"href":"https:\/\/exlibris.ee\/ru\/wp-json\/wp\/v2\/product_tag?post=154992"},{"taxonomy":"series","embeddable":true,"href":"https:\/\/exlibris.ee\/ru\/wp-json\/wp\/v2\/series?post=154992"},{"taxonomy":"publisher","embeddable":true,"href":"https:\/\/exlibris.ee\/ru\/wp-json\/wp\/v2\/publisher?post=154992"}],"curies":[{"name":"wp","href":"https:\/\/api.w.org\/{rel}","templated":true}]}}