{"id":155003,"date":"2025-04-17T03:44:23","date_gmt":"2025-04-17T00:44:23","guid":{"rendered":"https:\/\/exlibris.ee\/toode\/schritte-plus-diktate-band-1-4\/"},"modified":"2026-04-05T15:36:05","modified_gmt":"2026-04-05T12:36:05","slug":"schritte-plus-diktate-band-1-4","status":"publish","type":"product","link":"https:\/\/exlibris.ee\/ru\/produkt\/schritte-plus-diktate-band-1-4\/","title":{"rendered":"Schritte Plus, Diktate Band 1 &#8212; 4"},"content":{"rendered":"<p>\u201eSchritte Plus, Diktate Band 1\u20134\u201c ist eine erg\u00e4nzende Sammlung von Diktaten zu den B\u00e4nden 1 bis 4 der beliebten Lehrwerksreihe Schritte Plus. Die Texte sind thematisch und sprachlich auf die jeweiligen Lektionen abgestimmt und dienen der Vertiefung des H\u00f6rverstehens, der Rechtschreibung und der schriftlichen Ausdrucksf\u00e4higkeit. Ideal f\u00fcr den Einsatz im Unterricht oder zum Selbstlernen \u2013 mit praktischen Hinweisen zur Durchf\u00fchrung und L\u00f6sungen zur Selbstkontrolle.<\/p>\n","protected":false},"excerpt":{"rendered":"<p>\u201eSchritte Plus, Diktate Band 1\u20134\u201c ist eine erg\u00e4nzende Sammlung von Diktaten zu den B\u00e4nden 1 bis 4 der beliebten Lehrwerksreihe Schritte Plus. Die Texte sind thematisch und sprachlich auf die jeweiligen Lektionen abgestimmt und dienen der Vertiefung des H\u00f6rverstehens, der&#8230;<\/p>\n","protected":false},"featured_media":154729,"template":"","meta":{"_acf_changed":false,"inline_featured_image":false},"product_brand":[],"product_cat":[538],"product_tag":[],"series":[{"id":1253,"name":"Schritte plus","slug":"schritte-plus"}],"publisher":[{"id":497,"name":"Hueber Verlag","slug":"hueber-verlag"}],"class_list":{"0":"post-155003","1":"product","2":"type-product","3":"status-publish","4":"has-post-thumbnail","6":"product_cat-lehrwerke-fur-erwachsene","7":"series-schritte-plus","8":"publisher-hueber-verlag","10":"first","11":"instock","12":"taxable","13":"shipping-taxable","14":"purchasable","15":"product-type-simple"},"acf":[],"_links":{"self":[{"href":"https:\/\/exlibris.ee\/ru\/wp-json\/wp\/v2\/product\/155003","targetHints":{"allow":["GET"]}}],"collection":[{"href":"https:\/\/exlibris.ee\/ru\/wp-json\/wp\/v2\/product"}],"about":[{"href":"https:\/\/exlibris.ee\/ru\/wp-json\/wp\/v2\/types\/product"}],"wp:featuredmedia":[{"embeddable":true,"href":"https:\/\/exlibris.ee\/ru\/wp-json\/wp\/v2\/media\/154729"}],"wp:attachment":[{"href":"https:\/\/exlibris.ee\/ru\/wp-json\/wp\/v2\/media?parent=155003"}],"wp:term":[{"taxonomy":"product_brand","embeddable":true,"href":"https:\/\/exlibris.ee\/ru\/wp-json\/wp\/v2\/product_brand?post=155003"},{"taxonomy":"product_cat","embeddable":true,"href":"https:\/\/exlibris.ee\/ru\/wp-json\/wp\/v2\/product_cat?post=155003"},{"taxonomy":"product_tag","embeddable":true,"href":"https:\/\/exlibris.ee\/ru\/wp-json\/wp\/v2\/product_tag?post=155003"},{"taxonomy":"series","embeddable":true,"href":"https:\/\/exlibris.ee\/ru\/wp-json\/wp\/v2\/series?post=155003"},{"taxonomy":"publisher","embeddable":true,"href":"https:\/\/exlibris.ee\/ru\/wp-json\/wp\/v2\/publisher?post=155003"}],"curies":[{"name":"wp","href":"https:\/\/api.w.org\/{rel}","templated":true}]}}