{"id":155007,"date":"2025-04-17T03:49:36","date_gmt":"2025-04-17T00:49:36","guid":{"rendered":"https:\/\/exlibris.ee\/toode\/ziel-b2-2-lehrerhandbuch-band-2\/"},"modified":"2026-04-04T05:13:39","modified_gmt":"2026-04-04T02:13:39","slug":"ziel-b2-2-lehrerhandbuch-band-2","status":"publish","type":"product","link":"https:\/\/exlibris.ee\/ru\/produkt\/ziel-b2-2-lehrerhandbuch-band-2\/","title":{"rendered":"Ziel B2\/2, Lehrerhandbuch, Band 2"},"content":{"rendered":"<p>Das Lehrerhandbuch bietet ausf\u00fchrliche Hinweise zum Vorgehen im Unterricht mit methodischen Tipps, Vorschl\u00e4gen zur Binnendifferenzierung und Hinweisen zur Landeskunde und zum Sprachgebrauch. Au\u00dferdem enth\u00e4lt das Lehrerhandbuch die Transkriptionen aller H\u00f6rtexte sowie die L\u00f6sungen zu den Aufgaben im Kursbuch.<\/p>\n","protected":false},"excerpt":{"rendered":"<p>Das Lehrerhandbuch bietet ausf\u00fchrliche Hinweise zum Vorgehen im Unterricht mit methodischen Tipps, Vorschl\u00e4gen zur Binnendifferenzierung und Hinweisen zur Landeskunde und zum Sprachgebrauch. Au\u00dferdem enth\u00e4lt das Lehrerhandbuch die Transkriptionen aller H\u00f6rtexte sowie die L\u00f6sungen zu den Aufgaben im Kursbuch.<\/p>\n","protected":false},"featured_media":154735,"template":"","meta":{"_acf_changed":false,"inline_featured_image":false},"product_brand":[],"product_cat":[538],"product_tag":[],"series":[{"id":2263,"name":"Ziel","slug":"ziel"}],"publisher":[{"id":497,"name":"Hueber Verlag","slug":"hueber-verlag"}],"class_list":{"0":"post-155007","1":"product","2":"type-product","3":"status-publish","4":"has-post-thumbnail","6":"product_cat-lehrwerke-fur-erwachsene","7":"series-ziel","8":"publisher-hueber-verlag","10":"first","11":"instock","12":"taxable","13":"shipping-taxable","14":"purchasable","15":"product-type-simple"},"acf":[],"_links":{"self":[{"href":"https:\/\/exlibris.ee\/ru\/wp-json\/wp\/v2\/product\/155007","targetHints":{"allow":["GET"]}}],"collection":[{"href":"https:\/\/exlibris.ee\/ru\/wp-json\/wp\/v2\/product"}],"about":[{"href":"https:\/\/exlibris.ee\/ru\/wp-json\/wp\/v2\/types\/product"}],"wp:featuredmedia":[{"embeddable":true,"href":"https:\/\/exlibris.ee\/ru\/wp-json\/wp\/v2\/media\/154735"}],"wp:attachment":[{"href":"https:\/\/exlibris.ee\/ru\/wp-json\/wp\/v2\/media?parent=155007"}],"wp:term":[{"taxonomy":"product_brand","embeddable":true,"href":"https:\/\/exlibris.ee\/ru\/wp-json\/wp\/v2\/product_brand?post=155007"},{"taxonomy":"product_cat","embeddable":true,"href":"https:\/\/exlibris.ee\/ru\/wp-json\/wp\/v2\/product_cat?post=155007"},{"taxonomy":"product_tag","embeddable":true,"href":"https:\/\/exlibris.ee\/ru\/wp-json\/wp\/v2\/product_tag?post=155007"},{"taxonomy":"series","embeddable":true,"href":"https:\/\/exlibris.ee\/ru\/wp-json\/wp\/v2\/series?post=155007"},{"taxonomy":"publisher","embeddable":true,"href":"https:\/\/exlibris.ee\/ru\/wp-json\/wp\/v2\/publisher?post=155007"}],"curies":[{"name":"wp","href":"https:\/\/api.w.org\/{rel}","templated":true}]}}