{"id":155008,"date":"2025-04-17T03:49:37","date_gmt":"2025-04-17T00:49:37","guid":{"rendered":"https:\/\/exlibris.ee\/toode\/ziel-b2-2-arbeitsbuch-band-2\/"},"modified":"2026-04-05T17:23:33","modified_gmt":"2026-04-05T14:23:33","slug":"ziel-b2-2-arbeitsbuch-band-2","status":"publish","type":"product","link":"https:\/\/exlibris.ee\/ru\/produkt\/ziel-b2-2-arbeitsbuch-band-2\/","title":{"rendered":"Ziel B2\/2, Arbeitsbuch, Band 2"},"content":{"rendered":"<p>Diese Wortschatzbox ist f\u00fcr Deutschlernende mit englischer, polnischer, spanischer und t\u00fcrkischer Muttersprache konzipiert, , die gezielt die Vokabeln der Niveaustufe A1 \u00fcben oder sich einen Basiswortschatz aneignen m\u00f6chten. Die Box im Karteikastenformat verf\u00fcgt \u00fcber einen Basiswortschatz von rund 1000 Vokabeln und eignet sich zum \u00dcben und Festigen der Vokabeln der Niveaustufe A1. Auf der Vorderseite erh\u00e4lt der Lerner alle wichtigen Informationen zum deutschen Wort (z.B. Stichwort, Aussprache, Konjugationen, Komperativ\/Superlativ etc.) mit einem Beispiel, das die typische Verwendung der Vokabel darstellt und das man um das Stichwort erg\u00e4nzen soll.. Auf der Kartenr\u00fcckseite kann man \u00fcberpr\u00fcfen, ob das Bespiel richtig vervollst\u00e4ndigt wurde. Die Mini-Audio-CD dient als Aussprachetrainer.<\/p>\n","protected":false},"excerpt":{"rendered":"<p>Diese Wortschatzbox ist f\u00fcr Deutschlernende mit englischer, polnischer, spanischer und t\u00fcrkischer Muttersprache konzipiert, , die gezielt die Vokabeln der Niveaustufe A1 \u00fcben oder sich einen Basiswortschatz aneignen m\u00f6chten. Die Box im Karteikastenformat verf\u00fcgt \u00fcber einen Basiswortschatz von rund 1000 Vokabeln&#8230;<\/p>\n","protected":false},"featured_media":154738,"template":"","meta":{"_acf_changed":false,"inline_featured_image":false},"product_brand":[],"product_cat":[538],"product_tag":[],"series":[{"id":2263,"name":"Ziel","slug":"ziel"}],"publisher":[{"id":497,"name":"Hueber Verlag","slug":"hueber-verlag"}],"class_list":{"0":"post-155008","1":"product","2":"type-product","3":"status-publish","4":"has-post-thumbnail","6":"product_cat-lehrwerke-fur-erwachsene","7":"series-ziel","8":"publisher-hueber-verlag","10":"first","11":"instock","12":"taxable","13":"shipping-taxable","14":"purchasable","15":"product-type-simple"},"acf":[],"_links":{"self":[{"href":"https:\/\/exlibris.ee\/ru\/wp-json\/wp\/v2\/product\/155008","targetHints":{"allow":["GET"]}}],"collection":[{"href":"https:\/\/exlibris.ee\/ru\/wp-json\/wp\/v2\/product"}],"about":[{"href":"https:\/\/exlibris.ee\/ru\/wp-json\/wp\/v2\/types\/product"}],"wp:featuredmedia":[{"embeddable":true,"href":"https:\/\/exlibris.ee\/ru\/wp-json\/wp\/v2\/media\/154738"}],"wp:attachment":[{"href":"https:\/\/exlibris.ee\/ru\/wp-json\/wp\/v2\/media?parent=155008"}],"wp:term":[{"taxonomy":"product_brand","embeddable":true,"href":"https:\/\/exlibris.ee\/ru\/wp-json\/wp\/v2\/product_brand?post=155008"},{"taxonomy":"product_cat","embeddable":true,"href":"https:\/\/exlibris.ee\/ru\/wp-json\/wp\/v2\/product_cat?post=155008"},{"taxonomy":"product_tag","embeddable":true,"href":"https:\/\/exlibris.ee\/ru\/wp-json\/wp\/v2\/product_tag?post=155008"},{"taxonomy":"series","embeddable":true,"href":"https:\/\/exlibris.ee\/ru\/wp-json\/wp\/v2\/series?post=155008"},{"taxonomy":"publisher","embeddable":true,"href":"https:\/\/exlibris.ee\/ru\/wp-json\/wp\/v2\/publisher?post=155008"}],"curies":[{"name":"wp","href":"https:\/\/api.w.org\/{rel}","templated":true}]}}