{"id":155014,"date":"2025-04-17T05:49:03","date_gmt":"2025-04-17T02:49:03","guid":{"rendered":"https:\/\/exlibris.ee\/toode\/der-roman\/"},"modified":"2026-04-06T11:14:09","modified_gmt":"2026-04-06T08:14:09","slug":"der-roman","status":"publish","type":"product","link":"https:\/\/exlibris.ee\/ru\/produkt\/der-roman\/","title":{"rendered":"Der Roman"},"content":{"rendered":"<p>Cinzia Medaglia Einstieg in die Literatur durch den Roman Ein Lese- und Arbeitsbuch Der Roman- Einstieg in die Literatur stellt in f\u00fcnf Kapiteln einige Vertreter der wichtigsten Typen des deutschen Romans vor: autobiographische, psychologische, utopische sowie (post)moderne Romane und nat\u00fcrlich die Gattung des Kriminalromans. Die Ausz\u00fcge aus jedem der behandelten Romane vermitteln einen Eindruck von Interesse, Stil und Atmosph\u00e4re der Texte. Eine kurze Einf\u00fchrung erlaubt, den Handlungsverlauf nachzuzeichnen. Aufgaben und Aktivit\u00e4ten helfen beim Verst\u00e4ndnis und bei der Interpretation der Texte . Am Ende jedes Kapitels werden die Lerner mit Hilfe von Informations- und Arbeitsbl\u00e4ttern dazu angeleitet, Typisches und Auff\u00e4lligkeiten von Gattung und Untergattung selbstst\u00e4ndig zu erarbeiten. Die verwendeten Ausz\u00fcge aus den Romanen sind relativ kurz und sprachlich leicht zug\u00e4nglich. Die Lerner werden durch Anleitungen und Erl\u00e4uterungen so weit unterst\u00fctzt, dass Der Roman- Einstieg in die Literatur schon nach zwei Jahren Deutschunterricht an der Oberschule verwendet werden kann. Die Lerner n\u00e4hern sich der Welt des Romans im Zwanzigsten Jahrhundert und damit der Literatur in einer ihrer beliebtesten Formen, ohne umfangreiche Texte im Original lesen zu m\u00fcssen.<\/p>\n","protected":false},"excerpt":{"rendered":"<p>Cinzia Medaglia Einstieg in die Literatur durch den Roman Ein Lese- und Arbeitsbuch Der Roman- Einstieg in die Literatur stellt in f\u00fcnf Kapiteln einige Vertreter der wichtigsten Typen des deutschen Romans vor: autobiographische, psychologische, utopische sowie (post)moderne Romane und nat\u00fcrlich&#8230;<\/p>\n","protected":false},"featured_media":154753,"template":"","meta":{"_acf_changed":false,"inline_featured_image":false},"product_brand":[],"product_cat":[851],"product_tag":[],"series":[],"publisher":[{"id":1584,"name":"Cideb","slug":"cideb"}],"class_list":{"0":"post-155014","1":"product","2":"type-product","3":"status-publish","4":"has-post-thumbnail","6":"product_cat-lesetexte-deutsch","7":"publisher-cideb","9":"first","10":"instock","11":"taxable","12":"shipping-taxable","13":"purchasable","14":"product-type-simple"},"acf":[],"_links":{"self":[{"href":"https:\/\/exlibris.ee\/ru\/wp-json\/wp\/v2\/product\/155014","targetHints":{"allow":["GET"]}}],"collection":[{"href":"https:\/\/exlibris.ee\/ru\/wp-json\/wp\/v2\/product"}],"about":[{"href":"https:\/\/exlibris.ee\/ru\/wp-json\/wp\/v2\/types\/product"}],"wp:featuredmedia":[{"embeddable":true,"href":"https:\/\/exlibris.ee\/ru\/wp-json\/wp\/v2\/media\/154753"}],"wp:attachment":[{"href":"https:\/\/exlibris.ee\/ru\/wp-json\/wp\/v2\/media?parent=155014"}],"wp:term":[{"taxonomy":"product_brand","embeddable":true,"href":"https:\/\/exlibris.ee\/ru\/wp-json\/wp\/v2\/product_brand?post=155014"},{"taxonomy":"product_cat","embeddable":true,"href":"https:\/\/exlibris.ee\/ru\/wp-json\/wp\/v2\/product_cat?post=155014"},{"taxonomy":"product_tag","embeddable":true,"href":"https:\/\/exlibris.ee\/ru\/wp-json\/wp\/v2\/product_tag?post=155014"},{"taxonomy":"series","embeddable":true,"href":"https:\/\/exlibris.ee\/ru\/wp-json\/wp\/v2\/series?post=155014"},{"taxonomy":"publisher","embeddable":true,"href":"https:\/\/exlibris.ee\/ru\/wp-json\/wp\/v2\/publisher?post=155014"}],"curies":[{"name":"wp","href":"https:\/\/api.w.org\/{rel}","templated":true}]}}