{"id":155022,"date":"2025-04-17T05:57:50","date_gmt":"2025-04-17T02:57:50","guid":{"rendered":"https:\/\/exlibris.ee\/toode\/a-vous-la-france-corriges\/"},"modified":"2026-04-05T17:34:46","modified_gmt":"2026-04-05T14:34:46","slug":"a-vous-la-france-corriges","status":"publish","type":"product","link":"https:\/\/exlibris.ee\/ru\/produkt\/a-vous-la-france-corriges\/","title":{"rendered":"\u00c0 vous la France! Corrig\u00e9s"},"content":{"rendered":"<p>\u00c0 vous la France ! Corrig\u00e9s  Ce livret d\u2019accompagnement fournit les corrig\u00e9s de toutes les activit\u00e9s et les transcriptions des exercices d\u2019\u00e9coute du manuel \u00c0 vous la France !. Destin\u00e9 aux enseignants et aux apprenants autonomes, il permet de v\u00e9rifier les r\u00e9ponses et d\u2019approfondir la compr\u00e9hension orale. \u00c0 vous la France ! est un voyage \u00e0 travers la culture, l\u2019histoire, la g\u00e9ographie et les traditions des pays francophones, guid\u00e9 par deux adolescents, Camille et Thomas. Un outil id\u00e9al pour d\u00e9couvrir le monde francophone tout en apprenant le fran\u00e7ais.<\/p>\n","protected":false},"excerpt":{"rendered":"<p>\u00c0 vous la France ! Corrig\u00e9s Ce livret d\u2019accompagnement fournit les corrig\u00e9s de toutes les activit\u00e9s et les transcriptions des exercices d\u2019\u00e9coute du manuel \u00c0 vous la France !. Destin\u00e9 aux enseignants et aux apprenants autonomes, il permet de v\u00e9rifier&#8230;<\/p>\n","protected":false},"featured_media":154768,"template":"","meta":{"_acf_changed":false,"inline_featured_image":false},"product_brand":[],"product_cat":[887],"product_tag":[],"series":[],"publisher":[{"id":1584,"name":"Cideb","slug":"cideb"}],"class_list":{"0":"post-155022","1":"product","2":"type-product","3":"status-publish","4":"has-post-thumbnail","6":"product_cat-prantsuse-keel","7":"publisher-cideb","9":"first","10":"instock","11":"taxable","12":"shipping-taxable","13":"purchasable","14":"product-type-simple"},"acf":[],"_links":{"self":[{"href":"https:\/\/exlibris.ee\/ru\/wp-json\/wp\/v2\/product\/155022","targetHints":{"allow":["GET"]}}],"collection":[{"href":"https:\/\/exlibris.ee\/ru\/wp-json\/wp\/v2\/product"}],"about":[{"href":"https:\/\/exlibris.ee\/ru\/wp-json\/wp\/v2\/types\/product"}],"wp:featuredmedia":[{"embeddable":true,"href":"https:\/\/exlibris.ee\/ru\/wp-json\/wp\/v2\/media\/154768"}],"wp:attachment":[{"href":"https:\/\/exlibris.ee\/ru\/wp-json\/wp\/v2\/media?parent=155022"}],"wp:term":[{"taxonomy":"product_brand","embeddable":true,"href":"https:\/\/exlibris.ee\/ru\/wp-json\/wp\/v2\/product_brand?post=155022"},{"taxonomy":"product_cat","embeddable":true,"href":"https:\/\/exlibris.ee\/ru\/wp-json\/wp\/v2\/product_cat?post=155022"},{"taxonomy":"product_tag","embeddable":true,"href":"https:\/\/exlibris.ee\/ru\/wp-json\/wp\/v2\/product_tag?post=155022"},{"taxonomy":"series","embeddable":true,"href":"https:\/\/exlibris.ee\/ru\/wp-json\/wp\/v2\/series?post=155022"},{"taxonomy":"publisher","embeddable":true,"href":"https:\/\/exlibris.ee\/ru\/wp-json\/wp\/v2\/publisher?post=155022"}],"curies":[{"name":"wp","href":"https:\/\/api.w.org\/{rel}","templated":true}]}}