{"id":155281,"date":"2025-05-23T21:31:31","date_gmt":"2025-05-23T18:31:31","guid":{"rendered":"https:\/\/exlibris.ee\/toode\/tere-jalle-a1-a2-b1-sonakaardid-inglise-keele-baasil\/"},"modified":"2026-04-04T07:15:14","modified_gmt":"2026-04-04T04:15:14","slug":"tere-jalle-a1-a2-b1-sonakaardid-inglise-keele-baasil","status":"publish","type":"product","link":"https:\/\/exlibris.ee\/ru\/produkt\/tere-jalle-a1-a2-b1-sonakaardid-inglise-keele-baasil\/","title":{"rendered":"Tere j\u00e4lle A1-A2 (B1) S\u00f5nakaardid inglise keele baasil"},"content":{"rendered":"<p>Eesti keele \u00f5piku s\u00f5navara p\u00f5hjal valminud s\u00f5nakaardid t\u00e4iskasvanutele inglise keele baasil, tasemele A1-A2. Sobivad nii kursustel kasutamiseks kui ka iseseisvaks \u00f5ppimiseks. Lisamaterjal \u00f5piku \u00abTere j\u00e4lle!\u00bb juurde.<\/p>\n","protected":false},"excerpt":{"rendered":"<p>Eesti keele \u00f5piku s\u00f5navara p\u00f5hjal valminud s\u00f5nakaardid t\u00e4iskasvanutele inglise keele baasil, tasemele A1-A2. Sobivad nii kursustel kasutamiseks kui ka iseseisvaks \u00f5ppimiseks. Lisamaterjal \u00f5piku \u00abTere j\u00e4lle!\u00bb juurde.<\/p>\n","protected":false},"featured_media":155271,"template":"","meta":{"_acf_changed":false,"inline_featured_image":false},"product_brand":[],"product_cat":[686],"product_tag":[],"series":[{"id":3178,"name":"Tere j\u00e4lle","slug":"tere-jalle-2"}],"publisher":[{"id":1084,"name":"Kirjastus Kirjatark","slug":"kirjastus-kirjatark"}],"class_list":{"0":"post-155281","1":"product","2":"type-product","3":"status-publish","4":"has-post-thumbnail","6":"product_cat-sonastikud-ja-vestmikud","7":"series-tere-jalle-2","8":"publisher-kirjastus-kirjatark","10":"first","11":"instock","12":"taxable","13":"shipping-taxable","14":"purchasable","15":"product-type-simple"},"acf":[],"_links":{"self":[{"href":"https:\/\/exlibris.ee\/ru\/wp-json\/wp\/v2\/product\/155281","targetHints":{"allow":["GET"]}}],"collection":[{"href":"https:\/\/exlibris.ee\/ru\/wp-json\/wp\/v2\/product"}],"about":[{"href":"https:\/\/exlibris.ee\/ru\/wp-json\/wp\/v2\/types\/product"}],"wp:featuredmedia":[{"embeddable":true,"href":"https:\/\/exlibris.ee\/ru\/wp-json\/wp\/v2\/media\/155271"}],"wp:attachment":[{"href":"https:\/\/exlibris.ee\/ru\/wp-json\/wp\/v2\/media?parent=155281"}],"wp:term":[{"taxonomy":"product_brand","embeddable":true,"href":"https:\/\/exlibris.ee\/ru\/wp-json\/wp\/v2\/product_brand?post=155281"},{"taxonomy":"product_cat","embeddable":true,"href":"https:\/\/exlibris.ee\/ru\/wp-json\/wp\/v2\/product_cat?post=155281"},{"taxonomy":"product_tag","embeddable":true,"href":"https:\/\/exlibris.ee\/ru\/wp-json\/wp\/v2\/product_tag?post=155281"},{"taxonomy":"series","embeddable":true,"href":"https:\/\/exlibris.ee\/ru\/wp-json\/wp\/v2\/series?post=155281"},{"taxonomy":"publisher","embeddable":true,"href":"https:\/\/exlibris.ee\/ru\/wp-json\/wp\/v2\/publisher?post=155281"}],"curies":[{"name":"wp","href":"https:\/\/api.w.org\/{rel}","templated":true}]}}