{"id":156073,"date":"2025-07-23T21:29:05","date_gmt":"2025-07-23T18:29:05","guid":{"rendered":"https:\/\/exlibris.ee\/toode\/kuu-toob-oo\/"},"modified":"2026-04-07T07:26:46","modified_gmt":"2026-04-07T04:26:46","slug":"kuu-toob-oo","status":"publish","type":"product","link":"https:\/\/exlibris.ee\/ru\/produkt\/kuu-toob-oo\/","title":{"rendered":"Kuu toob \u00f6\u00f6"},"content":{"rendered":"<p>Vahva luuletusega papist raamat toetab h\u00fcgieenirituaalide kinnistamist.<\/p>\n","protected":false},"excerpt":{"rendered":"<p>Vahva luuletusega papist raamat toetab h\u00fcgieenirituaalide kinnistamist.<\/p>\n","protected":false},"featured_media":156061,"template":"","meta":{"_acf_changed":false,"inline_featured_image":false},"product_brand":[],"product_cat":[2410],"product_tag":[],"series":[],"publisher":[{"id":3183,"name":"Lasteraamat MT\u00dc","slug":"lasteraamat-mtu"}],"class_list":{"0":"post-156073","1":"product","2":"type-product","3":"status-publish","4":"has-post-thumbnail","6":"product_cat-rlas-eesti","7":"publisher-lasteraamat-mtu","9":"first","10":"instock","11":"taxable","12":"shipping-taxable","13":"purchasable","14":"product-type-simple"},"acf":[],"_links":{"self":[{"href":"https:\/\/exlibris.ee\/ru\/wp-json\/wp\/v2\/product\/156073","targetHints":{"allow":["GET"]}}],"collection":[{"href":"https:\/\/exlibris.ee\/ru\/wp-json\/wp\/v2\/product"}],"about":[{"href":"https:\/\/exlibris.ee\/ru\/wp-json\/wp\/v2\/types\/product"}],"wp:featuredmedia":[{"embeddable":true,"href":"https:\/\/exlibris.ee\/ru\/wp-json\/wp\/v2\/media\/156061"}],"wp:attachment":[{"href":"https:\/\/exlibris.ee\/ru\/wp-json\/wp\/v2\/media?parent=156073"}],"wp:term":[{"taxonomy":"product_brand","embeddable":true,"href":"https:\/\/exlibris.ee\/ru\/wp-json\/wp\/v2\/product_brand?post=156073"},{"taxonomy":"product_cat","embeddable":true,"href":"https:\/\/exlibris.ee\/ru\/wp-json\/wp\/v2\/product_cat?post=156073"},{"taxonomy":"product_tag","embeddable":true,"href":"https:\/\/exlibris.ee\/ru\/wp-json\/wp\/v2\/product_tag?post=156073"},{"taxonomy":"series","embeddable":true,"href":"https:\/\/exlibris.ee\/ru\/wp-json\/wp\/v2\/series?post=156073"},{"taxonomy":"publisher","embeddable":true,"href":"https:\/\/exlibris.ee\/ru\/wp-json\/wp\/v2\/publisher?post=156073"}],"curies":[{"name":"wp","href":"https:\/\/api.w.org\/{rel}","templated":true}]}}