{"id":156076,"date":"2025-07-23T21:29:05","date_gmt":"2025-07-23T18:29:05","guid":{"rendered":"https:\/\/exlibris.ee\/toode\/vapper-koiott-oskar-audioraamat\/"},"modified":"2026-04-13T09:29:58","modified_gmt":"2026-04-13T06:29:58","slug":"vapper-koiott-oskar-audioraamat","status":"publish","type":"product","link":"https:\/\/exlibris.ee\/ru\/produkt\/vapper-koiott-oskar-audioraamat\/","title":{"rendered":"Vapper koiott Oskar. Audioraamat"},"content":{"rendered":"<p>Audioraamat: 2 CD-d, 2,5 tundi, 30 peat\u00fckki, raamatut loeb Madli Zobel.<br \/>\nOskari seiklused, poiss k\u00e4is indiaanlaste juures minevikus ja tuleb sealt tagasi muutunud poisina. Kuidas l\u00e4heb elu siin maailmas n\u00fc\u00fcd edasi?<\/p>\n","protected":false},"excerpt":{"rendered":"<p>Audioraamat: 2 CD-d, 2,5 tundi, 30 peat\u00fckki, raamatut loeb Madli Zobel. Oskari seiklused, poiss k\u00e4is indiaanlaste juures minevikus ja tuleb sealt tagasi muutunud poisina. Kuidas l\u00e4heb elu siin maailmas n\u00fc\u00fcd edasi?<\/p>\n","protected":false},"featured_media":156052,"template":"","meta":{"_acf_changed":false,"inline_featured_image":false},"product_brand":[],"product_cat":[2410],"product_tag":[],"series":[{"id":3185,"name":"Oskari ajareisid","slug":"oskari-ajareisid"}],"publisher":[{"id":3183,"name":"Lasteraamat MT\u00dc","slug":"lasteraamat-mtu"}],"class_list":{"0":"post-156076","1":"product","2":"type-product","3":"status-publish","4":"has-post-thumbnail","6":"product_cat-rlas-eesti","7":"series-oskari-ajareisid","8":"publisher-lasteraamat-mtu","10":"first","11":"instock","12":"taxable","13":"shipping-taxable","14":"purchasable","15":"product-type-simple"},"acf":[],"_links":{"self":[{"href":"https:\/\/exlibris.ee\/ru\/wp-json\/wp\/v2\/product\/156076","targetHints":{"allow":["GET"]}}],"collection":[{"href":"https:\/\/exlibris.ee\/ru\/wp-json\/wp\/v2\/product"}],"about":[{"href":"https:\/\/exlibris.ee\/ru\/wp-json\/wp\/v2\/types\/product"}],"wp:featuredmedia":[{"embeddable":true,"href":"https:\/\/exlibris.ee\/ru\/wp-json\/wp\/v2\/media\/156052"}],"wp:attachment":[{"href":"https:\/\/exlibris.ee\/ru\/wp-json\/wp\/v2\/media?parent=156076"}],"wp:term":[{"taxonomy":"product_brand","embeddable":true,"href":"https:\/\/exlibris.ee\/ru\/wp-json\/wp\/v2\/product_brand?post=156076"},{"taxonomy":"product_cat","embeddable":true,"href":"https:\/\/exlibris.ee\/ru\/wp-json\/wp\/v2\/product_cat?post=156076"},{"taxonomy":"product_tag","embeddable":true,"href":"https:\/\/exlibris.ee\/ru\/wp-json\/wp\/v2\/product_tag?post=156076"},{"taxonomy":"series","embeddable":true,"href":"https:\/\/exlibris.ee\/ru\/wp-json\/wp\/v2\/series?post=156076"},{"taxonomy":"publisher","embeddable":true,"href":"https:\/\/exlibris.ee\/ru\/wp-json\/wp\/v2\/publisher?post=156076"}],"curies":[{"name":"wp","href":"https:\/\/api.w.org\/{rel}","templated":true}]}}