{"id":156456,"date":"2025-08-19T19:28:14","date_gmt":"2025-08-19T16:28:14","guid":{"rendered":"https:\/\/exlibris.ee\/toode\/1000-sona-rootsi-keeles-piltsonastik\/"},"modified":"2026-04-05T19:38:48","modified_gmt":"2026-04-05T16:38:48","slug":"1000-sona-rootsi-keeles-piltsonastik","status":"publish","type":"product","link":"https:\/\/exlibris.ee\/ru\/produkt\/1000-sona-rootsi-keeles-piltsonastik\/","title":{"rendered":"1000 s\u00f5na rootsi keeles. Pilts\u00f5nastik"},"content":{"rendered":"<p>Keelt on lihtsam \u00f5ppida ja s\u00f5nu meelde j\u00e4tta, kui samal ajal on silme ees \u00f5pitavate s\u00f5nadega seotud humoorikad pildid. Raamatu illustratsioonid kujutavad kodu, linna, kooli, sportimist, hobitegevusi, perekonda ja palju muud. Rootsikeelsetele s\u00f5nadele on lisatud nende ligikaudne h\u00e4\u00e4ldus ja eestikeelsed vasted. Iga teemaploki l\u00f5petab vajalike v\u00e4ljendite paarislehek\u00fclg. Raamatust ei puudu ka s\u00f5nastik.<br \/>\nK\u00e4siraamat sobib nii lastele kui ka t\u00e4iskasvanutele, k\u00f5igile, kes soovivad l\u00f5busas vormis omandada rootsi keele p\u00f5his\u00f5navara.<\/p>\n","protected":false},"excerpt":{"rendered":"<p>Keelt on lihtsam \u00f5ppida ja s\u00f5nu meelde j\u00e4tta, kui samal ajal on silme ees \u00f5pitavate s\u00f5nadega seotud humoorikad pildid. Raamatu illustratsioonid kujutavad kodu, linna, kooli, sportimist, hobitegevusi, perekonda ja palju muud. Rootsikeelsetele s\u00f5nadele on lisatud nende ligikaudne h\u00e4\u00e4ldus ja eestikeelsed&#8230;<\/p>\n","protected":false},"featured_media":156439,"template":"","meta":{"_acf_changed":false,"inline_featured_image":false},"product_brand":[],"product_cat":[892],"product_tag":[],"series":[],"publisher":[{"id":716,"name":"Koolibri","slug":"koolibri"}],"class_list":{"0":"post-156456","1":"product","2":"type-product","3":"status-publish","4":"has-post-thumbnail","6":"product_cat-rootsi-keel","7":"publisher-koolibri","9":"first","10":"instock","11":"taxable","12":"shipping-taxable","13":"purchasable","14":"product-type-simple"},"acf":[],"_links":{"self":[{"href":"https:\/\/exlibris.ee\/ru\/wp-json\/wp\/v2\/product\/156456","targetHints":{"allow":["GET"]}}],"collection":[{"href":"https:\/\/exlibris.ee\/ru\/wp-json\/wp\/v2\/product"}],"about":[{"href":"https:\/\/exlibris.ee\/ru\/wp-json\/wp\/v2\/types\/product"}],"wp:featuredmedia":[{"embeddable":true,"href":"https:\/\/exlibris.ee\/ru\/wp-json\/wp\/v2\/media\/156439"}],"wp:attachment":[{"href":"https:\/\/exlibris.ee\/ru\/wp-json\/wp\/v2\/media?parent=156456"}],"wp:term":[{"taxonomy":"product_brand","embeddable":true,"href":"https:\/\/exlibris.ee\/ru\/wp-json\/wp\/v2\/product_brand?post=156456"},{"taxonomy":"product_cat","embeddable":true,"href":"https:\/\/exlibris.ee\/ru\/wp-json\/wp\/v2\/product_cat?post=156456"},{"taxonomy":"product_tag","embeddable":true,"href":"https:\/\/exlibris.ee\/ru\/wp-json\/wp\/v2\/product_tag?post=156456"},{"taxonomy":"series","embeddable":true,"href":"https:\/\/exlibris.ee\/ru\/wp-json\/wp\/v2\/series?post=156456"},{"taxonomy":"publisher","embeddable":true,"href":"https:\/\/exlibris.ee\/ru\/wp-json\/wp\/v2\/publisher?post=156456"}],"curies":[{"name":"wp","href":"https:\/\/api.w.org\/{rel}","templated":true}]}}