{"id":156457,"date":"2025-08-19T19:28:14","date_gmt":"2025-08-19T16:28:14","guid":{"rendered":"https:\/\/exlibris.ee\/toode\/15-minutit-hispaania-keelt-opi-selgeks-12-nadalaga\/"},"modified":"2026-04-12T15:29:29","modified_gmt":"2026-04-12T12:29:29","slug":"15-minutit-hispaania-keelt-opi-selgeks-12-nadalaga","status":"publish","type":"product","link":"https:\/\/exlibris.ee\/ru\/produkt\/15-minutit-hispaania-keelt-opi-selgeks-12-nadalaga\/","title":{"rendered":"15 minutit hispaania keelt. \u00d5pi selgeks 12 n\u00e4dalaga"},"content":{"rendered":"<p>P\u00fchendades iga p\u00e4ev 15 minutit hispaania keele \u00f5ppimisele, hakkad seda kiiresti m\u00f5istma ja k\u00f5nelema. \u00d5ppimise teeb kergeks ja l\u00f5busaks uudne, visuaalne l\u00e4henemine. Ei kirjutamist ega kodut\u00f6id \u2013 \u00f5ppimisel ja \u00f5pitu kordamisel kasutame kaane tagasip\u00f6\u00f6ratud serva. N\u00e4ited h\u00f5lmavad olulise ja esmavajaliku nii puhkuse kui ka argip\u00e4eva milj\u00f6\u00f6st.<br \/>\nTegemist on populaarse sarja uue kontseptsiooniga. Raamatul on v\u00e4rske kujundus ning kaasas tasuta audio\u00e4pp, mille abil kuuled h\u00e4\u00e4ldust hispaanlaste endi suust.<br \/>\nKerge ja kiire v\u00f5imalus suhtluskeele omandamiseks!<\/p>\n","protected":false},"excerpt":{"rendered":"<p>P\u00fchendades iga p\u00e4ev 15 minutit hispaania keele \u00f5ppimisele, hakkad seda kiiresti m\u00f5istma ja k\u00f5nelema. \u00d5ppimise teeb kergeks ja l\u00f5busaks uudne, visuaalne l\u00e4henemine. Ei kirjutamist ega kodut\u00f6id \u2013 \u00f5ppimisel ja \u00f5pitu kordamisel kasutame kaane tagasip\u00f6\u00f6ratud serva. N\u00e4ited h\u00f5lmavad olulise ja esmavajaliku&#8230;<\/p>\n","protected":false},"featured_media":156442,"template":"","meta":{"_acf_changed":false,"inline_featured_image":false},"product_brand":[],"product_cat":[889],"product_tag":[],"series":[],"publisher":[{"id":716,"name":"Koolibri","slug":"koolibri"}],"class_list":{"0":"post-156457","1":"product","2":"type-product","3":"status-publish","4":"has-post-thumbnail","6":"product_cat-hispaania-keel","7":"publisher-koolibri","9":"first","10":"instock","11":"taxable","12":"shipping-taxable","13":"purchasable","14":"product-type-simple"},"acf":[],"_links":{"self":[{"href":"https:\/\/exlibris.ee\/ru\/wp-json\/wp\/v2\/product\/156457","targetHints":{"allow":["GET"]}}],"collection":[{"href":"https:\/\/exlibris.ee\/ru\/wp-json\/wp\/v2\/product"}],"about":[{"href":"https:\/\/exlibris.ee\/ru\/wp-json\/wp\/v2\/types\/product"}],"wp:featuredmedia":[{"embeddable":true,"href":"https:\/\/exlibris.ee\/ru\/wp-json\/wp\/v2\/media\/156442"}],"wp:attachment":[{"href":"https:\/\/exlibris.ee\/ru\/wp-json\/wp\/v2\/media?parent=156457"}],"wp:term":[{"taxonomy":"product_brand","embeddable":true,"href":"https:\/\/exlibris.ee\/ru\/wp-json\/wp\/v2\/product_brand?post=156457"},{"taxonomy":"product_cat","embeddable":true,"href":"https:\/\/exlibris.ee\/ru\/wp-json\/wp\/v2\/product_cat?post=156457"},{"taxonomy":"product_tag","embeddable":true,"href":"https:\/\/exlibris.ee\/ru\/wp-json\/wp\/v2\/product_tag?post=156457"},{"taxonomy":"series","embeddable":true,"href":"https:\/\/exlibris.ee\/ru\/wp-json\/wp\/v2\/series?post=156457"},{"taxonomy":"publisher","embeddable":true,"href":"https:\/\/exlibris.ee\/ru\/wp-json\/wp\/v2\/publisher?post=156457"}],"curies":[{"name":"wp","href":"https:\/\/api.w.org\/{rel}","templated":true}]}}