{"id":156459,"date":"2025-08-19T19:28:14","date_gmt":"2025-08-19T16:28:14","guid":{"rendered":"https:\/\/exlibris.ee\/toode\/start-estonian-phrasebook-and-dictionary-eesti-keel-vestmik-ja-sonastik\/"},"modified":"2026-04-04T07:15:16","modified_gmt":"2026-04-04T04:15:16","slug":"start-estonian-phrasebook-and-dictionary-eesti-keel-vestmik-ja-sonastik","status":"publish","type":"product","link":"https:\/\/exlibris.ee\/ru\/produkt\/start-estonian-phrasebook-and-dictionary-eesti-keel-vestmik-ja-sonastik\/","title":{"rendered":"START. Estonian Phrasebook and Dictionary. Eesti keel. Vestmik ja s\u00f5nastik"},"content":{"rendered":"<p>The phrasebook contains the most commonly used words and phrases in each of the 15 topics, pronunciation guide, basic grammar rules and illustrations for better understanding. It also includes an English-Estonian and Estonian-English dictionary.<\/p>\n<p>Vestmik sisaldab 15 teemat. Igas teemas on toodud olulisemad s\u00f5nad, kasulikud v\u00e4ljendid ja t\u00e4htsamad n\u00e4itelaused. Teksti ilmestavad pildid. Peat\u00fcki l\u00f5petab grammatikat selgitav rubriik. Vestmikus on ka inglise-eesti ja eesti-inglise s\u00f5nastik.<\/p>\n","protected":false},"excerpt":{"rendered":"<p>The phrasebook contains the most commonly used words and phrases in each of the 15 topics, pronunciation guide, basic grammar rules and illustrations for better understanding. It also includes an English-Estonian and Estonian-English dictionary. Vestmik sisaldab 15 teemat. Igas teemas&#8230;<\/p>\n","protected":false},"featured_media":156430,"template":"","meta":{"_acf_changed":false,"inline_featured_image":false},"product_brand":[],"product_cat":[686],"product_tag":[],"series":[{"id":3188,"name":"START","slug":"start"}],"publisher":[{"id":716,"name":"Koolibri","slug":"koolibri"}],"class_list":{"0":"post-156459","1":"product","2":"type-product","3":"status-publish","4":"has-post-thumbnail","6":"product_cat-sonastikud-ja-vestmikud","7":"series-start","8":"publisher-koolibri","10":"first","11":"instock","12":"taxable","13":"shipping-taxable","14":"purchasable","15":"product-type-simple"},"acf":[],"_links":{"self":[{"href":"https:\/\/exlibris.ee\/ru\/wp-json\/wp\/v2\/product\/156459","targetHints":{"allow":["GET"]}}],"collection":[{"href":"https:\/\/exlibris.ee\/ru\/wp-json\/wp\/v2\/product"}],"about":[{"href":"https:\/\/exlibris.ee\/ru\/wp-json\/wp\/v2\/types\/product"}],"wp:featuredmedia":[{"embeddable":true,"href":"https:\/\/exlibris.ee\/ru\/wp-json\/wp\/v2\/media\/156430"}],"wp:attachment":[{"href":"https:\/\/exlibris.ee\/ru\/wp-json\/wp\/v2\/media?parent=156459"}],"wp:term":[{"taxonomy":"product_brand","embeddable":true,"href":"https:\/\/exlibris.ee\/ru\/wp-json\/wp\/v2\/product_brand?post=156459"},{"taxonomy":"product_cat","embeddable":true,"href":"https:\/\/exlibris.ee\/ru\/wp-json\/wp\/v2\/product_cat?post=156459"},{"taxonomy":"product_tag","embeddable":true,"href":"https:\/\/exlibris.ee\/ru\/wp-json\/wp\/v2\/product_tag?post=156459"},{"taxonomy":"series","embeddable":true,"href":"https:\/\/exlibris.ee\/ru\/wp-json\/wp\/v2\/series?post=156459"},{"taxonomy":"publisher","embeddable":true,"href":"https:\/\/exlibris.ee\/ru\/wp-json\/wp\/v2\/publisher?post=156459"}],"curies":[{"name":"wp","href":"https:\/\/api.w.org\/{rel}","templated":true}]}}